{"id":79622,"date":"2025-07-11T17:09:18","date_gmt":"2025-07-11T14:09:18","guid":{"rendered":"https:\/\/demo8.ecube.lv\/sezona.lv\/products\/mammut-gulammaiss-kompakt-mti-spring-traveller\/"},"modified":"2025-07-14T15:43:16","modified_gmt":"2025-07-14T12:43:16","slug":"mammut-gulammaiss-kompakt-mti-spring-traveller","status":"publish","type":"product","link":"https:\/\/sezona.lv\/en\/products\/mammut-gulammaiss-kompakt-mti-spring-traveller\/","title":{"rendered":"Mammut gu\u013cammaiss Kompakt MTI Spring Traveller"},"content":{"rendered":"<p>\u013boti viegls, kompakts un komfortabls segveida gu\u013cammaiss.<br \/> Augst\u0101k\u0101s kvalit\u0101tes MTI PRO pild\u012bjums nodro&scaron;ina lielisku siltumizol\u0101ciju<br \/> Segveida forma <strong>Svars [g] <\/strong>1290  <strong>R\u0101v\u0113jsl\u0113dz\u0113ja garums [cm] <\/strong>265<strong>Tilpums [l] <\/strong>6,2<strong>Siltin\u0101juma daudzums [g] <\/strong>570<strong>Maksim\u0101lais auguma garums<\/strong> 195 cm<\/p>\n<p><strong>Iek&scaron;\u0113jais garums (EN 13537: 2012)<\/strong> 194 cm<\/p>\n<p><strong>Iek&scaron;\u0113jais platums k\u0101ju zon\u0101 (EN 13537: 2012<\/strong>) 50 cm<\/p>\n<p><strong>Minim\u0101l\u0101 Komforta temperat\u016bras &deg; C (EN 13537: 2012)<\/strong> 1 &deg; C<\/p>\n<p><strong>Ekstrem\u0101l\u0101 temperat\u016bra &deg; C (EN 13537: 2012)<\/strong> -14 &deg; C<\/p>\n<p><strong>Komforta temperat\u016bra &deg; C (EN 13537: 2012)<\/strong> 6 &deg; C<\/p>\n<p><strong>Maksim\u0101lais iek&scaron;\u0113jais platums EN (13537: 2012)<\/strong> 78 cm<\/p>\n<p><strong>Sl\u0101\u0146u skaits<\/strong> 1<\/p>\n<p><strong>Pamat materi\u0101ls<\/strong> 30D Nylon 100% Polyester<\/p>\n<p><strong>Pild\u012bjums <\/strong>Ajungilak MTI PRO 100% Polyester<\/p>\n<p><strong>Oder\u0113juma materi\u0101ls <\/strong>50D Neylon 100% Polyester<\/p>\n","protected":false},"excerpt":{"rendered":"<p>\u013boti viegls, kompakts un komfortabls segveida gu\u013cammaiss. Augst\u0101k\u0101s kvalit\u0101tes MTI PRO pild\u012bjums nodro&scaron;ina lielisku siltumizol\u0101ciju Segveida forma Svars [g] 1290 R\u0101v\u0113jsl\u0113dz\u0113ja garums [cm] 265Tilpums [l] 6,2Siltin\u0101juma daudzums [g] 570Maksim\u0101lais auguma garums 195 cm Iek&scaron;\u0113jais garums (EN 13537: 2012) 194 cm Iek&scaron;\u0113jais platums k\u0101ju zon\u0101 (EN 13537: 2012) 50 cm Minim\u0101l\u0101 Komforta temperat\u016bras &deg; C (EN [&hellip;]<\/p>\n","protected":false},"featured_media":73645,"template":"","meta":[],"product_brand":[3386],"product_cat":[4558,4569,4983],"product_tag":[],"class_list":{"0":"post-79622","1":"product","2":"type-product","3":"status-publish","4":"has-post-thumbnail","6":"product_brand-mammut","7":"product_cat-for-tourism-recreation","8":"product_cat-sleeping-bags-for-tourism-recreation","9":"product_cat-mammut-sleeping-bags-sleeping-bags-for-tourism-recreation","11":"first","12":"instock","13":"shipping-taxable","14":"purchasable","15":"product-type-simple"},"_links":{"self":[{"href":"https:\/\/sezona.lv\/en\/wp-json\/wp\/v2\/product\/79622","targetHints":{"allow":["GET"]}}],"collection":[{"href":"https:\/\/sezona.lv\/en\/wp-json\/wp\/v2\/product"}],"about":[{"href":"https:\/\/sezona.lv\/en\/wp-json\/wp\/v2\/types\/product"}],"wp:featuredmedia":[{"embeddable":true,"href":"https:\/\/sezona.lv\/en\/wp-json\/wp\/v2\/media\/73645"}],"wp:attachment":[{"href":"https:\/\/sezona.lv\/en\/wp-json\/wp\/v2\/media?parent=79622"}],"wp:term":[{"taxonomy":"product_brand","embeddable":true,"href":"https:\/\/sezona.lv\/en\/wp-json\/wp\/v2\/product_brand?post=79622"},{"taxonomy":"product_cat","embeddable":true,"href":"https:\/\/sezona.lv\/en\/wp-json\/wp\/v2\/product_cat?post=79622"},{"taxonomy":"product_tag","embeddable":true,"href":"https:\/\/sezona.lv\/en\/wp-json\/wp\/v2\/product_tag?post=79622"}],"curies":[{"name":"wp","href":"https:\/\/api.w.org\/{rel}","templated":true}]}}