{"id":79623,"date":"2025-07-14T15:43:17","date_gmt":"2025-07-14T12:43:17","guid":{"rendered":"https:\/\/demo8.ecube.lv\/sezona.lv\/products\/mammut-gulammaiss-denali-exp-200\/"},"modified":"2025-07-14T15:43:17","modified_gmt":"2025-07-14T12:43:17","slug":"mammut-gulammaiss-denali-exp-200","status":"publish","type":"product","link":"https:\/\/sezona.lv\/en\/products\/mammut-gulammaiss-denali-exp-200\/","title":{"rendered":"Mammut gu\u013cammaiss Denali Exp 200"},"content":{"rendered":"<p><p>&Scaron;is sint\u0113tiskais gu\u013cammaiss no eksped\u012bciju s\u0113rijas nodro&scaron;ina  ekselentu aizsardz\u012bbu visskarb\u0101kajos apst\u0101k\u013cos, kas silda ari mitrum\u0101.  ShelterTX \u0101r\u0113jais materi\u0101ls ar \u016bdensiztur\u012bgu, bet elpojo&scaron;u membr\u0101nu  nodro&scaron;ina aizsardz\u012bbu pret lietu un sniegu; speci\u0101l\u0101 kameru uzb\u016bve  ne\u013cauj d\u016bn\u0101m sakristies, t\u0101 ne\u013caujot izveidoties atsevi&scaron;\u0137\u0101m aukstuma  zon\u0101m; speci\u0101l\u0101 uzb\u016bve nodro&scaron;ina ekselentu aizsardz\u012bbu, tai pa&scaron;\u0101 laik\u0101  noturot minim\u0101lu svaru; \u012bpa&scaron;i liela siltumizol\u0101cija k\u0101ju da\u013c\u0101; Hot Head  Hood sist\u0113ma nodro&scaron;ina nepiecie&scaron;amo siltumu galvai, k\u0101 ar\u012b pilnu  redzam\u012bbu ar aizv\u0113rtu kapuci; unik\u0101lais Face Protector aizsarg\u0101 seju no  v\u0113ja.<br \/> R\u0101v\u0113jsl\u0113dz\u0113ja garums: 90 cm<br \/> Max. augums: 200 cm<br \/> Komf. t&deg;: -32&deg; C<br \/> Pild\u012bjums: MTI Endrurance<br \/> Tilpums: 20.1 L<br \/> Pild\u012bjuma svars: 2560 g<\/p>\n<p>&nbsp;<\/p>\n<p>Svars: 3650 g<\/p>\n<\/p>\n<p>&nbsp;<\/p>\n","protected":false},"excerpt":{"rendered":"<p>&Scaron;is sint\u0113tiskais gu\u013cammaiss no eksped\u012bciju s\u0113rijas nodro&scaron;ina ekselentu aizsardz\u012bbu visskarb\u0101kajos apst\u0101k\u013cos, kas silda ari mitrum\u0101. ShelterTX \u0101r\u0113jais materi\u0101ls ar \u016bdensiztur\u012bgu, bet elpojo&scaron;u membr\u0101nu nodro&scaron;ina aizsardz\u012bbu pret lietu un sniegu; speci\u0101l\u0101 kameru uzb\u016bve ne\u013cauj d\u016bn\u0101m sakristies, t\u0101 ne\u013caujot izveidoties atsevi&scaron;\u0137\u0101m aukstuma zon\u0101m; speci\u0101l\u0101 uzb\u016bve nodro&scaron;ina ekselentu aizsardz\u012bbu, tai pa&scaron;\u0101 laik\u0101 noturot minim\u0101lu svaru; \u012bpa&scaron;i liela siltumizol\u0101cija [&hellip;]<\/p>\n","protected":false},"featured_media":0,"template":"","meta":[],"product_brand":[3386],"product_cat":[4558,4569,4640,4983],"product_tag":[],"class_list":{"0":"post-79623","1":"product","2":"type-product","3":"status-publish","5":"product_brand-mammut","6":"product_cat-for-tourism-recreation","7":"product_cat-sleeping-bags-for-tourism-recreation","8":"product_cat-recreation","9":"product_cat-mammut-sleeping-bags-sleeping-bags-for-tourism-recreation","11":"first","12":"instock","13":"shipping-taxable","14":"purchasable","15":"product-type-simple"},"_links":{"self":[{"href":"https:\/\/sezona.lv\/en\/wp-json\/wp\/v2\/product\/79623","targetHints":{"allow":["GET"]}}],"collection":[{"href":"https:\/\/sezona.lv\/en\/wp-json\/wp\/v2\/product"}],"about":[{"href":"https:\/\/sezona.lv\/en\/wp-json\/wp\/v2\/types\/product"}],"wp:attachment":[{"href":"https:\/\/sezona.lv\/en\/wp-json\/wp\/v2\/media?parent=79623"}],"wp:term":[{"taxonomy":"product_brand","embeddable":true,"href":"https:\/\/sezona.lv\/en\/wp-json\/wp\/v2\/product_brand?post=79623"},{"taxonomy":"product_cat","embeddable":true,"href":"https:\/\/sezona.lv\/en\/wp-json\/wp\/v2\/product_cat?post=79623"},{"taxonomy":"product_tag","embeddable":true,"href":"https:\/\/sezona.lv\/en\/wp-json\/wp\/v2\/product_tag?post=79623"}],"curies":[{"name":"wp","href":"https:\/\/api.w.org\/{rel}","templated":true}]}}