{"id":79624,"date":"2025-07-14T15:43:17","date_gmt":"2025-07-14T12:43:17","guid":{"rendered":"https:\/\/demo8.ecube.lv\/sezona.lv\/products\/thermarest-mantu-maiss-stuffsack-pillow-l\/"},"modified":"2025-07-14T15:43:17","modified_gmt":"2025-07-14T12:43:17","slug":"thermarest-mantu-maiss-stuffsack-pillow-l","status":"publish","type":"product","link":"https:\/\/sezona.lv\/en\/products\/thermarest-mantu-maiss-stuffsack-pillow-l\/","title":{"rendered":"Thermarest mantu maiss Stuffsack Pillow L"},"content":{"rendered":"<div class=\"rte\">\n<div class=\"rte\">\n<div class=\"rte\">\n<div class=\"rte\">\n<p>Viegls mantu maiss, ko var izmantot k\u0101 spilvenu. Iek&scaron;pus\u0113 odere no  fl\u012b&scaron;a materi\u0101la. Saliec iek&scaron;\u0101 dr\u0113bes un izmanto k\u0101 m\u012bkstu spilvenu.<\/p>\n<p>&nbsp;<\/p>\n<p><em>Svars &ndash; 77 g<\/em><\/p>\n<p><em>Platums &ndash; 20 cm<\/em><\/p>\n<p><em>Augstums &ndash; &nbsp;43 cm<\/em><\/p>\n<\/div>\n<\/div>\n<\/div>\n<\/div>\n","protected":false},"excerpt":{"rendered":"<p>Viegls mantu maiss, ko var izmantot k\u0101 spilvenu. Iek&scaron;pus\u0113 odere no fl\u012b&scaron;a materi\u0101la. Saliec iek&scaron;\u0101 dr\u0113bes un izmanto k\u0101 m\u012bkstu spilvenu. &nbsp; Svars &ndash; 77 g Platums &ndash; 20 cm Augstums &ndash; &nbsp;43 cm<\/p>\n","protected":false},"featured_media":0,"template":"","meta":[],"product_brand":[3434],"product_cat":[4558,4569,4640,4979],"product_tag":[],"class_list":{"0":"post-79624","1":"product","2":"type-product","3":"status-publish","5":"product_brand-therm-a-rest","6":"product_cat-for-tourism-recreation","7":"product_cat-sleeping-bags-for-tourism-recreation","8":"product_cat-recreation","9":"product_cat-pillows-sleeping-bags-for-tourism-recreation","11":"first","12":"instock","13":"shipping-taxable","14":"purchasable","15":"product-type-simple"},"_links":{"self":[{"href":"https:\/\/sezona.lv\/en\/wp-json\/wp\/v2\/product\/79624","targetHints":{"allow":["GET"]}}],"collection":[{"href":"https:\/\/sezona.lv\/en\/wp-json\/wp\/v2\/product"}],"about":[{"href":"https:\/\/sezona.lv\/en\/wp-json\/wp\/v2\/types\/product"}],"wp:attachment":[{"href":"https:\/\/sezona.lv\/en\/wp-json\/wp\/v2\/media?parent=79624"}],"wp:term":[{"taxonomy":"product_brand","embeddable":true,"href":"https:\/\/sezona.lv\/en\/wp-json\/wp\/v2\/product_brand?post=79624"},{"taxonomy":"product_cat","embeddable":true,"href":"https:\/\/sezona.lv\/en\/wp-json\/wp\/v2\/product_cat?post=79624"},{"taxonomy":"product_tag","embeddable":true,"href":"https:\/\/sezona.lv\/en\/wp-json\/wp\/v2\/product_tag?post=79624"}],"curies":[{"name":"wp","href":"https:\/\/api.w.org\/{rel}","templated":true}]}}