{"id":79625,"date":"2025-07-11T17:09:21","date_gmt":"2025-07-11T14:09:21","guid":{"rendered":"https:\/\/demo8.ecube.lv\/sezona.lv\/products\/mammut-gulammaisa-virsvalks-grevling-emt-bivi-bag\/"},"modified":"2025-07-14T15:43:18","modified_gmt":"2025-07-14T12:43:18","slug":"mammut-gulammaisa-virsvalks-grevling-emt-bivi-bag","status":"publish","type":"product","link":"https:\/\/sezona.lv\/en\/products\/mammut-gulammaisa-virsvalks-grevling-emt-bivi-bag\/","title":{"rendered":"Mammut gu\u013cammaisa virsvalks Grevling EMT Bivi bag"},"content":{"rendered":"<p><p>Bivi bag jeb gu\u013cammaisa elpojo&scaron;s neilona virsvalks &ndash; pasarg\u0101s j\u016bs un gu\u013cammaisu no lietus, net\u012brumiem un dzirkstel\u0113m.<\/p>\n<p>Materi\u0101ls: 50% kokvilna, 50% poliesters.<\/p>\n<p>Svars: 340 g<\/p><\/p>\n","protected":false},"excerpt":{"rendered":"<p>Bivi bag jeb gu\u013cammaisa elpojo&scaron;s neilona virsvalks &ndash; pasarg\u0101s j\u016bs un gu\u013cammaisu no lietus, net\u012brumiem un dzirkstel\u0113m. Materi\u0101ls: 50% kokvilna, 50% poliesters. Svars: 340 g<\/p>\n","protected":false},"featured_media":73654,"template":"","meta":[],"product_brand":[3386],"product_cat":[4558,4569,4983],"product_tag":[],"class_list":{"0":"post-79625","1":"product","2":"type-product","3":"status-publish","4":"has-post-thumbnail","6":"product_brand-mammut","7":"product_cat-for-tourism-recreation","8":"product_cat-sleeping-bags-for-tourism-recreation","9":"product_cat-mammut-sleeping-bags-sleeping-bags-for-tourism-recreation","11":"first","12":"instock","13":"shipping-taxable","14":"purchasable","15":"product-type-simple"},"_links":{"self":[{"href":"https:\/\/sezona.lv\/en\/wp-json\/wp\/v2\/product\/79625","targetHints":{"allow":["GET"]}}],"collection":[{"href":"https:\/\/sezona.lv\/en\/wp-json\/wp\/v2\/product"}],"about":[{"href":"https:\/\/sezona.lv\/en\/wp-json\/wp\/v2\/types\/product"}],"wp:featuredmedia":[{"embeddable":true,"href":"https:\/\/sezona.lv\/en\/wp-json\/wp\/v2\/media\/73654"}],"wp:attachment":[{"href":"https:\/\/sezona.lv\/en\/wp-json\/wp\/v2\/media?parent=79625"}],"wp:term":[{"taxonomy":"product_brand","embeddable":true,"href":"https:\/\/sezona.lv\/en\/wp-json\/wp\/v2\/product_brand?post=79625"},{"taxonomy":"product_cat","embeddable":true,"href":"https:\/\/sezona.lv\/en\/wp-json\/wp\/v2\/product_cat?post=79625"},{"taxonomy":"product_tag","embeddable":true,"href":"https:\/\/sezona.lv\/en\/wp-json\/wp\/v2\/product_tag?post=79625"}],"curies":[{"name":"wp","href":"https:\/\/api.w.org\/{rel}","templated":true}]}}