{"id":79626,"date":"2025-07-14T15:43:19","date_gmt":"2025-07-14T12:43:19","guid":{"rendered":"https:\/\/demo8.ecube.lv\/sezona.lv\/products\/msr-telts-access-3-three-person-four-season\/"},"modified":"2025-07-14T15:43:19","modified_gmt":"2025-07-14T12:43:19","slug":"msr-telts-access-3-three-person-four-season","status":"publish","type":"product","link":"https:\/\/sezona.lv\/en\/products\/msr-telts-access-3-three-person-four-season\/","title":{"rendered":"MSR telts Access\u2122 3 Three-Person, Four-Season"},"content":{"rendered":"<p><em>\u010cetru sezonu telts. Br\u012bvi st\u0101vo&scaron;a.<br \/> Tr\u012bs personu telts.<br \/> Tenta materi\u0101ls: 20D ripstop nylon 1200mm Durashield<br \/> Iek&scaron;\u0113j\u0101s telts materi\u0101ls: 20D ripstop nylon &amp; DWR un 10D polyester micro-mesh<br \/> Gr\u012bdas materi\u0101ls: 30D ripstop nylon 3000mm Durashield<br \/> Pilna komplekta svars: 2,30 kg<br \/> Iepakojuma izm\u0113rs: 53 x 17 cm<br \/> Telts gr\u012bdas laukums: 3,8 m2<br \/> Vestibila laukums: 1,62 m2<br \/> Karkasa loku materi\u0101ls: Easton&reg; Syclone&trade; Poles<br \/> Ieeju skaits: 2<\/em><\/p>\n","protected":false},"excerpt":{"rendered":"<p>\u010cetru sezonu telts. Br\u012bvi st\u0101vo&scaron;a. Tr\u012bs personu telts. Tenta materi\u0101ls: 20D ripstop nylon 1200mm Durashield Iek&scaron;\u0113j\u0101s telts materi\u0101ls: 20D ripstop nylon &amp; DWR un 10D polyester micro-mesh Gr\u012bdas materi\u0101ls: 30D ripstop nylon 3000mm Durashield Pilna komplekta svars: 2,30 kg Iepakojuma izm\u0113rs: 53 x 17 cm Telts gr\u012bdas laukums: 3,8 m2 Vestibila laukums: 1,62 m2 Karkasa [&hellip;]<\/p>\n","protected":false},"featured_media":0,"template":"","meta":[],"product_brand":[],"product_cat":[4558,4568,4640],"product_tag":[],"class_list":{"0":"post-79626","1":"product","2":"type-product","3":"status-publish","5":"product_cat-for-tourism-recreation","6":"product_cat-tents-for-tourism-recreation","7":"product_cat-recreation","9":"first","10":"instock","11":"shipping-taxable","12":"purchasable","13":"product-type-simple"},"_links":{"self":[{"href":"https:\/\/sezona.lv\/en\/wp-json\/wp\/v2\/product\/79626","targetHints":{"allow":["GET"]}}],"collection":[{"href":"https:\/\/sezona.lv\/en\/wp-json\/wp\/v2\/product"}],"about":[{"href":"https:\/\/sezona.lv\/en\/wp-json\/wp\/v2\/types\/product"}],"wp:attachment":[{"href":"https:\/\/sezona.lv\/en\/wp-json\/wp\/v2\/media?parent=79626"}],"wp:term":[{"taxonomy":"product_brand","embeddable":true,"href":"https:\/\/sezona.lv\/en\/wp-json\/wp\/v2\/product_brand?post=79626"},{"taxonomy":"product_cat","embeddable":true,"href":"https:\/\/sezona.lv\/en\/wp-json\/wp\/v2\/product_cat?post=79626"},{"taxonomy":"product_tag","embeddable":true,"href":"https:\/\/sezona.lv\/en\/wp-json\/wp\/v2\/product_tag?post=79626"}],"curies":[{"name":"wp","href":"https:\/\/api.w.org\/{rel}","templated":true}]}}