{"id":79627,"date":"2025-07-14T15:43:20","date_gmt":"2025-07-14T12:43:20","guid":{"rendered":"https:\/\/demo8.ecube.lv\/sezona.lv\/products\/msr-telts-access-1-ultralight-four-season\/"},"modified":"2025-07-14T15:43:20","modified_gmt":"2025-07-14T12:43:20","slug":"msr-telts-access-1-ultralight-four-season","status":"publish","type":"product","link":"https:\/\/sezona.lv\/en\/products\/msr-telts-access-1-ultralight-four-season\/","title":{"rendered":"MSR telts Access\u2122 1 Ultralight, Four-Season"},"content":{"rendered":"<p>\u010cetru sezonu telts. Br\u012bvi st\u0101vo&scaron;a.<br \/> Vienas personas telts.<br \/> Tenta materi\u0101ls: 20D ripstop nylon 1200mm Durashield<br \/> Iek&scaron;\u0113j\u0101s telts materi\u0101ls: 20D ripstop nylon &amp; DWR un 10D polyester micro-mesh<br \/> Gr\u012bdas materi\u0101ls: 30D ripstop nylon 3000mm Durashield<br \/> Pilna komplekta svars: 1,60 kg<br \/> Iepakojuma izm\u0113rs: 46 x 15 cm<br \/> Telts gr\u012bdas laukums: 1,76 m2<br \/> Vestibila laukums: 0,23 m2<br \/> Karkasa loku materi\u0101ls: Easton&reg; Syclone&trade; Poles<br \/> Ieeju skaits: 2<\/p>\n","protected":false},"excerpt":{"rendered":"<p>\u010cetru sezonu telts. Br\u012bvi st\u0101vo&scaron;a. Vienas personas telts. Tenta materi\u0101ls: 20D ripstop nylon 1200mm Durashield Iek&scaron;\u0113j\u0101s telts materi\u0101ls: 20D ripstop nylon &amp; DWR un 10D polyester micro-mesh Gr\u012bdas materi\u0101ls: 30D ripstop nylon 3000mm Durashield Pilna komplekta svars: 1,60 kg Iepakojuma izm\u0113rs: 46 x 15 cm Telts gr\u012bdas laukums: 1,76 m2 Vestibila laukums: 0,23 m2 Karkasa [&hellip;]<\/p>\n","protected":false},"featured_media":0,"template":"","meta":[],"product_brand":[],"product_cat":[4558,4568,4640],"product_tag":[],"class_list":{"0":"post-79627","1":"product","2":"type-product","3":"status-publish","5":"product_cat-for-tourism-recreation","6":"product_cat-tents-for-tourism-recreation","7":"product_cat-recreation","9":"first","10":"instock","11":"shipping-taxable","12":"purchasable","13":"product-type-simple"},"_links":{"self":[{"href":"https:\/\/sezona.lv\/en\/wp-json\/wp\/v2\/product\/79627","targetHints":{"allow":["GET"]}}],"collection":[{"href":"https:\/\/sezona.lv\/en\/wp-json\/wp\/v2\/product"}],"about":[{"href":"https:\/\/sezona.lv\/en\/wp-json\/wp\/v2\/types\/product"}],"wp:attachment":[{"href":"https:\/\/sezona.lv\/en\/wp-json\/wp\/v2\/media?parent=79627"}],"wp:term":[{"taxonomy":"product_brand","embeddable":true,"href":"https:\/\/sezona.lv\/en\/wp-json\/wp\/v2\/product_brand?post=79627"},{"taxonomy":"product_cat","embeddable":true,"href":"https:\/\/sezona.lv\/en\/wp-json\/wp\/v2\/product_cat?post=79627"},{"taxonomy":"product_tag","embeddable":true,"href":"https:\/\/sezona.lv\/en\/wp-json\/wp\/v2\/product_tag?post=79627"}],"curies":[{"name":"wp","href":"https:\/\/api.w.org\/{rel}","templated":true}]}}