{"id":79629,"date":"2025-07-11T17:09:28","date_gmt":"2025-07-11T14:09:28","guid":{"rendered":"https:\/\/demo8.ecube.lv\/sezona.lv\/products\/ferrino-telts-pumori-3\/"},"modified":"2025-07-14T15:43:22","modified_gmt":"2025-07-14T12:43:22","slug":"ferrino-telts-pumori-3","status":"publish","type":"product","link":"https:\/\/sezona.lv\/en\/products\/ferrino-telts-pumori-3\/","title":{"rendered":"Ferrino telts Pumori 3"},"content":{"rendered":"<table border=\"0\" cellspacing=\"0\" cellpadding=\"0\" width=\"314\">\n<tbody>\n<tr>\n<td class=\"xl68\" width=\"314\" height=\"124\">\u010cetrsezonu  telts ar pretsniega &ldquo;sv\u0101rci\u0146iem&rdquo;, duralum\u012bnija lokiem un pastiprin\u0101jumu  loku v\u0101j\u0101kajos punktos, l\u012bm\u0113t\u0101m &scaron;uv\u0113m,mosk\u012btu sieti\u0146u ieejas atv\u0113rum\u0101,  negaisa dro&scaron;u ventil\u0101ciju, atstarojo&scaron;\u0101m aukl\u0101m, iek&scaron;\u0113j\u0101s kabatas, \u0101\u0137\u012btis  lukturim, un ar remontkomplektu.<\/td>\n<\/tr>\n<tr>\n<td class=\"xl68\" width=\"314\" height=\"21\"><\/td>\n<\/tr>\n<tr>\n<td class=\"xl68\" width=\"314\" height=\"21\">&nbsp;Svars: 3750 g<\/td>\n<\/tr>\n<tr>\n<td class=\"xl68\" width=\"314\" height=\"21\">\u016adensiztur\u012bba: 3000 mm<\/td>\n<\/tr>\n<tr>\n<td class=\"xl67\" height=\"21\">\u016adensiztur\u012bba gr\u012bdai: 4000 mm<\/td>\n<\/tr>\n<tr>\n<td class=\"xl67\" height=\"21\">Iek&scaron;\u0113jie izm\u0113ri: 160x210x120 cm<\/td>\n<\/tr>\n<tr>\n<td class=\"xl67\" height=\"21\">\u0100r\u0113jie izm\u0113ri: 280x210x120 cm<\/td>\n<\/tr>\n<tr>\n<td class=\"xl67\" height=\"21\">Iepakojuma izm\u0113rs: 42&times;18 cm<\/td>\n<\/tr>\n<\/tbody>\n<\/table>\n<p>&nbsp;<\/p>\n","protected":false},"excerpt":{"rendered":"<p>\u010cetrsezonu telts ar pretsniega &ldquo;sv\u0101rci\u0146iem&rdquo;, duralum\u012bnija lokiem un pastiprin\u0101jumu loku v\u0101j\u0101kajos punktos, l\u012bm\u0113t\u0101m &scaron;uv\u0113m,mosk\u012btu sieti\u0146u ieejas atv\u0113rum\u0101, negaisa dro&scaron;u ventil\u0101ciju, atstarojo&scaron;\u0101m aukl\u0101m, iek&scaron;\u0113j\u0101s kabatas, \u0101\u0137\u012btis lukturim, un ar remontkomplektu. &nbsp;Svars: 3750 g \u016adensiztur\u012bba: 3000 mm \u016adensiztur\u012bba gr\u012bdai: 4000 mm Iek&scaron;\u0113jie izm\u0113ri: 160x210x120 cm \u0100r\u0113jie izm\u0113ri: 280x210x120 cm Iepakojuma izm\u0113rs: 42&times;18 cm &nbsp;<\/p>\n","protected":false},"featured_media":73657,"template":"","meta":[],"product_brand":[],"product_cat":[4558,4568],"product_tag":[],"class_list":{"0":"post-79629","1":"product","2":"type-product","3":"status-publish","4":"has-post-thumbnail","6":"product_cat-for-tourism-recreation","7":"product_cat-tents-for-tourism-recreation","9":"first","10":"instock","11":"shipping-taxable","12":"purchasable","13":"product-type-simple"},"_links":{"self":[{"href":"https:\/\/sezona.lv\/en\/wp-json\/wp\/v2\/product\/79629","targetHints":{"allow":["GET"]}}],"collection":[{"href":"https:\/\/sezona.lv\/en\/wp-json\/wp\/v2\/product"}],"about":[{"href":"https:\/\/sezona.lv\/en\/wp-json\/wp\/v2\/types\/product"}],"wp:featuredmedia":[{"embeddable":true,"href":"https:\/\/sezona.lv\/en\/wp-json\/wp\/v2\/media\/73657"}],"wp:attachment":[{"href":"https:\/\/sezona.lv\/en\/wp-json\/wp\/v2\/media?parent=79629"}],"wp:term":[{"taxonomy":"product_brand","embeddable":true,"href":"https:\/\/sezona.lv\/en\/wp-json\/wp\/v2\/product_brand?post=79629"},{"taxonomy":"product_cat","embeddable":true,"href":"https:\/\/sezona.lv\/en\/wp-json\/wp\/v2\/product_cat?post=79629"},{"taxonomy":"product_tag","embeddable":true,"href":"https:\/\/sezona.lv\/en\/wp-json\/wp\/v2\/product_tag?post=79629"}],"curies":[{"name":"wp","href":"https:\/\/api.w.org\/{rel}","templated":true}]}}