{"id":79630,"date":"2025-07-14T15:43:23","date_gmt":"2025-07-14T12:43:23","guid":{"rendered":"https:\/\/demo8.ecube.lv\/sezona.lv\/products\/coleman-telts-rocky-mountain-5-plus\/"},"modified":"2025-07-14T15:43:23","modified_gmt":"2025-07-14T12:43:23","slug":"coleman-telts-rocky-mountain-5-plus","status":"publish","type":"product","link":"https:\/\/sezona.lv\/en\/products\/coleman-telts-rocky-mountain-5-plus\/","title":{"rendered":"Coleman telts Rocky Mountain 5 Plus"},"content":{"rendered":"<p>Pla&scaron;a piec\u0101m person\u0101m telts, kas piem\u0113rota nak&scaron;\u0146o&scaron;anai kemping\u0101.  Teltij ir pla&scaron;a ieeja un ventil\u0101cijas atvere jumta da\u013c\u0101. T\u0101 ir viegli  uzslienama un nojaucama (pirm\u0101 uzslienama iek&scaron;\u0113j\u0101 telts).<\/p>\n<p>Specifik\u0101cija<\/p>\n<p><em>Vietu skaits: 5 persons<\/em><\/p>\n<p><em>Izstabu skaits: 2<br \/> <\/em><\/p>\n<p><em>Telts izm\u0113ri:480&times;310&times;195<\/em><\/p>\n<p><em>Telts loki: Fibreglass<\/em><\/p>\n<p><em>Gr\u012bdas materi\u0101ls: PE<br \/> <\/em><\/p>\n<p><em>\u0100r\u0113jais materi\u0101ls: PU coated<\/em><\/p>\n<p><em>&Scaron;uves: L\u012bm\u0113t\u0101s &scaron;uves<\/em><\/p>\n<p><em>Iepakojuma izm\u0113ri: 73 x 30 x 30cm<\/em><\/p>\n<p><em>Svars: 15,8kg<\/em><\/p>\n<p><em>Udens iztur\u012bba: 4500mm<\/em><\/p>\n<p>&ldquo;Blackout&rdquo; materi\u0101ls nodro&scaron;ina gaismas necaurlaid\u012bbu. l\u012bdz ar to lab\u0101ku miegu agros r\u012btos.<\/p>\n","protected":false},"excerpt":{"rendered":"<p>Pla&scaron;a piec\u0101m person\u0101m telts, kas piem\u0113rota nak&scaron;\u0146o&scaron;anai kemping\u0101. Teltij ir pla&scaron;a ieeja un ventil\u0101cijas atvere jumta da\u013c\u0101. T\u0101 ir viegli uzslienama un nojaucama (pirm\u0101 uzslienama iek&scaron;\u0113j\u0101 telts). Specifik\u0101cija Vietu skaits: 5 persons Izstabu skaits: 2 Telts izm\u0113ri:480&times;310&times;195 Telts loki: Fibreglass Gr\u012bdas materi\u0101ls: PE \u0100r\u0113jais materi\u0101ls: PU coated &Scaron;uves: L\u012bm\u0113t\u0101s &scaron;uves Iepakojuma izm\u0113ri: 73 x 30 [&hellip;]<\/p>\n","protected":false},"featured_media":0,"template":"","meta":[],"product_brand":[3381],"product_cat":[4558,4568,4640,4952],"product_tag":[],"class_list":{"0":"post-79630","1":"product","2":"type-product","3":"status-publish","5":"product_brand-coleman","6":"product_cat-for-tourism-recreation","7":"product_cat-tents-for-tourism-recreation","8":"product_cat-recreation","9":"product_cat-coleman-tents-tents-for-tourism-recreation","11":"first","12":"instock","13":"shipping-taxable","14":"purchasable","15":"product-type-simple"},"_links":{"self":[{"href":"https:\/\/sezona.lv\/en\/wp-json\/wp\/v2\/product\/79630","targetHints":{"allow":["GET"]}}],"collection":[{"href":"https:\/\/sezona.lv\/en\/wp-json\/wp\/v2\/product"}],"about":[{"href":"https:\/\/sezona.lv\/en\/wp-json\/wp\/v2\/types\/product"}],"wp:attachment":[{"href":"https:\/\/sezona.lv\/en\/wp-json\/wp\/v2\/media?parent=79630"}],"wp:term":[{"taxonomy":"product_brand","embeddable":true,"href":"https:\/\/sezona.lv\/en\/wp-json\/wp\/v2\/product_brand?post=79630"},{"taxonomy":"product_cat","embeddable":true,"href":"https:\/\/sezona.lv\/en\/wp-json\/wp\/v2\/product_cat?post=79630"},{"taxonomy":"product_tag","embeddable":true,"href":"https:\/\/sezona.lv\/en\/wp-json\/wp\/v2\/product_tag?post=79630"}],"curies":[{"name":"wp","href":"https:\/\/api.w.org\/{rel}","templated":true}]}}