{"id":79631,"date":"2025-07-11T17:09:35","date_gmt":"2025-07-11T14:09:35","guid":{"rendered":"https:\/\/demo8.ecube.lv\/sezona.lv\/products\/coleman-telts-kobuk-valley-2\/"},"modified":"2025-07-14T15:43:23","modified_gmt":"2025-07-14T12:43:23","slug":"coleman-telts-kobuk-valley-2","status":"publish","type":"product","link":"https:\/\/sezona.lv\/en\/products\/coleman-telts-kobuk-valley-2\/","title":{"rendered":"Coleman telts Kobuk Valley 2"},"content":{"rendered":"<p>Ietilp\u012bga div\u0101m person\u0101m telts, kas piem\u0113rota p\u0101rg\u0101jieniem, trekingam  un nak&scaron;\u0146o&scaron;anai kemping\u0101. Teltij ir pla&scaron;a ieeja un ventil\u0101cijas atvere  jumta da\u013c\u0101. T\u0101 ir viegli uzslienama un nojaucama (pirm\u0101 uzslienama  iek&scaron;\u0113j\u0101 telts).<\/p>\n<p>Specifik\u0101cija<\/p>\n<p><em>Vietu skaits: 2 persons<\/em><\/p>\n<p><em>Izstabu skaits: 1<\/em><\/p>\n<p><em>Telts izm\u0113ri:255&times;145&times;110<\/em><\/p>\n<p><em>Uzcel&scaron;anas veids: iek&scaron;\u0113j\u0101 telts pirm\u0101<\/em><\/p>\n<p><em>Telts loki: Fibreglass<\/em><\/p>\n<p><em>Gr\u012bdas materi\u0101ls: PE rising<\/em><\/p>\n<p><em>\u0100r\u0113jais materi\u0101ls: Polyester, PU coated<\/em><\/p>\n<p><em>&Scaron;uves: L\u012bm\u0113t\u0101s &scaron;uves<\/em><\/p>\n<p><em>Iepakojuma izm\u0113ri: 58 x 14 x 14cm<\/em><\/p>\n<p><em>Svars: 3,2kg<\/em><\/p>\n<p><em>Udens iztur\u012bba: 4500mm<\/em><\/p>\n<p>&ldquo;Blackout&rdquo; materi\u0101ls nodro&scaron;ina gaismas necaurlaid\u012bbu. l\u012bdz ar to lab\u0101ku miegu agros r\u012btos.<\/p>\n","protected":false},"excerpt":{"rendered":"<p>Ietilp\u012bga div\u0101m person\u0101m telts, kas piem\u0113rota p\u0101rg\u0101jieniem, trekingam un nak&scaron;\u0146o&scaron;anai kemping\u0101. Teltij ir pla&scaron;a ieeja un ventil\u0101cijas atvere jumta da\u013c\u0101. T\u0101 ir viegli uzslienama un nojaucama (pirm\u0101 uzslienama iek&scaron;\u0113j\u0101 telts). Specifik\u0101cija Vietu skaits: 2 persons Izstabu skaits: 1 Telts izm\u0113ri:255&times;145&times;110 Uzcel&scaron;anas veids: iek&scaron;\u0113j\u0101 telts pirm\u0101 Telts loki: Fibreglass Gr\u012bdas materi\u0101ls: PE rising \u0100r\u0113jais materi\u0101ls: Polyester, [&hellip;]<\/p>\n","protected":false},"featured_media":73662,"template":"","meta":[],"product_brand":[3381],"product_cat":[4558,4568,4952],"product_tag":[],"class_list":{"0":"post-79631","1":"product","2":"type-product","3":"status-publish","4":"has-post-thumbnail","6":"product_brand-coleman","7":"product_cat-for-tourism-recreation","8":"product_cat-tents-for-tourism-recreation","9":"product_cat-coleman-tents-tents-for-tourism-recreation","11":"first","12":"instock","13":"shipping-taxable","14":"purchasable","15":"product-type-simple"},"_links":{"self":[{"href":"https:\/\/sezona.lv\/en\/wp-json\/wp\/v2\/product\/79631","targetHints":{"allow":["GET"]}}],"collection":[{"href":"https:\/\/sezona.lv\/en\/wp-json\/wp\/v2\/product"}],"about":[{"href":"https:\/\/sezona.lv\/en\/wp-json\/wp\/v2\/types\/product"}],"wp:featuredmedia":[{"embeddable":true,"href":"https:\/\/sezona.lv\/en\/wp-json\/wp\/v2\/media\/73662"}],"wp:attachment":[{"href":"https:\/\/sezona.lv\/en\/wp-json\/wp\/v2\/media?parent=79631"}],"wp:term":[{"taxonomy":"product_brand","embeddable":true,"href":"https:\/\/sezona.lv\/en\/wp-json\/wp\/v2\/product_brand?post=79631"},{"taxonomy":"product_cat","embeddable":true,"href":"https:\/\/sezona.lv\/en\/wp-json\/wp\/v2\/product_cat?post=79631"},{"taxonomy":"product_tag","embeddable":true,"href":"https:\/\/sezona.lv\/en\/wp-json\/wp\/v2\/product_tag?post=79631"}],"curies":[{"name":"wp","href":"https:\/\/api.w.org\/{rel}","templated":true}]}}