{"id":79632,"date":"2025-07-14T15:43:24","date_gmt":"2025-07-14T12:43:24","guid":{"rendered":"https:\/\/demo8.ecube.lv\/sezona.lv\/products\/loap-coray-set-telts-paklajini-gulammaisi-2-personam\/"},"modified":"2025-07-14T15:43:24","modified_gmt":"2025-07-14T12:43:24","slug":"loap-coray-set-telts-paklajini-gulammaisi-2-personam","status":"publish","type":"product","link":"https:\/\/sezona.lv\/en\/products\/loap-coray-set-telts-paklajini-gulammaisi-2-personam\/","title":{"rendered":"Loap Coray Set (telts+pakl\u0101ji\u0146i+gu\u013cammaisi) 2 person\u0101m"},"content":{"rendered":"<p>&nbsp;<\/p>\n<p>Komplekt\u0101 ietilpst &ndash; divviet\u012bga telts, divi gu\u013cammaisi un divi pakl\u0101ji\u0146i. Lieliski piem\u0113rots vasaras festiv\u0101liem.<\/p>\n<p>&nbsp;<\/p>\n<p>&nbsp;<\/p>\n<p>Vietu skaits: 2<\/p>\n<p>Komplekta svars: 3, 65 kg<\/p>\n<p>Gr\u012bdas mitrumiztur\u012bba: 3000 mm<\/p>\n<p>P\u0101rvalka mitrumiztur\u012bba: 800 mm<\/p>\n<p>&nbsp;<\/p>\n","protected":false},"excerpt":{"rendered":"<p>&nbsp; Komplekt\u0101 ietilpst &ndash; divviet\u012bga telts, divi gu\u013cammaisi un divi pakl\u0101ji\u0146i. Lieliski piem\u0113rots vasaras festiv\u0101liem. &nbsp; &nbsp; Vietu skaits: 2 Komplekta svars: 3, 65 kg Gr\u012bdas mitrumiztur\u012bba: 3000 mm P\u0101rvalka mitrumiztur\u012bba: 800 mm &nbsp;<\/p>\n","protected":false},"featured_media":0,"template":"","meta":[],"product_brand":[],"product_cat":[4558,4568,4640],"product_tag":[],"class_list":{"0":"post-79632","1":"product","2":"type-product","3":"status-publish","5":"product_cat-for-tourism-recreation","6":"product_cat-tents-for-tourism-recreation","7":"product_cat-recreation","9":"first","10":"instock","11":"shipping-taxable","12":"purchasable","13":"product-type-simple"},"_links":{"self":[{"href":"https:\/\/sezona.lv\/en\/wp-json\/wp\/v2\/product\/79632","targetHints":{"allow":["GET"]}}],"collection":[{"href":"https:\/\/sezona.lv\/en\/wp-json\/wp\/v2\/product"}],"about":[{"href":"https:\/\/sezona.lv\/en\/wp-json\/wp\/v2\/types\/product"}],"wp:attachment":[{"href":"https:\/\/sezona.lv\/en\/wp-json\/wp\/v2\/media?parent=79632"}],"wp:term":[{"taxonomy":"product_brand","embeddable":true,"href":"https:\/\/sezona.lv\/en\/wp-json\/wp\/v2\/product_brand?post=79632"},{"taxonomy":"product_cat","embeddable":true,"href":"https:\/\/sezona.lv\/en\/wp-json\/wp\/v2\/product_cat?post=79632"},{"taxonomy":"product_tag","embeddable":true,"href":"https:\/\/sezona.lv\/en\/wp-json\/wp\/v2\/product_tag?post=79632"}],"curies":[{"name":"wp","href":"https:\/\/api.w.org\/{rel}","templated":true}]}}