{"id":79633,"date":"2025-07-14T15:43:25","date_gmt":"2025-07-14T12:43:25","guid":{"rendered":"https:\/\/demo8.ecube.lv\/sezona.lv\/products\/loap-telts-tora-6\/"},"modified":"2025-07-14T15:43:25","modified_gmt":"2025-07-14T12:43:25","slug":"loap-telts-tora-6","status":"publish","type":"product","link":"https:\/\/sezona.lv\/en\/products\/loap-telts-tora-6\/","title":{"rendered":"Loap telts Tora 6"},"content":{"rendered":"<p>&nbsp;<\/p>\n<p><p>Se&scaron;viet\u012bga kempinga telts ar pla&scaron;u vestibilu un div\u0101m atsevi&scaron;\u0137\u0101m telp\u0101m gul\u0113&scaron;anai.<\/p>\n<p>&nbsp;<\/p>\n<p>Vietu skaits: 4 + 2<\/p>\n<p>Gr\u012bdas mitrumiztur\u012bba: 5000 mm<\/p>\n<p>P\u0101rvalka mitrumiztur\u012bba: 2000 mm<\/p>\n<p>Svars: 11,50 kg<\/p>\n<p>Augstums &ndash; 185 cm<\/p>\n<p>Garums &ndash; 470 cm<\/p>\n<p>Platums &ndash; 215 cm<\/p>\n<\/p>\n<p>&nbsp;<\/p>\n","protected":false},"excerpt":{"rendered":"<p>&nbsp; Se&scaron;viet\u012bga kempinga telts ar pla&scaron;u vestibilu un div\u0101m atsevi&scaron;\u0137\u0101m telp\u0101m gul\u0113&scaron;anai. &nbsp; Vietu skaits: 4 + 2 Gr\u012bdas mitrumiztur\u012bba: 5000 mm P\u0101rvalka mitrumiztur\u012bba: 2000 mm Svars: 11,50 kg Augstums &ndash; 185 cm Garums &ndash; 470 cm Platums &ndash; 215 cm &nbsp;<\/p>\n","protected":false},"featured_media":0,"template":"","meta":[],"product_brand":[],"product_cat":[4558,4568,4640],"product_tag":[],"class_list":{"0":"post-79633","1":"product","2":"type-product","3":"status-publish","5":"product_cat-for-tourism-recreation","6":"product_cat-tents-for-tourism-recreation","7":"product_cat-recreation","9":"first","10":"instock","11":"shipping-taxable","12":"purchasable","13":"product-type-simple"},"_links":{"self":[{"href":"https:\/\/sezona.lv\/en\/wp-json\/wp\/v2\/product\/79633","targetHints":{"allow":["GET"]}}],"collection":[{"href":"https:\/\/sezona.lv\/en\/wp-json\/wp\/v2\/product"}],"about":[{"href":"https:\/\/sezona.lv\/en\/wp-json\/wp\/v2\/types\/product"}],"wp:attachment":[{"href":"https:\/\/sezona.lv\/en\/wp-json\/wp\/v2\/media?parent=79633"}],"wp:term":[{"taxonomy":"product_brand","embeddable":true,"href":"https:\/\/sezona.lv\/en\/wp-json\/wp\/v2\/product_brand?post=79633"},{"taxonomy":"product_cat","embeddable":true,"href":"https:\/\/sezona.lv\/en\/wp-json\/wp\/v2\/product_cat?post=79633"},{"taxonomy":"product_tag","embeddable":true,"href":"https:\/\/sezona.lv\/en\/wp-json\/wp\/v2\/product_tag?post=79633"}],"curies":[{"name":"wp","href":"https:\/\/api.w.org\/{rel}","templated":true}]}}