{"id":79634,"date":"2025-07-14T15:43:26","date_gmt":"2025-07-14T12:43:26","guid":{"rendered":"https:\/\/demo8.ecube.lv\/sezona.lv\/products\/loap-telts-brittle-4\/"},"modified":"2025-07-14T15:43:26","modified_gmt":"2025-07-14T12:43:26","slug":"loap-telts-brittle-4","status":"publish","type":"product","link":"https:\/\/sezona.lv\/en\/products\/loap-telts-brittle-4\/","title":{"rendered":"Loap telts Brittle 4"},"content":{"rendered":"<p><p>\u010cetrviet\u012bga telts ar div\u0101m ieej\u0101m un pla&scaron;u vestibilu. Telts  iek&scaron;puse ir iestr\u0101d\u0101tas kabatas invent\u0101ra glab\u0101&scaron;anai. Piem\u0113rota  p\u0101rg\u0101jieniem un kempingam.<\/p>\n<p>Vietu skaits: 4<\/p>\n<p>Gr\u012bdas mitrumiztur\u012bba: 5000 mm<\/p>\n<p>P\u0101rvalka mitrumiztur\u012bba: 3000 mm<\/p>\n<p>Svars: 4,29 kg<\/p><\/p>\n","protected":false},"excerpt":{"rendered":"<p>\u010cetrviet\u012bga telts ar div\u0101m ieej\u0101m un pla&scaron;u vestibilu. Telts iek&scaron;puse ir iestr\u0101d\u0101tas kabatas invent\u0101ra glab\u0101&scaron;anai. Piem\u0113rota p\u0101rg\u0101jieniem un kempingam. Vietu skaits: 4 Gr\u012bdas mitrumiztur\u012bba: 5000 mm P\u0101rvalka mitrumiztur\u012bba: 3000 mm Svars: 4,29 kg<\/p>\n","protected":false},"featured_media":0,"template":"","meta":[],"product_brand":[],"product_cat":[4558,4568,4640],"product_tag":[],"class_list":{"0":"post-79634","1":"product","2":"type-product","3":"status-publish","5":"product_cat-for-tourism-recreation","6":"product_cat-tents-for-tourism-recreation","7":"product_cat-recreation","9":"first","10":"instock","11":"shipping-taxable","12":"purchasable","13":"product-type-simple"},"_links":{"self":[{"href":"https:\/\/sezona.lv\/en\/wp-json\/wp\/v2\/product\/79634","targetHints":{"allow":["GET"]}}],"collection":[{"href":"https:\/\/sezona.lv\/en\/wp-json\/wp\/v2\/product"}],"about":[{"href":"https:\/\/sezona.lv\/en\/wp-json\/wp\/v2\/types\/product"}],"wp:attachment":[{"href":"https:\/\/sezona.lv\/en\/wp-json\/wp\/v2\/media?parent=79634"}],"wp:term":[{"taxonomy":"product_brand","embeddable":true,"href":"https:\/\/sezona.lv\/en\/wp-json\/wp\/v2\/product_brand?post=79634"},{"taxonomy":"product_cat","embeddable":true,"href":"https:\/\/sezona.lv\/en\/wp-json\/wp\/v2\/product_cat?post=79634"},{"taxonomy":"product_tag","embeddable":true,"href":"https:\/\/sezona.lv\/en\/wp-json\/wp\/v2\/product_tag?post=79634"}],"curies":[{"name":"wp","href":"https:\/\/api.w.org\/{rel}","templated":true}]}}