{"id":79637,"date":"2025-07-14T15:43:28","date_gmt":"2025-07-14T12:43:28","guid":{"rendered":"https:\/\/demo8.ecube.lv\/sezona.lv\/products\/msr-telts-freelite-1\/"},"modified":"2025-07-14T15:43:28","modified_gmt":"2025-07-14T12:43:28","slug":"msr-telts-freelite-1","status":"publish","type":"product","link":"https:\/\/sezona.lv\/en\/products\/msr-telts-freelite-1\/","title":{"rendered":"MSR telts FreeLite 1"},"content":{"rendered":"<p style=\"text-align: justify\">Ja iz&scaron;\u0137iros faktors ir telts svars, nezaud\u0113jot t\u0101s dz\u012bvojamo telpu, tad jaun\u0101 FreeLite 1 telts ir rad\u012bta tie&scaron;i TEV &ndash; <em>VIEGL\u0100KA MSR BR\u012aVI ST\u0100VO&Scaron;\u0100 TELTS.&nbsp;<\/em><\/p>\n<p style=\"text-align: justify\">Vienas lielas ieejas durvis. Tikli\u0146veida  iek&scaron;\u0113jais sl\u0101nis nodro&scaron;ina vislab\u0101ko telts ventil\u0101ciju, kas samazin\u0101s  ar\u012b kondens\u0101ta ra&scaron;an\u0101s risku. Pietieko&scaron;o liela dz\u012bvojam\u0101 plat\u012bba 1  cilv\u0113kiem ar ekip\u0113jumu. Fast &amp; Light opcija \u013cauj izmantot telti bez  iek&scaron;\u0113j\u0101 sl\u0101\u0146a &ndash; l\u012bdz\u012bgi k\u0101 p\u0101rg\u0101jiena nojumes.<\/p>\n<p>Vietu skaits &ndash; 1<\/p>\n<p>Minim\u0101lais svars &ndash; 810 g<\/p>\n<p>Fast &amp; Light komplekt\u0101cijas svars &ndash; 460 g<\/p>\n<p>Telts loki, mieti\u0146i &ndash; &nbsp;alum\u012bnijs 7000 s\u0113rijas<\/p>\n<p>Mitrumiztur\u012bba p\u0101rvalkam &ndash; 1200mm Durashield<\/p>\n<p>Mitrumiztur\u012bba gr\u012bdai &ndash; &nbsp;1500mm Durashield<\/p>\n","protected":false},"excerpt":{"rendered":"<p>Ja iz&scaron;\u0137iros faktors ir telts svars, nezaud\u0113jot t\u0101s dz\u012bvojamo telpu, tad jaun\u0101 FreeLite 1 telts ir rad\u012bta tie&scaron;i TEV &ndash; VIEGL\u0100KA MSR BR\u012aVI ST\u0100VO&Scaron;\u0100 TELTS.&nbsp; Vienas lielas ieejas durvis. Tikli\u0146veida iek&scaron;\u0113jais sl\u0101nis nodro&scaron;ina vislab\u0101ko telts ventil\u0101ciju, kas samazin\u0101s ar\u012b kondens\u0101ta ra&scaron;an\u0101s risku. Pietieko&scaron;o liela dz\u012bvojam\u0101 plat\u012bba 1 cilv\u0113kiem ar ekip\u0113jumu. Fast &amp; Light opcija \u013cauj [&hellip;]<\/p>\n","protected":false},"featured_media":0,"template":"","meta":[],"product_brand":[],"product_cat":[4558,4568,4640],"product_tag":[],"class_list":{"0":"post-79637","1":"product","2":"type-product","3":"status-publish","5":"product_cat-for-tourism-recreation","6":"product_cat-tents-for-tourism-recreation","7":"product_cat-recreation","9":"first","10":"instock","11":"shipping-taxable","12":"purchasable","13":"product-type-simple"},"_links":{"self":[{"href":"https:\/\/sezona.lv\/en\/wp-json\/wp\/v2\/product\/79637","targetHints":{"allow":["GET"]}}],"collection":[{"href":"https:\/\/sezona.lv\/en\/wp-json\/wp\/v2\/product"}],"about":[{"href":"https:\/\/sezona.lv\/en\/wp-json\/wp\/v2\/types\/product"}],"wp:attachment":[{"href":"https:\/\/sezona.lv\/en\/wp-json\/wp\/v2\/media?parent=79637"}],"wp:term":[{"taxonomy":"product_brand","embeddable":true,"href":"https:\/\/sezona.lv\/en\/wp-json\/wp\/v2\/product_brand?post=79637"},{"taxonomy":"product_cat","embeddable":true,"href":"https:\/\/sezona.lv\/en\/wp-json\/wp\/v2\/product_cat?post=79637"},{"taxonomy":"product_tag","embeddable":true,"href":"https:\/\/sezona.lv\/en\/wp-json\/wp\/v2\/product_tag?post=79637"}],"curies":[{"name":"wp","href":"https:\/\/api.w.org\/{rel}","templated":true}]}}