{"id":79638,"date":"2025-07-14T15:43:29","date_gmt":"2025-07-14T12:43:29","guid":{"rendered":"https:\/\/demo8.ecube.lv\/sezona.lv\/products\/msr-telts-elixir-4\/"},"modified":"2025-07-14T15:43:29","modified_gmt":"2025-07-14T12:43:29","slug":"msr-telts-elixir-4","status":"publish","type":"product","link":"https:\/\/sezona.lv\/en\/products\/msr-telts-elixir-4\/","title":{"rendered":"MSR telts Elixir 4"},"content":{"rendered":"<p>4-viet\u012bga p\u0101rg\u0101jienu telts piedz\u012bvojumiem pie dabas. Pla&scaron;a,  komfortabla telpa gul\u0113&scaron;anai, k\u0101 ar\u012b divas izejas\/priek&scaron;nami. Komplekt\u0101  &ldquo;footprint&rdquo; telts gr\u012bdas aizsardz\u012bbai vai ar\u012b telts b\u016bv\u0113&scaron;anai izmantojot  lietus p\u0101rvalku un &ldquo;footprint&rdquo; (ekonom\u0113jot svaru).<\/p>\n<p>&nbsp;<\/p>\n<p>&nbsp;<\/p>\n<table border=\"0\">\n<tbody>\n<tr>\n<td>Vietas<\/td>\n<td>4<\/td>\n<\/tr>\n<tr>\n<td>Fast &amp; Light&reg; Minim\u0101lais svars kop\u0101 ar Footprint<\/td>\n<td>5 lbs 12 oz \/ 2.36 k<\/td>\n<\/tr>\n<tr>\n<td>Minim\u0101lais svars<\/td>\n<td>7 lbs 14 oz \/ 3.58 k<\/td>\n<\/tr>\n<tr>\n<td>Svars kop\u0101 ar iepakojumu, remonta kompl. utt.<\/td>\n<td>9 lbs 3 oz \/ 4.18 k<\/td>\n<\/tr>\n<tr>\n<td>Gr\u012bdas laukums<\/td>\n<td>54 sq. ft \/ 5.02 sq. m<\/td>\n<\/tr>\n<tr>\n<td>Priek&scaron;nama laukums<\/td>\n<td>18 sq. ft \/ 1.67 sq. m<\/td>\n<\/tr>\n<tr>\n<td>Telts tilpums<\/td>\n<td>116 cu. ft \/ 3285 liters<\/td>\n<\/tr>\n<tr>\n<td>Priek&scaron;nama tilpums<\/td>\n<td>19 cu. ft \/ 538 liters<\/td>\n<\/tr>\n<tr>\n<td>Iek&scaron;telpas augstums<\/td>\n<td>48 in \/ 121 cm<\/td>\n<\/tr>\n<tr>\n<td>Iepakojuma izm\u0113rs<\/td>\n<td>22 x 7 in \/ 56 x 17 cm<\/td>\n<\/tr>\n<tr>\n<td>Durvju skaits<\/td>\n<td>2<\/td>\n<\/tr>\n<tr>\n<td>Br\u012bvi st\u0101vo&scaron;a<\/td>\n<td>j\u0101<\/td>\n<\/tr>\n<tr>\n<td>Loki<\/td>\n<td>2 Aluminum 7000 Series<\/td>\n<\/tr>\n<tr>\n<td>Mieti\u0146u skaits<\/td>\n<td>10 Alum\u012bnija<\/td>\n<\/tr>\n<tr>\n<td>Komplekt\u0101<\/td>\n<td>4 &scaron;\u0146ores telts nostiprin\u0101&scaron;anai, 4 alum\u012bnija spriegot\u0101ji<\/td>\n<\/tr>\n<tr>\n<td>Lietus p\u0101rvalka materi\u0101ls<\/td>\n<td>68D ripstop polyester 1,500mm polyurethane and silicone<\/td>\n<\/tr>\n<tr>\n<td>Gr\u012bdas materi\u0101ls<\/td>\n<td>70D taffeta nylon 3000mm polyurethane &amp; DWR<\/td>\n<\/tr>\n<\/tbody>\n<\/table>\n","protected":false},"excerpt":{"rendered":"<p>4-viet\u012bga p\u0101rg\u0101jienu telts piedz\u012bvojumiem pie dabas. Pla&scaron;a, komfortabla telpa gul\u0113&scaron;anai, k\u0101 ar\u012b divas izejas\/priek&scaron;nami. Komplekt\u0101 &ldquo;footprint&rdquo; telts gr\u012bdas aizsardz\u012bbai vai ar\u012b telts b\u016bv\u0113&scaron;anai izmantojot lietus p\u0101rvalku un &ldquo;footprint&rdquo; (ekonom\u0113jot svaru). &nbsp; &nbsp; Vietas 4 Fast &amp; Light&reg; Minim\u0101lais svars kop\u0101 ar Footprint 5 lbs 12 oz \/ 2.36 k Minim\u0101lais svars 7 lbs 14 oz [&hellip;]<\/p>\n","protected":false},"featured_media":0,"template":"","meta":[],"product_brand":[],"product_cat":[4558,4568,4640],"product_tag":[],"class_list":{"0":"post-79638","1":"product","2":"type-product","3":"status-publish","5":"product_cat-for-tourism-recreation","6":"product_cat-tents-for-tourism-recreation","7":"product_cat-recreation","9":"first","10":"instock","11":"shipping-taxable","12":"purchasable","13":"product-type-simple"},"_links":{"self":[{"href":"https:\/\/sezona.lv\/en\/wp-json\/wp\/v2\/product\/79638","targetHints":{"allow":["GET"]}}],"collection":[{"href":"https:\/\/sezona.lv\/en\/wp-json\/wp\/v2\/product"}],"about":[{"href":"https:\/\/sezona.lv\/en\/wp-json\/wp\/v2\/types\/product"}],"wp:attachment":[{"href":"https:\/\/sezona.lv\/en\/wp-json\/wp\/v2\/media?parent=79638"}],"wp:term":[{"taxonomy":"product_brand","embeddable":true,"href":"https:\/\/sezona.lv\/en\/wp-json\/wp\/v2\/product_brand?post=79638"},{"taxonomy":"product_cat","embeddable":true,"href":"https:\/\/sezona.lv\/en\/wp-json\/wp\/v2\/product_cat?post=79638"},{"taxonomy":"product_tag","embeddable":true,"href":"https:\/\/sezona.lv\/en\/wp-json\/wp\/v2\/product_tag?post=79638"}],"curies":[{"name":"wp","href":"https:\/\/api.w.org\/{rel}","templated":true}]}}