{"id":79639,"date":"2025-07-14T15:43:30","date_gmt":"2025-07-14T12:43:30","guid":{"rendered":"https:\/\/demo8.ecube.lv\/sezona.lv\/products\/msr-telts-mutha-hubba-nx\/"},"modified":"2025-07-14T15:43:30","modified_gmt":"2025-07-14T12:43:30","slug":"msr-telts-mutha-hubba-nx","status":"publish","type":"product","link":"https:\/\/sezona.lv\/en\/products\/msr-telts-mutha-hubba-nx\/","title":{"rendered":"MSR telts MUTHA HUBBA NX"},"content":{"rendered":"<p>Viena no popul\u0101r\u0101kaj\u0101m br\u012bvi st\u0101vo&scaron;aj\u0101m 3-viet\u012bgaj\u0101m telt\u012bm.  Minimalistisk\u0101 telts piem\u0113rota 3-sezonu p\u0101rg\u0101jieniem. Jaun\u0101 telts r\u0101mja  \u0123eometrija nodro&scaron;ina vislab\u0101ko ventil\u0101ciju un telpas pla&scaron;umu.&nbsp;Br\u012bvi  st\u0101vo&scaron;a&nbsp;Fast &amp; Light&nbsp;opcija izmanto tikai telts p\u0101rvalku un &nbsp;options  allow you to set up tent with rainfly only for ultra-minimalist trips.<\/p>\n<ul id=\"productTechPoints\">\n<li id=\"fltTech\"><img decoding=\"async\" src=\"http:\/\/www.cascadedesigns.com\/gfx\/msr\/msr_tent_tech_mutha_hubba_fast_and_light_tech.jpg\" alt=\"\" \/>Br\u012bvi st\u0101vo&scaron;a&nbsp;Fast &amp; Light<sup>&reg;<\/sup>&nbsp;opcija izmanto tikai telts p\u0101rvalku un papildgr\u012bdu<\/li>\n<li id=\"sidetTech\"><img decoding=\"async\" src=\"http:\/\/www.cascadedesigns.com\/gfx\/msr\/msr_tent_tech_side_entry_mutha_hubba.jpg\" alt=\"\" \/>Durvis iesp\u0113jams nostiprin\u0101t uz klip&scaron;iem, ne\u013caujot trauc\u0113t t\u0101 p\u0101rvietoties iek&scaron;a\/\u0101r\u0101 no telts<\/li>\n<li id=\"staytTech\"><img decoding=\"async\" src=\"http:\/\/www.cascadedesigns.com\/gfx\/msr\/msr_tent_tech_staydry_entrance.jpg\" alt=\"\" \/>Ravejsl\u0113dz\u0113ju aizdare un l\u012bm\u0113tas &scaron;uves ne\u013caus mitruma iek\u013cut telt\u012b par visskarb\u0101kajos apst\u0101k\u013cos<\/li>\n<li id=\"cvtTech\"><img decoding=\"async\" src=\"http:\/\/www.cascadedesigns.com\/gfx\/msr\/msr_tent_tech_cross_ventiliating_rainfly.jpg\" alt=\"\" \/>Ventil\u0101cijas l\u016bkas lab\u0101kai gaisma apmai\u0146ai un maz\u0101kai gaisa kondens\u0113&scaron;an\u0101s iesp\u0113jai<\/li>\n<li id=\"cptTech\"><img decoding=\"async\" src=\"http:\/\/www.cascadedesigns.com\/gfx\/msr\/msr_tent_tech_compresssion_sack.jpg\" alt=\"\" \/>Iepakojams ar savilc\u0113jiem \u0113rt\u0101kai pako&scaron;anai mugursom\u0101.<\/li>\n<\/ul>\n<p>&nbsp;<\/p>\n<p>&nbsp;<\/p>\n<p>Vietas: 3<\/p>\n<p>Minim\u0101lais svars: 1.66 kg<\/p>\n<p>Svars ar iepakojumu: 2.07 kg<\/p>\n<p>Iejas: 2<\/p>\n<p>Mitrumiztur\u012bba: 1200mm&nbsp;Durashield&trade;<\/p>\n<p>Gr\u012bdas mitrumiztur\u012bba: 3000 mm&nbsp;Durashield&trade;<\/p>\n<p>PAPILDUS GR\u012aDA TELTS AIZSARDZ\u012aBAI KOMPLEKT\u0100!<\/p>\n<p>&nbsp;<\/p>\n<p>&nbsp;<\/p>\n","protected":false},"excerpt":{"rendered":"<p>Viena no popul\u0101r\u0101kaj\u0101m br\u012bvi st\u0101vo&scaron;aj\u0101m 3-viet\u012bgaj\u0101m telt\u012bm. Minimalistisk\u0101 telts piem\u0113rota 3-sezonu p\u0101rg\u0101jieniem. Jaun\u0101 telts r\u0101mja \u0123eometrija nodro&scaron;ina vislab\u0101ko ventil\u0101ciju un telpas pla&scaron;umu.&nbsp;Br\u012bvi st\u0101vo&scaron;a&nbsp;Fast &amp; Light&nbsp;opcija izmanto tikai telts p\u0101rvalku un &nbsp;options allow you to set up tent with rainfly only for ultra-minimalist trips. Br\u012bvi st\u0101vo&scaron;a&nbsp;Fast &amp; Light&reg;&nbsp;opcija izmanto tikai telts p\u0101rvalku un papildgr\u012bdu Durvis iesp\u0113jams [&hellip;]<\/p>\n","protected":false},"featured_media":0,"template":"","meta":[],"product_brand":[],"product_cat":[4558,4568,4640],"product_tag":[],"class_list":{"0":"post-79639","1":"product","2":"type-product","3":"status-publish","5":"product_cat-for-tourism-recreation","6":"product_cat-tents-for-tourism-recreation","7":"product_cat-recreation","9":"first","10":"instock","11":"shipping-taxable","12":"purchasable","13":"product-type-simple"},"_links":{"self":[{"href":"https:\/\/sezona.lv\/en\/wp-json\/wp\/v2\/product\/79639","targetHints":{"allow":["GET"]}}],"collection":[{"href":"https:\/\/sezona.lv\/en\/wp-json\/wp\/v2\/product"}],"about":[{"href":"https:\/\/sezona.lv\/en\/wp-json\/wp\/v2\/types\/product"}],"wp:attachment":[{"href":"https:\/\/sezona.lv\/en\/wp-json\/wp\/v2\/media?parent=79639"}],"wp:term":[{"taxonomy":"product_brand","embeddable":true,"href":"https:\/\/sezona.lv\/en\/wp-json\/wp\/v2\/product_brand?post=79639"},{"taxonomy":"product_cat","embeddable":true,"href":"https:\/\/sezona.lv\/en\/wp-json\/wp\/v2\/product_cat?post=79639"},{"taxonomy":"product_tag","embeddable":true,"href":"https:\/\/sezona.lv\/en\/wp-json\/wp\/v2\/product_tag?post=79639"}],"curies":[{"name":"wp","href":"https:\/\/api.w.org\/{rel}","templated":true}]}}