{"id":79640,"date":"2025-07-14T15:43:32","date_gmt":"2025-07-14T12:43:32","guid":{"rendered":"https:\/\/demo8.ecube.lv\/sezona.lv\/products\/msr-telts-hubba-hubba-nx-tent\/"},"modified":"2025-07-14T15:43:32","modified_gmt":"2025-07-14T12:43:32","slug":"msr-telts-hubba-hubba-nx-tent","status":"publish","type":"product","link":"https:\/\/sezona.lv\/en\/products\/msr-telts-hubba-hubba-nx-tent\/","title":{"rendered":"MSR telts Hubba Hubba NX Tent"},"content":{"rendered":"<p>Ietilp\u012bga augst\u0101k\u0101s klases br\u012bvi st\u0101vo&scaron;a p\u0101rg\u0101jienu telts ar  duralum\u012bnija mieti\u0146iem. Lai gan teltij ir tikai 1200 mm mitrumiztur\u012bba,  materi\u0101lam ir DuraShield p\u0101rkl\u0101jums, kas pasarg\u0101s J\u016bs no mitruma gandr\u012bz  jebkuros laikapst\u0101k\u013cos<\/p>\n<p>Color Green<br \/> Capacity 2<br \/> Fast &amp; Light&reg; Minimum Weight w\/o footprint 970 g<br \/> Fast &amp; Light&reg; Minimum Weight w\/ footprint 1.19 kg<br \/> Minimum Weight 1.54 kg<br \/> Packed Weight 1.72 kg<br \/> Body Weight 570 g<br \/> Rainfly Weight 550 g<br \/> Frame Weight 420 g<br \/> Floor Area 2.7 sq. m<br \/> Vestibule Area 1.62 (.81 + .81) sq. m<br \/> Tent Volume 1217 liters<br \/> Vestibule Volume 17 (8.5 + 8.5) cu. ft \/ 481 (240.5) + 240.5) liters<br \/> Interior Peak Height 100 cm<br \/> Packed Size 46 x 15 cm<br \/> Number of Doors 2<br \/> Freestanding yes<br \/> Number of Poles 1 DAC Featherlite NFL<br \/> Number of Stakes 6 MSR MiniGroundhog&trade;<br \/> Also Included 2 guy cords, 2 aluminum cord adjusters<br \/> Rainfly Fabric 20D ripstop nylon 1200mm Durashield&trade; polyurethane &amp; silicone<br \/> Canopy Fabric 20D ripstop nylon<br \/> Mesh Type 15D nylon micromesh<br \/> Floor Fabric 30D ripstop nylon 3000mm DuraShield polyurethane &amp; DWR<\/p>\n<p>&nbsp;<\/p>\n","protected":false},"excerpt":{"rendered":"<p>Ietilp\u012bga augst\u0101k\u0101s klases br\u012bvi st\u0101vo&scaron;a p\u0101rg\u0101jienu telts ar duralum\u012bnija mieti\u0146iem. Lai gan teltij ir tikai 1200 mm mitrumiztur\u012bba, materi\u0101lam ir DuraShield p\u0101rkl\u0101jums, kas pasarg\u0101s J\u016bs no mitruma gandr\u012bz jebkuros laikapst\u0101k\u013cos Color Green Capacity 2 Fast &amp; Light&reg; Minimum Weight w\/o footprint 970 g Fast &amp; Light&reg; Minimum Weight w\/ footprint 1.19 kg Minimum Weight 1.54 [&hellip;]<\/p>\n","protected":false},"featured_media":0,"template":"","meta":[],"product_brand":[],"product_cat":[4558,4568,4640],"product_tag":[],"class_list":{"0":"post-79640","1":"product","2":"type-product","3":"status-publish","5":"product_cat-for-tourism-recreation","6":"product_cat-tents-for-tourism-recreation","7":"product_cat-recreation","9":"first","10":"instock","11":"shipping-taxable","12":"purchasable","13":"product-type-simple"},"_links":{"self":[{"href":"https:\/\/sezona.lv\/en\/wp-json\/wp\/v2\/product\/79640","targetHints":{"allow":["GET"]}}],"collection":[{"href":"https:\/\/sezona.lv\/en\/wp-json\/wp\/v2\/product"}],"about":[{"href":"https:\/\/sezona.lv\/en\/wp-json\/wp\/v2\/types\/product"}],"wp:attachment":[{"href":"https:\/\/sezona.lv\/en\/wp-json\/wp\/v2\/media?parent=79640"}],"wp:term":[{"taxonomy":"product_brand","embeddable":true,"href":"https:\/\/sezona.lv\/en\/wp-json\/wp\/v2\/product_brand?post=79640"},{"taxonomy":"product_cat","embeddable":true,"href":"https:\/\/sezona.lv\/en\/wp-json\/wp\/v2\/product_cat?post=79640"},{"taxonomy":"product_tag","embeddable":true,"href":"https:\/\/sezona.lv\/en\/wp-json\/wp\/v2\/product_tag?post=79640"}],"curies":[{"name":"wp","href":"https:\/\/api.w.org\/{rel}","templated":true}]}}