{"id":79641,"date":"2025-07-14T15:43:33","date_gmt":"2025-07-14T12:43:33","guid":{"rendered":"https:\/\/demo8.ecube.lv\/sezona.lv\/products\/msr-telts-carbon-reflex-1\/"},"modified":"2025-07-14T15:43:33","modified_gmt":"2025-07-14T12:43:33","slug":"msr-telts-carbon-reflex-1","status":"publish","type":"product","link":"https:\/\/sezona.lv\/en\/products\/msr-telts-carbon-reflex-1\/","title":{"rendered":"MSR telts CARBON REFLEX 1"},"content":{"rendered":"<p>Augst\u0101k\u0101s klases p\u0101rg\u0101jienu telts ar Easton Carbon Reflex mieti\u0146iem,  kas mieti\u0146u svaru samazina par 30% sal\u012bdzin\u0101jum\u0101 ar alum\u012bniju, tai pa&scaron;\u0101  laik\u0101 palielinot iztur\u012bbu un lokan\u012bbu. Lai gan teltij ir tikai 1200 mm  mitrumiztur\u012bba, materi\u0101lam ir DuraShield p\u0101rkl\u0101jums, kas pasarg\u0101s J\u016bs no  mitruma gandr\u012bz jebkuros laikapst\u0101k\u013cos.<\/p>\n<p>&nbsp;<\/p>\n<p><strong>Vietas:1<\/strong><\/p>\n<p><strong>Svars: 970 g<\/strong><\/p>\n<p><strong>Telts + preik&scaron;nams: 1.6 + 0.9 kvadr. metri<\/strong><\/p>\n<p><strong>Telts augstums: 94 cm<\/strong><\/p>\n<p><strong>Telts loki: karbona<\/strong><\/p>\n<p><strong>Mitruniztur\u012bba: 1200 mm Durashield<\/strong><\/p>\n","protected":false},"excerpt":{"rendered":"<p>Augst\u0101k\u0101s klases p\u0101rg\u0101jienu telts ar Easton Carbon Reflex mieti\u0146iem, kas mieti\u0146u svaru samazina par 30% sal\u012bdzin\u0101jum\u0101 ar alum\u012bniju, tai pa&scaron;\u0101 laik\u0101 palielinot iztur\u012bbu un lokan\u012bbu. Lai gan teltij ir tikai 1200 mm mitrumiztur\u012bba, materi\u0101lam ir DuraShield p\u0101rkl\u0101jums, kas pasarg\u0101s J\u016bs no mitruma gandr\u012bz jebkuros laikapst\u0101k\u013cos. &nbsp; Vietas:1 Svars: 970 g Telts + preik&scaron;nams: 1.6 + [&hellip;]<\/p>\n","protected":false},"featured_media":0,"template":"","meta":[],"product_brand":[],"product_cat":[4558,4568,4640],"product_tag":[],"class_list":{"0":"post-79641","1":"product","2":"type-product","3":"status-publish","5":"product_cat-for-tourism-recreation","6":"product_cat-tents-for-tourism-recreation","7":"product_cat-recreation","9":"first","10":"instock","11":"shipping-taxable","12":"purchasable","13":"product-type-simple"},"_links":{"self":[{"href":"https:\/\/sezona.lv\/en\/wp-json\/wp\/v2\/product\/79641","targetHints":{"allow":["GET"]}}],"collection":[{"href":"https:\/\/sezona.lv\/en\/wp-json\/wp\/v2\/product"}],"about":[{"href":"https:\/\/sezona.lv\/en\/wp-json\/wp\/v2\/types\/product"}],"wp:attachment":[{"href":"https:\/\/sezona.lv\/en\/wp-json\/wp\/v2\/media?parent=79641"}],"wp:term":[{"taxonomy":"product_brand","embeddable":true,"href":"https:\/\/sezona.lv\/en\/wp-json\/wp\/v2\/product_brand?post=79641"},{"taxonomy":"product_cat","embeddable":true,"href":"https:\/\/sezona.lv\/en\/wp-json\/wp\/v2\/product_cat?post=79641"},{"taxonomy":"product_tag","embeddable":true,"href":"https:\/\/sezona.lv\/en\/wp-json\/wp\/v2\/product_tag?post=79641"}],"curies":[{"name":"wp","href":"https:\/\/api.w.org\/{rel}","templated":true}]}}