{"id":79642,"date":"2025-07-14T15:43:33","date_gmt":"2025-07-14T12:43:33","guid":{"rendered":"https:\/\/demo8.ecube.lv\/sezona.lv\/products\/msr-telts-hubba-nx\/"},"modified":"2025-07-14T15:43:33","modified_gmt":"2025-07-14T12:43:33","slug":"msr-telts-hubba-nx","status":"publish","type":"product","link":"https:\/\/sezona.lv\/en\/products\/msr-telts-hubba-nx\/","title":{"rendered":"MSR telts HUBBA NX"},"content":{"rendered":"<p>Ietilp\u012bga augst\u0101k\u0101s klases br\u012bvi st\u0101vo&scaron;a p\u0101rg\u0101jienu telts ar  duralum\u012bnija mieti\u0146iem. Lai gan teltij ir tikai 1200 mm mitrumiztur\u012bba,  materi\u0101lam ir DuraShield p\u0101rkl\u0101jums, kas pasarg\u0101s J\u016bs no mitruma gandr\u012bz  jebkuros laikapst\u0101k\u013cos.<\/p>\n<p>&nbsp;<\/p>\n<p>Vietas: 1<\/p>\n<p>Svars: 1120 g<\/p>\n<p>Telts + priek&scaron;nams: 1.67 + 0.84 kvadr. metri<\/p>\n<p>Telts augstums: 91 cm<\/p>\n<p>Telts loki: alum\u012bnija DAC Featherlight NFL<\/p>\n<p>Mitrumiztur\u012bba: 1200 mm<\/p>\n","protected":false},"excerpt":{"rendered":"<p>Ietilp\u012bga augst\u0101k\u0101s klases br\u012bvi st\u0101vo&scaron;a p\u0101rg\u0101jienu telts ar duralum\u012bnija mieti\u0146iem. Lai gan teltij ir tikai 1200 mm mitrumiztur\u012bba, materi\u0101lam ir DuraShield p\u0101rkl\u0101jums, kas pasarg\u0101s J\u016bs no mitruma gandr\u012bz jebkuros laikapst\u0101k\u013cos. &nbsp; Vietas: 1 Svars: 1120 g Telts + priek&scaron;nams: 1.67 + 0.84 kvadr. metri Telts augstums: 91 cm Telts loki: alum\u012bnija DAC Featherlight NFL Mitrumiztur\u012bba: [&hellip;]<\/p>\n","protected":false},"featured_media":0,"template":"","meta":[],"product_brand":[],"product_cat":[4558,4568,4640],"product_tag":[],"class_list":{"0":"post-79642","1":"product","2":"type-product","3":"status-publish","5":"product_cat-for-tourism-recreation","6":"product_cat-tents-for-tourism-recreation","7":"product_cat-recreation","9":"first","10":"instock","11":"shipping-taxable","12":"purchasable","13":"product-type-simple"},"_links":{"self":[{"href":"https:\/\/sezona.lv\/en\/wp-json\/wp\/v2\/product\/79642","targetHints":{"allow":["GET"]}}],"collection":[{"href":"https:\/\/sezona.lv\/en\/wp-json\/wp\/v2\/product"}],"about":[{"href":"https:\/\/sezona.lv\/en\/wp-json\/wp\/v2\/types\/product"}],"wp:attachment":[{"href":"https:\/\/sezona.lv\/en\/wp-json\/wp\/v2\/media?parent=79642"}],"wp:term":[{"taxonomy":"product_brand","embeddable":true,"href":"https:\/\/sezona.lv\/en\/wp-json\/wp\/v2\/product_brand?post=79642"},{"taxonomy":"product_cat","embeddable":true,"href":"https:\/\/sezona.lv\/en\/wp-json\/wp\/v2\/product_cat?post=79642"},{"taxonomy":"product_tag","embeddable":true,"href":"https:\/\/sezona.lv\/en\/wp-json\/wp\/v2\/product_tag?post=79642"}],"curies":[{"name":"wp","href":"https:\/\/api.w.org\/{rel}","templated":true}]}}