{"id":79647,"date":"2025-07-11T17:09:52","date_gmt":"2025-07-11T14:09:52","guid":{"rendered":"https:\/\/demo8.ecube.lv\/sezona.lv\/products\/coleman-nojume-fastpitch-shelter-l\/"},"modified":"2025-07-14T15:43:38","modified_gmt":"2025-07-14T12:43:38","slug":"coleman-nojume-fastpitch-shelter-l","status":"publish","type":"product","link":"https:\/\/sezona.lv\/en\/products\/coleman-nojume-fastpitch-shelter-l\/","title":{"rendered":"Coleman nojume FastPitch\u2122 Shelter L"},"content":{"rendered":"<p>Pateicoties 99,9% aizsardz\u012bbai pret UV starojumam FastPitch&trade; Shelter L  samazina gaisa temperat\u016bru zem nojumes l\u012bdz pat 5&deg;C, ko nodro&scaron;ina  sudraba auduma p\u0101rkl\u0101jums. Augstuma regul\u0113jami balsti \u013caus \u0101tri piel\u0101got  nojumi tie&scaron;u j\u016bsu vajadz\u012bb\u0101m. UPF 50+<\/p>\n<p>\u016adens iztur\u012bba 3000mm<\/p>\n<p>Dz\u012bvojam\u0101 telpa; 13,32m2<\/p>\n<p>Augstums; 272cm centr\u0101, 187 s\u0101nos<\/p>\n<p>Svars; 18,1kg<\/p>\n","protected":false},"excerpt":{"rendered":"<p>Pateicoties 99,9% aizsardz\u012bbai pret UV starojumam FastPitch&trade; Shelter L samazina gaisa temperat\u016bru zem nojumes l\u012bdz pat 5&deg;C, ko nodro&scaron;ina sudraba auduma p\u0101rkl\u0101jums. Augstuma regul\u0113jami balsti \u013caus \u0101tri piel\u0101got nojumi tie&scaron;u j\u016bsu vajadz\u012bb\u0101m. UPF 50+ \u016adens iztur\u012bba 3000mm Dz\u012bvojam\u0101 telpa; 13,32m2 Augstums; 272cm centr\u0101, 187 s\u0101nos Svars; 18,1kg<\/p>\n","protected":false},"featured_media":73683,"template":"","meta":[],"product_brand":[3381],"product_cat":[4558,4657],"product_tag":[],"class_list":{"0":"post-79647","1":"product","2":"type-product","3":"status-publish","4":"has-post-thumbnail","6":"product_brand-coleman","7":"product_cat-for-tourism-recreation","8":"product_cat-canopies-for-tourism-recreation","10":"first","11":"instock","12":"shipping-taxable","13":"purchasable","14":"product-type-simple"},"_links":{"self":[{"href":"https:\/\/sezona.lv\/en\/wp-json\/wp\/v2\/product\/79647","targetHints":{"allow":["GET"]}}],"collection":[{"href":"https:\/\/sezona.lv\/en\/wp-json\/wp\/v2\/product"}],"about":[{"href":"https:\/\/sezona.lv\/en\/wp-json\/wp\/v2\/types\/product"}],"wp:featuredmedia":[{"embeddable":true,"href":"https:\/\/sezona.lv\/en\/wp-json\/wp\/v2\/media\/73683"}],"wp:attachment":[{"href":"https:\/\/sezona.lv\/en\/wp-json\/wp\/v2\/media?parent=79647"}],"wp:term":[{"taxonomy":"product_brand","embeddable":true,"href":"https:\/\/sezona.lv\/en\/wp-json\/wp\/v2\/product_brand?post=79647"},{"taxonomy":"product_cat","embeddable":true,"href":"https:\/\/sezona.lv\/en\/wp-json\/wp\/v2\/product_cat?post=79647"},{"taxonomy":"product_tag","embeddable":true,"href":"https:\/\/sezona.lv\/en\/wp-json\/wp\/v2\/product_tag?post=79647"}],"curies":[{"name":"wp","href":"https:\/\/api.w.org\/{rel}","templated":true}]}}