{"id":79649,"date":"2025-07-11T17:09:55","date_gmt":"2025-07-11T14:09:55","guid":{"rendered":"https:\/\/demo8.ecube.lv\/sezona.lv\/products\/coleman-nojume-event-shelter-pro-xl\/"},"modified":"2025-07-14T15:43:40","modified_gmt":"2025-07-14T12:43:40","slug":"coleman-nojume-event-shelter-pro-xl","status":"publish","type":"product","link":"https:\/\/sezona.lv\/en\/products\/coleman-nojume-event-shelter-pro-xl\/","title":{"rendered":"Coleman nojume Event Shelter PRO XL"},"content":{"rendered":"<p>&nbsp;<\/p>\n<table border=\"0\" cellspacing=\"0\" cellpadding=\"0\" width=\"260\">\n<tbody>\n<tr>\n<td class=\"xl66\" width=\"260\" height=\"21\">Perfekti  piem\u0113rots lieto&scaron;anai d\u0101rz\u0101 vai kemping\u0101. UV Guard&trade; aizsardz\u012bbas sist\u0113ma  J\u016bs pasarg\u0101s no UV saules stariem. UV aizsardz\u012bbas faktors 50+<\/td>\n<\/tr>\n<tr>\n<td height=\"20\">Specifik\u0101cija<\/td>\n<\/tr>\n<tr>\n<td class=\"xl65\" height=\"20\">Telts izm\u0113ri: 450<span class=\"font5\">&times;450&times;228<\/span><span class=\"font0\">cm<\/span><\/td>\n<\/tr>\n<tr>\n<td class=\"xl65\" height=\"20\">Dz\u012bvojam\u0101 plat\u012bba: 20,2m&sup2;<\/td>\n<\/tr>\n<tr>\n<td class=\"xl65\" height=\"20\">Augstums: Vid\u016b 228cm, mal\u0101s 190cm<\/td>\n<\/tr>\n<tr>\n<td class=\"xl65\" height=\"20\">Telts loki: Steel<\/td>\n<\/tr>\n<tr>\n<td class=\"xl65\" height=\"20\">\u0100r\u0113jais materi\u0101ls: Polyester, 600mm, PU transparent coated<\/td>\n<\/tr>\n<tr>\n<td class=\"xl65\" height=\"20\">&Scaron;uves: L\u012bm\u0113t\u0101s &scaron;uves<\/td>\n<\/tr>\n<tr>\n<td class=\"xl65\" height=\"20\">Iepakojuma izm\u0113ri: 100 x 22 x 35cm<\/td>\n<\/tr>\n<tr>\n<td class=\"xl65\" height=\"20\">Svars: 22kg<\/td>\n<\/tr>\n<\/tbody>\n<\/table>\n<p>&nbsp;<\/p>\n","protected":false},"excerpt":{"rendered":"<p>&nbsp; Perfekti piem\u0113rots lieto&scaron;anai d\u0101rz\u0101 vai kemping\u0101. UV Guard&trade; aizsardz\u012bbas sist\u0113ma J\u016bs pasarg\u0101s no UV saules stariem. UV aizsardz\u012bbas faktors 50+ Specifik\u0101cija Telts izm\u0113ri: 450&times;450&times;228cm Dz\u012bvojam\u0101 plat\u012bba: 20,2m&sup2; Augstums: Vid\u016b 228cm, mal\u0101s 190cm Telts loki: Steel \u0100r\u0113jais materi\u0101ls: Polyester, 600mm, PU transparent coated &Scaron;uves: L\u012bm\u0113t\u0101s &scaron;uves Iepakojuma izm\u0113ri: 100 x 22 x 35cm Svars: 22kg [&hellip;]<\/p>\n","protected":false},"featured_media":73697,"template":"","meta":[],"product_brand":[3381],"product_cat":[4558,4657],"product_tag":[],"class_list":{"0":"post-79649","1":"product","2":"type-product","3":"status-publish","4":"has-post-thumbnail","6":"product_brand-coleman","7":"product_cat-for-tourism-recreation","8":"product_cat-canopies-for-tourism-recreation","10":"first","11":"instock","12":"shipping-taxable","13":"purchasable","14":"product-type-simple"},"_links":{"self":[{"href":"https:\/\/sezona.lv\/en\/wp-json\/wp\/v2\/product\/79649","targetHints":{"allow":["GET"]}}],"collection":[{"href":"https:\/\/sezona.lv\/en\/wp-json\/wp\/v2\/product"}],"about":[{"href":"https:\/\/sezona.lv\/en\/wp-json\/wp\/v2\/types\/product"}],"wp:featuredmedia":[{"embeddable":true,"href":"https:\/\/sezona.lv\/en\/wp-json\/wp\/v2\/media\/73697"}],"wp:attachment":[{"href":"https:\/\/sezona.lv\/en\/wp-json\/wp\/v2\/media?parent=79649"}],"wp:term":[{"taxonomy":"product_brand","embeddable":true,"href":"https:\/\/sezona.lv\/en\/wp-json\/wp\/v2\/product_brand?post=79649"},{"taxonomy":"product_cat","embeddable":true,"href":"https:\/\/sezona.lv\/en\/wp-json\/wp\/v2\/product_cat?post=79649"},{"taxonomy":"product_tag","embeddable":true,"href":"https:\/\/sezona.lv\/en\/wp-json\/wp\/v2\/product_tag?post=79649"}],"curies":[{"name":"wp","href":"https:\/\/api.w.org\/{rel}","templated":true}]}}