{"id":79652,"date":"2025-07-14T15:43:42","date_gmt":"2025-07-14T12:43:42","guid":{"rendered":"https:\/\/demo8.ecube.lv\/sezona.lv\/products\/coleman-nojume-event-shelter-sunwall-door-xl\/"},"modified":"2025-07-14T15:43:42","modified_gmt":"2025-07-14T12:43:42","slug":"coleman-nojume-event-shelter-sunwall-door-xl","status":"publish","type":"product","link":"https:\/\/sezona.lv\/en\/products\/coleman-nojume-event-shelter-sunwall-door-xl\/","title":{"rendered":"Coleman nojume Event Shelter Sunwall Door XL"},"content":{"rendered":"<table border=\"0\" cellspacing=\"0\" cellpadding=\"0\" width=\"260\">\n<tbody>\n<tr>\n<td width=\"260\" height=\"20\">Specifik\u0101cija<\/td>\n<\/tr>\n<tr>\n<td height=\"20\">Ar\u0113jais materi\u0101ls: UV Guard, PU transparent coated<\/td>\n<\/tr>\n<tr>\n<td class=\"xl65\" height=\"20\">Iepakojuma izm\u0113ri: 6,5 x 24 x 36cm<\/td>\n<\/tr>\n<tr>\n<td class=\"xl65\" height=\"20\">Svars: 1,4kg<\/td>\n<\/tr>\n<\/tbody>\n<\/table>\n<p>&nbsp;<\/p>\n","protected":false},"excerpt":{"rendered":"<p>Specifik\u0101cija Ar\u0113jais materi\u0101ls: UV Guard, PU transparent coated Iepakojuma izm\u0113ri: 6,5 x 24 x 36cm Svars: 1,4kg &nbsp;<\/p>\n","protected":false},"featured_media":0,"template":"","meta":[],"product_brand":[3381],"product_cat":[4558,4640,4657],"product_tag":[],"class_list":{"0":"post-79652","1":"product","2":"type-product","3":"status-publish","5":"product_brand-coleman","6":"product_cat-for-tourism-recreation","7":"product_cat-recreation","8":"product_cat-canopies-for-tourism-recreation","10":"first","11":"instock","12":"shipping-taxable","13":"purchasable","14":"product-type-simple"},"_links":{"self":[{"href":"https:\/\/sezona.lv\/en\/wp-json\/wp\/v2\/product\/79652","targetHints":{"allow":["GET"]}}],"collection":[{"href":"https:\/\/sezona.lv\/en\/wp-json\/wp\/v2\/product"}],"about":[{"href":"https:\/\/sezona.lv\/en\/wp-json\/wp\/v2\/types\/product"}],"wp:attachment":[{"href":"https:\/\/sezona.lv\/en\/wp-json\/wp\/v2\/media?parent=79652"}],"wp:term":[{"taxonomy":"product_brand","embeddable":true,"href":"https:\/\/sezona.lv\/en\/wp-json\/wp\/v2\/product_brand?post=79652"},{"taxonomy":"product_cat","embeddable":true,"href":"https:\/\/sezona.lv\/en\/wp-json\/wp\/v2\/product_cat?post=79652"},{"taxonomy":"product_tag","embeddable":true,"href":"https:\/\/sezona.lv\/en\/wp-json\/wp\/v2\/product_tag?post=79652"}],"curies":[{"name":"wp","href":"https:\/\/api.w.org\/{rel}","templated":true}]}}