{"id":79655,"date":"2025-07-14T15:43:47","date_gmt":"2025-07-14T12:43:47","guid":{"rendered":"https:\/\/demo8.ecube.lv\/sezona.lv\/products\/msr-prieksnams-elixir-gear-shed\/"},"modified":"2025-07-14T15:43:47","modified_gmt":"2025-07-14T12:43:47","slug":"msr-prieksnams-elixir-gear-shed","status":"publish","type":"product","link":"https:\/\/sezona.lv\/en\/products\/msr-prieksnams-elixir-gear-shed\/","title":{"rendered":"MSR priek\u0161nams Elixir Gear Shed"},"content":{"rendered":"<div class=\"rte\">\n<div class=\"rte\">\n<div class=\"rte\">\n<div class=\"rte\">\n<div class=\"rte\">\n<div class=\"rte\">\n<div class=\"rte\">\n<div class=\"rte\">\n<div class=\"rte\">\n<div class=\"rte\">\n<div class=\"rte\">\n<div class=\"rte\">\n<div class=\"rte\">\n<div class=\"rte\">\n<div class=\"rte\">\n<div class=\"rte\">\n<div class=\"rte\">\n<div class=\"rte\">\n<div class=\"rte\">\n<div class=\"rte\">\n<div class=\"rte\">\n<div class=\"rte\">\n<div class=\"rte\">\n<div class=\"rte\">\n<div class=\"rte\">\n<div class=\"rte\">\n<div class=\"rte\">\n<div class=\"rte\">\n<div class=\"rte\">\n<div class=\"rte\">\n<div class=\"rte\">\n<div class=\"rte\">\n<div class=\"rte\">\n<div class=\"rte\">\n<div class=\"rte\">\n<p>Papildin\u0101jums MSR Elixir 2 un 3 telt\u012bm &nbsp;&ndash; papildus mitrumiztur\u012bgs priek&scaron;nams ekip\u0113juma glab\u0101&scaron;anai.<\/p>\n<p>&nbsp;<\/p>\n<p>Minim\u0101lais svars &ndash; 820 g<\/p>\n<p>Laukums &ndash; 2.46 kvadr\u0101tmetri<\/p>\n<p>Augstums &ndash; 89 cm<\/p>\n<p>Loki &ndash; alum\u012bnija 7000 s\u0113rijas<\/p>\n<p>Mitrumiztur\u012bba &ndash; 1500 mm<\/p>\n<\/div>\n<\/div>\n<\/div>\n<\/div>\n<\/div>\n<\/div>\n<\/div>\n<\/div>\n<\/div>\n<\/div>\n<\/div>\n<\/div>\n<\/div>\n<\/div>\n<\/div>\n<\/div>\n<\/div>\n<\/div>\n<\/div>\n<\/div>\n<\/div>\n<\/div>\n<\/div>\n<\/div>\n<\/div>\n<\/div>\n<\/div>\n<\/div>\n<\/div>\n<\/div>\n<\/div>\n<\/div>\n<\/div>\n<\/div>\n<\/div>\n","protected":false},"excerpt":{"rendered":"<p>Papildin\u0101jums MSR Elixir 2 un 3 telt\u012bm &nbsp;&ndash; papildus mitrumiztur\u012bgs priek&scaron;nams ekip\u0113juma glab\u0101&scaron;anai. &nbsp; Minim\u0101lais svars &ndash; 820 g Laukums &ndash; 2.46 kvadr\u0101tmetri Augstums &ndash; 89 cm Loki &ndash; alum\u012bnija 7000 s\u0113rijas Mitrumiztur\u012bba &ndash; 1500 mm<\/p>\n","protected":false},"featured_media":0,"template":"","meta":[],"product_brand":[],"product_cat":[4558,4568,4640,4745],"product_tag":[],"class_list":{"0":"post-79655","1":"product","2":"type-product","3":"status-publish","5":"product_cat-for-tourism-recreation","6":"product_cat-tents-for-tourism-recreation","7":"product_cat-recreation","8":"product_cat-tent-accessories-tents-for-tourism-recreation","10":"first","11":"instock","12":"shipping-taxable","13":"purchasable","14":"product-type-simple"},"_links":{"self":[{"href":"https:\/\/sezona.lv\/en\/wp-json\/wp\/v2\/product\/79655","targetHints":{"allow":["GET"]}}],"collection":[{"href":"https:\/\/sezona.lv\/en\/wp-json\/wp\/v2\/product"}],"about":[{"href":"https:\/\/sezona.lv\/en\/wp-json\/wp\/v2\/types\/product"}],"wp:attachment":[{"href":"https:\/\/sezona.lv\/en\/wp-json\/wp\/v2\/media?parent=79655"}],"wp:term":[{"taxonomy":"product_brand","embeddable":true,"href":"https:\/\/sezona.lv\/en\/wp-json\/wp\/v2\/product_brand?post=79655"},{"taxonomy":"product_cat","embeddable":true,"href":"https:\/\/sezona.lv\/en\/wp-json\/wp\/v2\/product_cat?post=79655"},{"taxonomy":"product_tag","embeddable":true,"href":"https:\/\/sezona.lv\/en\/wp-json\/wp\/v2\/product_tag?post=79655"}],"curies":[{"name":"wp","href":"https:\/\/api.w.org\/{rel}","templated":true}]}}