{"id":79659,"date":"2025-07-14T15:43:50","date_gmt":"2025-07-14T12:43:50","guid":{"rendered":"https:\/\/demo8.ecube.lv\/sezona.lv\/products\/silva-ikska-kompass-omc-spectra\/"},"modified":"2025-07-14T15:43:50","modified_gmt":"2025-07-14T12:43:50","slug":"silva-ikska-kompass-omc-spectra","status":"publish","type":"product","link":"https:\/\/sezona.lv\/en\/products\/silva-ikska-kompass-omc-spectra\/","title":{"rendered":"Silva \u012bk\u0161\u0137a kompass OMC Spectra"},"content":{"rendered":"<p>&nbsp;<\/p>\n<p>Ide\u0101ls \u012bk&scaron;\u0137a kompass meistariem. Elast\u012bga saite ap \u012bk&scaron;\u0146i un plaukstas  loc\u012btavu \u013cauj rok\u0101m b\u016bt br\u012bv\u0101m, \u012bpa&scaron;i iecien\u012bts multisportistu un  piedz\u012bvojumu sacens\u012bbu dal\u012bbnieku vid\u016b. Stabila bulta ar stabilizatoru  un kr\u0101su ieda\u013c\u0101m.<\/p>\n<p>&nbsp;<\/p>\n","protected":false},"excerpt":{"rendered":"<p>&nbsp; Ide\u0101ls \u012bk&scaron;\u0137a kompass meistariem. Elast\u012bga saite ap \u012bk&scaron;\u0146i un plaukstas loc\u012btavu \u013cauj rok\u0101m b\u016bt br\u012bv\u0101m, \u012bpa&scaron;i iecien\u012bts multisportistu un piedz\u012bvojumu sacens\u012bbu dal\u012bbnieku vid\u016b. Stabila bulta ar stabilizatoru un kr\u0101su ieda\u013c\u0101m. &nbsp;<\/p>\n","protected":false},"featured_media":0,"template":"","meta":[],"product_brand":[3438],"product_cat":[4626,4640,4782],"product_tag":[],"class_list":{"0":"post-79659","1":"product","2":"type-product","3":"status-publish","5":"product_brand-silva","6":"product_cat-compasses-navigation-watches-radios","7":"product_cat-recreation","8":"product_cat-navigation-watches-radios-recreation","10":"first","11":"instock","12":"shipping-taxable","13":"purchasable","14":"product-type-simple"},"_links":{"self":[{"href":"https:\/\/sezona.lv\/en\/wp-json\/wp\/v2\/product\/79659","targetHints":{"allow":["GET"]}}],"collection":[{"href":"https:\/\/sezona.lv\/en\/wp-json\/wp\/v2\/product"}],"about":[{"href":"https:\/\/sezona.lv\/en\/wp-json\/wp\/v2\/types\/product"}],"wp:attachment":[{"href":"https:\/\/sezona.lv\/en\/wp-json\/wp\/v2\/media?parent=79659"}],"wp:term":[{"taxonomy":"product_brand","embeddable":true,"href":"https:\/\/sezona.lv\/en\/wp-json\/wp\/v2\/product_brand?post=79659"},{"taxonomy":"product_cat","embeddable":true,"href":"https:\/\/sezona.lv\/en\/wp-json\/wp\/v2\/product_cat?post=79659"},{"taxonomy":"product_tag","embeddable":true,"href":"https:\/\/sezona.lv\/en\/wp-json\/wp\/v2\/product_tag?post=79659"}],"curies":[{"name":"wp","href":"https:\/\/api.w.org\/{rel}","templated":true}]}}