{"id":79660,"date":"2025-07-11T17:10:12","date_gmt":"2025-07-11T14:10:12","guid":{"rendered":"https:\/\/demo8.ecube.lv\/sezona.lv\/products\/silva-ikska-kompass-race-s-jet\/"},"modified":"2025-07-14T15:43:51","modified_gmt":"2025-07-14T12:43:51","slug":"silva-ikska-kompass-race-s-jet","status":"publish","type":"product","link":"https:\/\/sezona.lv\/en\/products\/silva-ikska-kompass-race-s-jet\/","title":{"rendered":"Silva \u012bk\u0161\u0137a kompass RACE S JET"},"content":{"rendered":"<p>Ide\u0101ls \u012bk&scaron;\u0137a kompass ar kr\u0101su ieda\u013c\u0101m uz kolbas, piem\u0113rots  orientieristiem, piedz\u012bvojumu sacens\u012bbu dal\u012bbniekiem un visiem tiem, kam  nepiecie&scaron;ams kompass ar izcilu kvalit\u0101ti un stabilu bultu skrie&scaron;anas  laik\u0101.<\/p>\n","protected":false},"excerpt":{"rendered":"<p>Ide\u0101ls \u012bk&scaron;\u0137a kompass ar kr\u0101su ieda\u013c\u0101m uz kolbas, piem\u0113rots orientieristiem, piedz\u012bvojumu sacens\u012bbu dal\u012bbniekiem un visiem tiem, kam nepiecie&scaron;ams kompass ar izcilu kvalit\u0101ti un stabilu bultu skrie&scaron;anas laik\u0101.<\/p>\n","protected":false},"featured_media":73709,"template":"","meta":[],"product_brand":[3438],"product_cat":[4626,4782],"product_tag":[],"class_list":{"0":"post-79660","1":"product","2":"type-product","3":"status-publish","4":"has-post-thumbnail","6":"product_brand-silva","7":"product_cat-compasses-navigation-watches-radios","8":"product_cat-navigation-watches-radios-recreation","10":"first","11":"instock","12":"shipping-taxable","13":"purchasable","14":"product-type-simple"},"_links":{"self":[{"href":"https:\/\/sezona.lv\/en\/wp-json\/wp\/v2\/product\/79660","targetHints":{"allow":["GET"]}}],"collection":[{"href":"https:\/\/sezona.lv\/en\/wp-json\/wp\/v2\/product"}],"about":[{"href":"https:\/\/sezona.lv\/en\/wp-json\/wp\/v2\/types\/product"}],"wp:featuredmedia":[{"embeddable":true,"href":"https:\/\/sezona.lv\/en\/wp-json\/wp\/v2\/media\/73709"}],"wp:attachment":[{"href":"https:\/\/sezona.lv\/en\/wp-json\/wp\/v2\/media?parent=79660"}],"wp:term":[{"taxonomy":"product_brand","embeddable":true,"href":"https:\/\/sezona.lv\/en\/wp-json\/wp\/v2\/product_brand?post=79660"},{"taxonomy":"product_cat","embeddable":true,"href":"https:\/\/sezona.lv\/en\/wp-json\/wp\/v2\/product_cat?post=79660"},{"taxonomy":"product_tag","embeddable":true,"href":"https:\/\/sezona.lv\/en\/wp-json\/wp\/v2\/product_tag?post=79660"}],"curies":[{"name":"wp","href":"https:\/\/api.w.org\/{rel}","templated":true}]}}