{"id":79661,"date":"2025-07-14T15:43:52","date_gmt":"2025-07-14T12:43:52","guid":{"rendered":"https:\/\/demo8.ecube.lv\/sezona.lv\/products\/silva-kompass-ranger-s\/"},"modified":"2025-07-14T15:43:52","modified_gmt":"2025-07-14T12:43:52","slug":"silva-kompass-ranger-s","status":"publish","type":"product","link":"https:\/\/sezona.lv\/en\/products\/silva-kompass-ranger-s\/","title":{"rendered":"Silva kompass RANGER S"},"content":{"rendered":"<p>&nbsp;<\/p>\n<p><p>Augstas precizit\u0101tes &nbsp;kompass ar spoguli &nbsp;ce\u013co&scaron;anai, t\u016brismam, ar  iespeju noteikt azimutu. Divas popul\u0101r\u0101k\u0101s m\u0113rskalas (1:50,000 un  1:25,000), palielin\u0101m\u0101 l\u0113ca s\u012bku objektu saskat\u012b&scaron;anai kart\u0113.  Fosforiz\u0113tas ieda\u013cas lab\u0101kai redzam\u012bbai nakt\u012b. Vieta dro&scaron;\u012bbas stri\u0137\u012b&scaron;a  piestiprin\u0101&scaron;anai.<\/p>\n<p>&nbsp;<\/p>\n<p><strong>Jauns uzlabots dizains un kr\u0101sa! K\u0101 ar\u012b komplekt\u0101 p\u0101rn\u0113s\u0101&scaron;anas lence ar iesp\u0113ju nom\u0113r\u012bt distanci uz kartes.<\/strong><\/p>\n<p><strong>Svars: 58<\/strong>g<\/p><\/p>\n","protected":false},"excerpt":{"rendered":"<p>&nbsp; Augstas precizit\u0101tes &nbsp;kompass ar spoguli &nbsp;ce\u013co&scaron;anai, t\u016brismam, ar iespeju noteikt azimutu. Divas popul\u0101r\u0101k\u0101s m\u0113rskalas (1:50,000 un 1:25,000), palielin\u0101m\u0101 l\u0113ca s\u012bku objektu saskat\u012b&scaron;anai kart\u0113. Fosforiz\u0113tas ieda\u013cas lab\u0101kai redzam\u012bbai nakt\u012b. Vieta dro&scaron;\u012bbas stri\u0137\u012b&scaron;a piestiprin\u0101&scaron;anai. &nbsp; Jauns uzlabots dizains un kr\u0101sa! K\u0101 ar\u012b komplekt\u0101 p\u0101rn\u0113s\u0101&scaron;anas lence ar iesp\u0113ju nom\u0113r\u012bt distanci uz kartes. Svars: 58g<\/p>\n","protected":false},"featured_media":0,"template":"","meta":[],"product_brand":[3438],"product_cat":[4626,4640,4782],"product_tag":[],"class_list":{"0":"post-79661","1":"product","2":"type-product","3":"status-publish","5":"product_brand-silva","6":"product_cat-compasses-navigation-watches-radios","7":"product_cat-recreation","8":"product_cat-navigation-watches-radios-recreation","10":"first","11":"instock","12":"shipping-taxable","13":"purchasable","14":"product-type-simple"},"_links":{"self":[{"href":"https:\/\/sezona.lv\/en\/wp-json\/wp\/v2\/product\/79661","targetHints":{"allow":["GET"]}}],"collection":[{"href":"https:\/\/sezona.lv\/en\/wp-json\/wp\/v2\/product"}],"about":[{"href":"https:\/\/sezona.lv\/en\/wp-json\/wp\/v2\/types\/product"}],"wp:attachment":[{"href":"https:\/\/sezona.lv\/en\/wp-json\/wp\/v2\/media?parent=79661"}],"wp:term":[{"taxonomy":"product_brand","embeddable":true,"href":"https:\/\/sezona.lv\/en\/wp-json\/wp\/v2\/product_brand?post=79661"},{"taxonomy":"product_cat","embeddable":true,"href":"https:\/\/sezona.lv\/en\/wp-json\/wp\/v2\/product_cat?post=79661"},{"taxonomy":"product_tag","embeddable":true,"href":"https:\/\/sezona.lv\/en\/wp-json\/wp\/v2\/product_tag?post=79661"}],"curies":[{"name":"wp","href":"https:\/\/api.w.org\/{rel}","templated":true}]}}