{"id":79662,"date":"2025-07-14T15:43:53","date_gmt":"2025-07-14T12:43:53","guid":{"rendered":"https:\/\/demo8.ecube.lv\/sezona.lv\/products\/silva-kompass-ranger-sl\/"},"modified":"2025-07-14T15:43:53","modified_gmt":"2025-07-14T12:43:53","slug":"silva-kompass-ranger-sl","status":"publish","type":"product","link":"https:\/\/sezona.lv\/en\/products\/silva-kompass-ranger-sl\/","title":{"rendered":"Silva kompass Ranger SL"},"content":{"rendered":"<p><p>Ce\u013co&scaron;anas,orient\u0113&scaron;an\u0101s kompass<\/p>\n<p>Piem\u0113rots medniekiem, kaln\u0101 k\u0101p\u0113jiem, trekingam. Paredz\u0113ts k\u0101  rezerves kompass, kas pilda pamata funkcijas. Nakts redzam\u012bba,  spogu\u013cskats, m\u0113rskala, virzienr\u0101d\u012bt\u0101js.<br \/> Svars: 23g<\/p><\/p>\n","protected":false},"excerpt":{"rendered":"<p>Ce\u013co&scaron;anas,orient\u0113&scaron;an\u0101s kompass Piem\u0113rots medniekiem, kaln\u0101 k\u0101p\u0113jiem, trekingam. Paredz\u0113ts k\u0101 rezerves kompass, kas pilda pamata funkcijas. Nakts redzam\u012bba, spogu\u013cskats, m\u0113rskala, virzienr\u0101d\u012bt\u0101js. Svars: 23g<\/p>\n","protected":false},"featured_media":0,"template":"","meta":[],"product_brand":[3438],"product_cat":[4626,4640,4782],"product_tag":[],"class_list":{"0":"post-79662","1":"product","2":"type-product","3":"status-publish","5":"product_brand-silva","6":"product_cat-compasses-navigation-watches-radios","7":"product_cat-recreation","8":"product_cat-navigation-watches-radios-recreation","10":"first","11":"instock","12":"shipping-taxable","13":"purchasable","14":"product-type-simple"},"_links":{"self":[{"href":"https:\/\/sezona.lv\/en\/wp-json\/wp\/v2\/product\/79662","targetHints":{"allow":["GET"]}}],"collection":[{"href":"https:\/\/sezona.lv\/en\/wp-json\/wp\/v2\/product"}],"about":[{"href":"https:\/\/sezona.lv\/en\/wp-json\/wp\/v2\/types\/product"}],"wp:attachment":[{"href":"https:\/\/sezona.lv\/en\/wp-json\/wp\/v2\/media?parent=79662"}],"wp:term":[{"taxonomy":"product_brand","embeddable":true,"href":"https:\/\/sezona.lv\/en\/wp-json\/wp\/v2\/product_brand?post=79662"},{"taxonomy":"product_cat","embeddable":true,"href":"https:\/\/sezona.lv\/en\/wp-json\/wp\/v2\/product_cat?post=79662"},{"taxonomy":"product_tag","embeddable":true,"href":"https:\/\/sezona.lv\/en\/wp-json\/wp\/v2\/product_tag?post=79662"}],"curies":[{"name":"wp","href":"https:\/\/api.w.org\/{rel}","templated":true}]}}