{"id":79663,"date":"2025-07-11T17:10:15","date_gmt":"2025-07-11T14:10:15","guid":{"rendered":"https:\/\/demo8.ecube.lv\/sezona.lv\/products\/silva-kompass-metro\/"},"modified":"2025-07-14T15:43:54","modified_gmt":"2025-07-14T12:43:54","slug":"silva-kompass-metro","status":"publish","type":"product","link":"https:\/\/sezona.lv\/en\/products\/silva-kompass-metro\/","title":{"rendered":"Silva kompass Metro"},"content":{"rendered":"<p>&nbsp;<\/p>\n<p><p>P\u0101rg\u0101jiena kompass<\/p>\n<p>Pieejami da\u017e\u0101d\u0101s kr\u0101s\u0101s Melns, Roz\u0101, za\u013c&scaron;, Balts,Tirk\u012bzs.  Visvienk\u0101r&scaron;s kompass, kas at\u013caus atrast pareiz\u0101s debespuses. Karab\u012bne  piestiprin\u0101&scaron;anai.<\/p>\n<p>Svars: 13g<\/p>\n<\/p>\n<p>&nbsp;<\/p>\n","protected":false},"excerpt":{"rendered":"<p>&nbsp; P\u0101rg\u0101jiena kompass Pieejami da\u017e\u0101d\u0101s kr\u0101s\u0101s Melns, Roz\u0101, za\u013c&scaron;, Balts,Tirk\u012bzs. Visvienk\u0101r&scaron;s kompass, kas at\u013caus atrast pareiz\u0101s debespuses. Karab\u012bne piestiprin\u0101&scaron;anai. Svars: 13g &nbsp;<\/p>\n","protected":false},"featured_media":73712,"template":"","meta":[],"product_brand":[3438],"product_cat":[4626,4782],"product_tag":[],"class_list":{"0":"post-79663","1":"product","2":"type-product","3":"status-publish","4":"has-post-thumbnail","6":"product_brand-silva","7":"product_cat-compasses-navigation-watches-radios","8":"product_cat-navigation-watches-radios-recreation","10":"first","11":"instock","12":"shipping-taxable","13":"purchasable","14":"product-type-simple"},"_links":{"self":[{"href":"https:\/\/sezona.lv\/en\/wp-json\/wp\/v2\/product\/79663","targetHints":{"allow":["GET"]}}],"collection":[{"href":"https:\/\/sezona.lv\/en\/wp-json\/wp\/v2\/product"}],"about":[{"href":"https:\/\/sezona.lv\/en\/wp-json\/wp\/v2\/types\/product"}],"wp:featuredmedia":[{"embeddable":true,"href":"https:\/\/sezona.lv\/en\/wp-json\/wp\/v2\/media\/73712"}],"wp:attachment":[{"href":"https:\/\/sezona.lv\/en\/wp-json\/wp\/v2\/media?parent=79663"}],"wp:term":[{"taxonomy":"product_brand","embeddable":true,"href":"https:\/\/sezona.lv\/en\/wp-json\/wp\/v2\/product_brand?post=79663"},{"taxonomy":"product_cat","embeddable":true,"href":"https:\/\/sezona.lv\/en\/wp-json\/wp\/v2\/product_cat?post=79663"},{"taxonomy":"product_tag","embeddable":true,"href":"https:\/\/sezona.lv\/en\/wp-json\/wp\/v2\/product_tag?post=79663"}],"curies":[{"name":"wp","href":"https:\/\/api.w.org\/{rel}","templated":true}]}}