{"id":79664,"date":"2025-07-11T17:10:16","date_gmt":"2025-07-11T14:10:16","guid":{"rendered":"https:\/\/demo8.ecube.lv\/sezona.lv\/products\/silva-kompass-ar-atslegu-piekarinu-model-10\/"},"modified":"2025-07-14T15:43:55","modified_gmt":"2025-07-14T12:43:55","slug":"silva-kompass-ar-atslegu-piekarinu-model-10","status":"publish","type":"product","link":"https:\/\/sezona.lv\/en\/products\/silva-kompass-ar-atslegu-piekarinu-model-10\/","title":{"rendered":"Silva kompass ar atsl\u0113gu piekari\u0146u MODEL 10"},"content":{"rendered":"<p>Suven\u012bru kompass ar atsl\u0113gu piekari\u0146u. Ra\u017eots Zviedrij\u0101.<\/p>\n","protected":false},"excerpt":{"rendered":"<p>Suven\u012bru kompass ar atsl\u0113gu piekari\u0146u. Ra\u017eots Zviedrij\u0101.<\/p>\n","protected":false},"featured_media":73715,"template":"","meta":[],"product_brand":[3438],"product_cat":[4626,4782],"product_tag":[],"class_list":{"0":"post-79664","1":"product","2":"type-product","3":"status-publish","4":"has-post-thumbnail","6":"product_brand-silva","7":"product_cat-compasses-navigation-watches-radios","8":"product_cat-navigation-watches-radios-recreation","10":"first","11":"instock","12":"shipping-taxable","13":"purchasable","14":"product-type-simple"},"_links":{"self":[{"href":"https:\/\/sezona.lv\/en\/wp-json\/wp\/v2\/product\/79664","targetHints":{"allow":["GET"]}}],"collection":[{"href":"https:\/\/sezona.lv\/en\/wp-json\/wp\/v2\/product"}],"about":[{"href":"https:\/\/sezona.lv\/en\/wp-json\/wp\/v2\/types\/product"}],"wp:featuredmedia":[{"embeddable":true,"href":"https:\/\/sezona.lv\/en\/wp-json\/wp\/v2\/media\/73715"}],"wp:attachment":[{"href":"https:\/\/sezona.lv\/en\/wp-json\/wp\/v2\/media?parent=79664"}],"wp:term":[{"taxonomy":"product_brand","embeddable":true,"href":"https:\/\/sezona.lv\/en\/wp-json\/wp\/v2\/product_brand?post=79664"},{"taxonomy":"product_cat","embeddable":true,"href":"https:\/\/sezona.lv\/en\/wp-json\/wp\/v2\/product_cat?post=79664"},{"taxonomy":"product_tag","embeddable":true,"href":"https:\/\/sezona.lv\/en\/wp-json\/wp\/v2\/product_tag?post=79664"}],"curies":[{"name":"wp","href":"https:\/\/api.w.org\/{rel}","templated":true}]}}