{"id":79666,"date":"2025-07-14T15:43:57","date_gmt":"2025-07-14T12:43:57","guid":{"rendered":"https:\/\/demo8.ecube.lv\/sezona.lv\/products\/silva-kompass-expedition-s\/"},"modified":"2025-07-14T15:43:57","modified_gmt":"2025-07-14T12:43:57","slug":"silva-kompass-expedition-s","status":"publish","type":"product","link":"https:\/\/sezona.lv\/en\/products\/silva-kompass-expedition-s\/","title":{"rendered":"Silva kompass Expedition S"},"content":{"rendered":"<p>&nbsp;<\/p>\n<p><p>Pl\u0101tnes kompass orient\u0113&scaron;an\u0101s meistariem ar silikona elementiem,  viegl\u0101kam darbam ar karti; k\u0101 ar\u012b ar luminisc\u0113jo&scaron;iem elementiem darbam  tums\u0101; palielino&scaron;u l\u0113cu; ar klinometru nog\u0101zes st\u0101vuma noteik&scaron;anai;  spogu\u013cskata 45&deg; le\u0146\u0137a papildfunkcija prec\u012bza azimuta noteik&scaron;anai.<\/p>\n<p><strong>Jauns dizains! Komplekt\u0101 ar\u012b nog\u0101\u017eu sl\u012bpuma skalas karte ar kuras pal\u012bdz\u012bbu var noteikt lav\u012bnu risku un nog\u0101zes st\u0101vumu.<\/strong><br \/> Svars: 86g<\/p>\n<\/p>\n<p>&nbsp;<\/p>\n","protected":false},"excerpt":{"rendered":"<p>&nbsp; Pl\u0101tnes kompass orient\u0113&scaron;an\u0101s meistariem ar silikona elementiem, viegl\u0101kam darbam ar karti; k\u0101 ar\u012b ar luminisc\u0113jo&scaron;iem elementiem darbam tums\u0101; palielino&scaron;u l\u0113cu; ar klinometru nog\u0101zes st\u0101vuma noteik&scaron;anai; spogu\u013cskata 45&deg; le\u0146\u0137a papildfunkcija prec\u012bza azimuta noteik&scaron;anai. Jauns dizains! Komplekt\u0101 ar\u012b nog\u0101\u017eu sl\u012bpuma skalas karte ar kuras pal\u012bdz\u012bbu var noteikt lav\u012bnu risku un nog\u0101zes st\u0101vumu. Svars: 86g &nbsp;<\/p>\n","protected":false},"featured_media":0,"template":"","meta":[],"product_brand":[3438],"product_cat":[4626,4640,4782],"product_tag":[],"class_list":{"0":"post-79666","1":"product","2":"type-product","3":"status-publish","5":"product_brand-silva","6":"product_cat-compasses-navigation-watches-radios","7":"product_cat-recreation","8":"product_cat-navigation-watches-radios-recreation","10":"first","11":"instock","12":"shipping-taxable","13":"purchasable","14":"product-type-simple"},"_links":{"self":[{"href":"https:\/\/sezona.lv\/en\/wp-json\/wp\/v2\/product\/79666","targetHints":{"allow":["GET"]}}],"collection":[{"href":"https:\/\/sezona.lv\/en\/wp-json\/wp\/v2\/product"}],"about":[{"href":"https:\/\/sezona.lv\/en\/wp-json\/wp\/v2\/types\/product"}],"wp:attachment":[{"href":"https:\/\/sezona.lv\/en\/wp-json\/wp\/v2\/media?parent=79666"}],"wp:term":[{"taxonomy":"product_brand","embeddable":true,"href":"https:\/\/sezona.lv\/en\/wp-json\/wp\/v2\/product_brand?post=79666"},{"taxonomy":"product_cat","embeddable":true,"href":"https:\/\/sezona.lv\/en\/wp-json\/wp\/v2\/product_cat?post=79666"},{"taxonomy":"product_tag","embeddable":true,"href":"https:\/\/sezona.lv\/en\/wp-json\/wp\/v2\/product_tag?post=79666"}],"curies":[{"name":"wp","href":"https:\/\/api.w.org\/{rel}","templated":true}]}}