{"id":79668,"date":"2025-07-11T17:10:20","date_gmt":"2025-07-11T14:10:20","guid":{"rendered":"https:\/\/demo8.ecube.lv\/sezona.lv\/products\/silva-kompass-field\/"},"modified":"2025-07-14T15:43:58","modified_gmt":"2025-07-14T12:43:58","slug":"silva-kompass-field","status":"publish","type":"product","link":"https:\/\/sezona.lv\/en\/products\/silva-kompass-field\/","title":{"rendered":"Silva kompass Field"},"content":{"rendered":"<p>&nbsp;<\/p>\n<p><p>Popul\u0101rais Silva kompass tagad ar jaunu dizainu un kr\u0101su sh\u0113mu.  Augstas precizit\u0101tes pl\u0101tnes kompass orient\u0113&scaron;an\u0101s sportam, ce\u013co&scaron;anai,  t\u016brismam. Paredz\u0113ts b\u0113rniem un pamatapm\u0101c\u012bbai ar papildus funkciju  azimuta noteik&scaron;anai. Divas popul\u0101r\u0101k\u0101s m\u0113rskalas (1:50,000 un 1:25,000).  Vieta dro&scaron;\u012bbas stri\u0137\u012b&scaron;a piestiprin\u0101&scaron;anai.<\/p>\n<p><strong>Svars<\/strong>: 28g<\/p>\n<\/p>\n<p>&nbsp;<\/p>\n","protected":false},"excerpt":{"rendered":"<p>&nbsp; Popul\u0101rais Silva kompass tagad ar jaunu dizainu un kr\u0101su sh\u0113mu. Augstas precizit\u0101tes pl\u0101tnes kompass orient\u0113&scaron;an\u0101s sportam, ce\u013co&scaron;anai, t\u016brismam. Paredz\u0113ts b\u0113rniem un pamatapm\u0101c\u012bbai ar papildus funkciju azimuta noteik&scaron;anai. Divas popul\u0101r\u0101k\u0101s m\u0113rskalas (1:50,000 un 1:25,000). Vieta dro&scaron;\u012bbas stri\u0137\u012b&scaron;a piestiprin\u0101&scaron;anai. Svars: 28g &nbsp;<\/p>\n","protected":false},"featured_media":73718,"template":"","meta":[],"product_brand":[3438],"product_cat":[4626,4782],"product_tag":[],"class_list":{"0":"post-79668","1":"product","2":"type-product","3":"status-publish","4":"has-post-thumbnail","6":"product_brand-silva","7":"product_cat-compasses-navigation-watches-radios","8":"product_cat-navigation-watches-radios-recreation","10":"first","11":"instock","12":"shipping-taxable","13":"purchasable","14":"product-type-simple"},"_links":{"self":[{"href":"https:\/\/sezona.lv\/en\/wp-json\/wp\/v2\/product\/79668","targetHints":{"allow":["GET"]}}],"collection":[{"href":"https:\/\/sezona.lv\/en\/wp-json\/wp\/v2\/product"}],"about":[{"href":"https:\/\/sezona.lv\/en\/wp-json\/wp\/v2\/types\/product"}],"wp:featuredmedia":[{"embeddable":true,"href":"https:\/\/sezona.lv\/en\/wp-json\/wp\/v2\/media\/73718"}],"wp:attachment":[{"href":"https:\/\/sezona.lv\/en\/wp-json\/wp\/v2\/media?parent=79668"}],"wp:term":[{"taxonomy":"product_brand","embeddable":true,"href":"https:\/\/sezona.lv\/en\/wp-json\/wp\/v2\/product_brand?post=79668"},{"taxonomy":"product_cat","embeddable":true,"href":"https:\/\/sezona.lv\/en\/wp-json\/wp\/v2\/product_cat?post=79668"},{"taxonomy":"product_tag","embeddable":true,"href":"https:\/\/sezona.lv\/en\/wp-json\/wp\/v2\/product_tag?post=79668"}],"curies":[{"name":"wp","href":"https:\/\/api.w.org\/{rel}","templated":true}]}}