{"id":79670,"date":"2025-07-14T15:44:00","date_gmt":"2025-07-14T12:44:00","guid":{"rendered":"https:\/\/demo8.ecube.lv\/sezona.lv\/products\/silva-field-box\/"},"modified":"2025-07-14T15:44:00","modified_gmt":"2025-07-14T12:44:00","slug":"silva-field-box","status":"publish","type":"product","link":"https:\/\/sezona.lv\/en\/products\/silva-field-box\/","title":{"rendered":"Silva Field BOX"},"content":{"rendered":"<p>Speci\u0101ls iepakojums ar 28 gab. Field kompasiem. \u0112rti lietojams skol\u0101m vai biedr\u012bb\u0101m apm\u0101c\u012bb\u0101s.<\/p>\n","protected":false},"excerpt":{"rendered":"<p>Speci\u0101ls iepakojums ar 28 gab. Field kompasiem. \u0112rti lietojams skol\u0101m vai biedr\u012bb\u0101m apm\u0101c\u012bb\u0101s.<\/p>\n","protected":false},"featured_media":0,"template":"","meta":[],"product_brand":[3438],"product_cat":[4626,4640,4782],"product_tag":[],"class_list":{"0":"post-79670","1":"product","2":"type-product","3":"status-publish","5":"product_brand-silva","6":"product_cat-compasses-navigation-watches-radios","7":"product_cat-recreation","8":"product_cat-navigation-watches-radios-recreation","10":"first","11":"instock","12":"shipping-taxable","13":"purchasable","14":"product-type-simple"},"_links":{"self":[{"href":"https:\/\/sezona.lv\/en\/wp-json\/wp\/v2\/product\/79670","targetHints":{"allow":["GET"]}}],"collection":[{"href":"https:\/\/sezona.lv\/en\/wp-json\/wp\/v2\/product"}],"about":[{"href":"https:\/\/sezona.lv\/en\/wp-json\/wp\/v2\/types\/product"}],"wp:attachment":[{"href":"https:\/\/sezona.lv\/en\/wp-json\/wp\/v2\/media?parent=79670"}],"wp:term":[{"taxonomy":"product_brand","embeddable":true,"href":"https:\/\/sezona.lv\/en\/wp-json\/wp\/v2\/product_brand?post=79670"},{"taxonomy":"product_cat","embeddable":true,"href":"https:\/\/sezona.lv\/en\/wp-json\/wp\/v2\/product_cat?post=79670"},{"taxonomy":"product_tag","embeddable":true,"href":"https:\/\/sezona.lv\/en\/wp-json\/wp\/v2\/product_tag?post=79670"}],"curies":[{"name":"wp","href":"https:\/\/api.w.org\/{rel}","templated":true}]}}