{"id":79672,"date":"2025-07-11T17:10:27","date_gmt":"2025-07-11T14:10:27","guid":{"rendered":"https:\/\/demo8.ecube.lv\/sezona.lv\/products\/silva-pieres-lukturis-cross-trail-3\/"},"modified":"2025-07-14T15:44:03","modified_gmt":"2025-07-14T12:44:03","slug":"silva-pieres-lukturis-cross-trail-3","status":"publish","type":"product","link":"https:\/\/sezona.lv\/en\/products\/silva-pieres-lukturis-cross-trail-3\/","title":{"rendered":"Silva Pieres lukturis CROSS TRAIL 3"},"content":{"rendered":"<p>Multifunkcion\u0101la galvas lampa, kas paredz\u0113ta skr\u0113j\u0113jiem, rite\u0146brauc\u0113jiem un distan\u010du sl\u0113pot\u0101jiem.<\/p>\n<p>Intelligent Light&reg; gaismas paterns nodro&scaron;ina t\u0101lu gaismas staru un  gaismu pie k\u0101j\u0101m vienlaic\u012bgi, palielinot dro&scaron;\u012bbu skr\u0113jiena laik\u0101.  Multi-stiprin\u0101jums (galvas lente, velosip\u0113da un \u0137iveres stiprin\u0101jumi)  padara galvas lampu piel\u0101gojumu da\u017e\u0101diem sporta veidiem.<\/p>\n<p><strong>Tehnisk\u0101 specifik\u0101cija<\/strong><\/p>\n<p><em>Stiprin\u0101jumi: <\/em>Uz galvas, velosip\u0113da st\u016bres vai \u0137iveres<\/p>\n<p><em>Baterijas: 4 X AA<br \/> <\/em><\/p>\n<p><em>Bateriju indikators: <\/em>R\u0101da bateriju izl\u0101des l\u012bmeni lukturi izsl\u0113dzot<\/p>\n<p><em>Gaismas stara veids:<\/em> Intelligent Light&reg;<\/p>\n<p><em>Spuldz\u012btes tips:<\/em> 1x High Power + 2x platle\u0146\u0137a LED<\/p>\n<p><em>Gaismas stara t\u0101lums: <\/em>120m<\/p>\n<p><em>Gaismas stara spilgtums<\/em>: 400 Lumeni<\/p>\n<p>\u016adensiztur\u012bba: IPX 6 &ndash; &scaron;\u013cakatu dro&scaron;s<\/p>\n<p>Svars (ieskaitot akumulatoru): 220g<\/p>\n","protected":false},"excerpt":{"rendered":"<p>Multifunkcion\u0101la galvas lampa, kas paredz\u0113ta skr\u0113j\u0113jiem, rite\u0146brauc\u0113jiem un distan\u010du sl\u0113pot\u0101jiem. Intelligent Light&reg; gaismas paterns nodro&scaron;ina t\u0101lu gaismas staru un gaismu pie k\u0101j\u0101m vienlaic\u012bgi, palielinot dro&scaron;\u012bbu skr\u0113jiena laik\u0101. Multi-stiprin\u0101jums (galvas lente, velosip\u0113da un \u0137iveres stiprin\u0101jumi) padara galvas lampu piel\u0101gojumu da\u017e\u0101diem sporta veidiem. Tehnisk\u0101 specifik\u0101cija Stiprin\u0101jumi: Uz galvas, velosip\u0113da st\u016bres vai \u0137iveres Baterijas: 4 X AA Bateriju [&hellip;]<\/p>\n","protected":false},"featured_media":73740,"template":"","meta":[],"product_brand":[3438],"product_cat":[4558,4572],"product_tag":[],"class_list":{"0":"post-79672","1":"product","2":"type-product","3":"status-publish","4":"has-post-thumbnail","6":"product_brand-silva","7":"product_cat-for-tourism-recreation","8":"product_cat-lights-for-tourism-recreation","10":"first","11":"instock","12":"shipping-taxable","13":"purchasable","14":"product-type-simple"},"_links":{"self":[{"href":"https:\/\/sezona.lv\/en\/wp-json\/wp\/v2\/product\/79672","targetHints":{"allow":["GET"]}}],"collection":[{"href":"https:\/\/sezona.lv\/en\/wp-json\/wp\/v2\/product"}],"about":[{"href":"https:\/\/sezona.lv\/en\/wp-json\/wp\/v2\/types\/product"}],"wp:featuredmedia":[{"embeddable":true,"href":"https:\/\/sezona.lv\/en\/wp-json\/wp\/v2\/media\/73740"}],"wp:attachment":[{"href":"https:\/\/sezona.lv\/en\/wp-json\/wp\/v2\/media?parent=79672"}],"wp:term":[{"taxonomy":"product_brand","embeddable":true,"href":"https:\/\/sezona.lv\/en\/wp-json\/wp\/v2\/product_brand?post=79672"},{"taxonomy":"product_cat","embeddable":true,"href":"https:\/\/sezona.lv\/en\/wp-json\/wp\/v2\/product_cat?post=79672"},{"taxonomy":"product_tag","embeddable":true,"href":"https:\/\/sezona.lv\/en\/wp-json\/wp\/v2\/product_tag?post=79672"}],"curies":[{"name":"wp","href":"https:\/\/api.w.org\/{rel}","templated":true}]}}