{"id":79676,"date":"2025-07-14T15:44:08","date_gmt":"2025-07-14T12:44:08","guid":{"rendered":"https:\/\/demo8.ecube.lv\/sezona.lv\/products\/silva-pieres-lukturis-cross-trail-3-2\/"},"modified":"2025-07-14T15:44:08","modified_gmt":"2025-07-14T12:44:08","slug":"silva-pieres-lukturis-cross-trail-3-2","status":"publish","type":"product","link":"https:\/\/sezona.lv\/en\/products\/silva-pieres-lukturis-cross-trail-3-2\/","title":{"rendered":"Silva Pieres lukturis CROSS TRAIL 3"},"content":{"rendered":"<p><p>Multifunkcion\u0101la galvas lampa, kas paredz\u0113ta skr\u0113j\u0113jiem, rite\u0146brauc\u0113jiem un distan\u010du sl\u0113pot\u0101jiem.<br \/> Intelligent Light&reg; gaismas paterns nodro&scaron;ina t\u0101lu gaismas staru un  gaismu pie k\u0101j\u0101m vienlaic\u012bgi, palielinot dro&scaron;\u012bbu skr\u0113jiena laik\u0101.  Multi-stiprin\u0101jums (galvas lente, velosip\u0113da un \u0137iveres stiprin\u0101jumi)  padara galvas lampu piel\u0101gojumu da\u017e\u0101diem sporta veidiem.<br \/> Pateicoties mitrumiztur\u012bgajam korpusam (IPX5), galvas lampa sp\u0113s iztur\u0113t pat visskarb\u0101kos apst\u0101k\u013cus.<\/p>\n<p>Tehnisk\u0101 specifik\u0101cija<\/p>\n<p>Stiprin\u0101jumi: Uz galvas, velosip\u0113da st\u016bres vai \u0137iveres<br \/> Baterijas: 4x AA<br \/> Bateriju indikators: R\u0101da bateriju izl\u0101des l\u012bmeni lukturi izsl\u0113dzot<br \/> Gaismas stara veids: Intelligent Light&reg;<br \/> Bateriju izl\u0101des laiks maksim\u0101laj\u0101 re\u017e\u012bm\u0101: 6h<br \/> Bateriju izl\u0101des laiks vid\u0113j\u0101 re\u017e\u012bm\u0101: 12h<br \/> Bateriju izl\u0101des laiks minim\u0101laj\u0101 re\u017e\u012bm\u0101: 24h<br \/> Distance: 120m<br \/> Re\u017e\u012bmi: Maksim\u0101lais, vid\u0113jais, minim\u0101lais, mirgojo&scaron;s<br \/> Gaismas stara spilgtums: 400 Lumeni<br \/> \u016adensiztur\u012bba: IPX 6 &ndash; &scaron;\u013cakatu dro&scaron;s<br \/> Svars (baterija): 150g<br \/> Svars (lampa): 70g<br \/> Svars (kop\u0113jais ar bateriju): 200g<\/p><\/p>\n","protected":false},"excerpt":{"rendered":"<p>Multifunkcion\u0101la galvas lampa, kas paredz\u0113ta skr\u0113j\u0113jiem, rite\u0146brauc\u0113jiem un distan\u010du sl\u0113pot\u0101jiem. Intelligent Light&reg; gaismas paterns nodro&scaron;ina t\u0101lu gaismas staru un gaismu pie k\u0101j\u0101m vienlaic\u012bgi, palielinot dro&scaron;\u012bbu skr\u0113jiena laik\u0101. Multi-stiprin\u0101jums (galvas lente, velosip\u0113da un \u0137iveres stiprin\u0101jumi) padara galvas lampu piel\u0101gojumu da\u017e\u0101diem sporta veidiem. Pateicoties mitrumiztur\u012bgajam korpusam (IPX5), galvas lampa sp\u0113s iztur\u0113t pat visskarb\u0101kos apst\u0101k\u013cus. Tehnisk\u0101 specifik\u0101cija Stiprin\u0101jumi: [&hellip;]<\/p>\n","protected":false},"featured_media":0,"template":"","meta":[],"product_brand":[3438],"product_cat":[4558,4572,4640],"product_tag":[],"class_list":{"0":"post-79676","1":"product","2":"type-product","3":"status-publish","5":"product_brand-silva","6":"product_cat-for-tourism-recreation","7":"product_cat-lights-for-tourism-recreation","8":"product_cat-recreation","10":"first","11":"instock","12":"shipping-taxable","13":"purchasable","14":"product-type-simple"},"_links":{"self":[{"href":"https:\/\/sezona.lv\/en\/wp-json\/wp\/v2\/product\/79676","targetHints":{"allow":["GET"]}}],"collection":[{"href":"https:\/\/sezona.lv\/en\/wp-json\/wp\/v2\/product"}],"about":[{"href":"https:\/\/sezona.lv\/en\/wp-json\/wp\/v2\/types\/product"}],"wp:attachment":[{"href":"https:\/\/sezona.lv\/en\/wp-json\/wp\/v2\/media?parent=79676"}],"wp:term":[{"taxonomy":"product_brand","embeddable":true,"href":"https:\/\/sezona.lv\/en\/wp-json\/wp\/v2\/product_brand?post=79676"},{"taxonomy":"product_cat","embeddable":true,"href":"https:\/\/sezona.lv\/en\/wp-json\/wp\/v2\/product_cat?post=79676"},{"taxonomy":"product_tag","embeddable":true,"href":"https:\/\/sezona.lv\/en\/wp-json\/wp\/v2\/product_tag?post=79676"}],"curies":[{"name":"wp","href":"https:\/\/api.w.org\/{rel}","templated":true}]}}