{"id":79677,"date":"2025-07-11T17:10:37","date_gmt":"2025-07-11T14:10:37","guid":{"rendered":"https:\/\/demo8.ecube.lv\/sezona.lv\/products\/silva-pieres-lukturis-exceed-2xt\/"},"modified":"2025-07-14T15:44:09","modified_gmt":"2025-07-14T12:44:09","slug":"silva-pieres-lukturis-exceed-2xt","status":"publish","type":"product","link":"https:\/\/sezona.lv\/en\/products\/silva-pieres-lukturis-exceed-2xt\/","title":{"rendered":"Silva Pieres lukturis EXCEED 2XT"},"content":{"rendered":"<p>&nbsp;<\/p>\n<p>Exceed XT ir viens no Silvas jaun\u0101kajiem augstas veiktsp\u0113jas lukturiem,  kas speci\u0101li izstr\u0101d\u0101ts priek&scaron; \u0101triem sporta veidiem, piem\u0113ram,  orient\u0113&scaron;an\u0101s, skrie&scaron;ana, rite\u0146brauk&scaron;ana un sl\u0113po&scaron;ana!<br \/> Silva Exceed n\u0101k kl\u0101j\u0101 ar pavisam jaunu funkciju &ndash; aktivit\u0101tes re\u017e\u012bmiem!  Ar &scaron;o re\u017e\u012bmu iesp\u0113jams optimiz\u0113t gaismas staru atbilsto&scaron;i sporta  veidam, ar kuriem J\u016bs nodarbojaties. Iesl\u0113dzot mekl\u0113&scaron;anas re\u017e\u012bmu,  luktura gaisma sasniedz 2000 lumenu spilgtumu, kas, iesp\u0113jams, p\u0101rsp\u0113j  jebkuru citu lukturi tirgu.<br \/> Silva Intelligent Light&reg; tehnolo\u0123ija nodro&scaron;ina tuvu izklied\u0113tu gaismu un  t\u0101lu gaismas staru vienlaic\u012bgi, palielinot dro&scaron;\u012bbu un iesp\u0113ju piln\u012bg\u0101k  analiz\u0113t apk\u0101rtni, kur\u0101 sportojat! Luktura daudzie stiprin\u0101juma veidi  padara to \u013coti praktisku, piem\u0113ram, J\u016bs variet to piestiprin\u0101t pie  rite\u0146a st\u016bres vai \u0137iveres. Akumulators ir l\u0101d\u0113jams caur USB ligzdu.<br \/> Lukturis ir apr\u012bkots ar baterijas indikatoru, kas s\u0101k signaliz\u0113t, ja 25%  akumulatora ener\u0123ijas vairs palicis, p\u0113c 10 % lampa samazina gaismas  spilgtumu un p\u0101riet rezerves re\u017e\u012bm\u0101.<br \/> Exceed nebaid\u0101s no \u016bdens, jo tas atbilsts IPX5 sertifik\u0101cijai!<br \/> Stiprin\u0101jums: galvas lente, \u0137iveres un st\u016bres stiprin\u0101jumi<br \/> Akumulators: 1 x Rechargable Li-Ion battery 7.4 V 9.9 Ah<br \/> Baterijas indikators: Led indikators<br \/> Gaismas stara veids: Aktivit\u0101tes re\u017e\u012bms\/ Intelligent Light&reg;, Flow Light<br \/> Spuldz\u012btes veids: 3 x High Power LED<br \/> Uzl\u0101des laiks: 10h<br \/> Baterijas darb\u012bbas laiks (Max): 1500lm &ndash; 175m \/ 600lm &ndash; 9h-18h &ndash; 100m<br \/> (-5 &deg;C &ndash; 4h, +20&deg;C &ndash; 12h)<br \/> Baterijas darb\u012bbas laiks (Min): 60h &ndash; 80lm &ndash; 40m (-5 &deg;C &ndash; 60h, +20&deg;C &ndash; 60h)<br \/> Gaismas stars: 100m, 175m, 40m<br \/> Gaismas re\u017e\u012bmi: Max\/Min: MTB, sl\u0113po&scaron;ana, skrie&scaron;ana, mekl\u0113&scaron;anas re\u017e\u012bms un mirgojo&scaron;s<br \/> Gaismas spilgtums: 1500 lumeni (mekl\u0113&scaron;anas re\u017e\u012bms), 1300 lumeni (MTB), 1200 (sl\u0113po&scaron;ana), 1000(skrie&scaron;ana)<br \/> \u016adens dro&scaron;s: IPX 5 &scaron;\u013cakatu dro&scaron;s<br \/> Svars (ar baterijas akumulatoru): 355 g<br \/> Svars (bez akumulatora): 149g<\/p>\n<p>&nbsp;<\/p>\n","protected":false},"excerpt":{"rendered":"<p>&nbsp; Exceed XT ir viens no Silvas jaun\u0101kajiem augstas veiktsp\u0113jas lukturiem, kas speci\u0101li izstr\u0101d\u0101ts priek&scaron; \u0101triem sporta veidiem, piem\u0113ram, orient\u0113&scaron;an\u0101s, skrie&scaron;ana, rite\u0146brauk&scaron;ana un sl\u0113po&scaron;ana! Silva Exceed n\u0101k kl\u0101j\u0101 ar pavisam jaunu funkciju &ndash; aktivit\u0101tes re\u017e\u012bmiem! Ar &scaron;o re\u017e\u012bmu iesp\u0113jams optimiz\u0113t gaismas staru atbilsto&scaron;i sporta veidam, ar kuriem J\u016bs nodarbojaties. Iesl\u0113dzot mekl\u0113&scaron;anas re\u017e\u012bmu, luktura gaisma sasniedz [&hellip;]<\/p>\n","protected":false},"featured_media":73778,"template":"","meta":[],"product_brand":[3438],"product_cat":[4558,4572],"product_tag":[],"class_list":{"0":"post-79677","1":"product","2":"type-product","3":"status-publish","4":"has-post-thumbnail","6":"product_brand-silva","7":"product_cat-for-tourism-recreation","8":"product_cat-lights-for-tourism-recreation","10":"first","11":"instock","12":"shipping-taxable","13":"purchasable","14":"product-type-simple"},"_links":{"self":[{"href":"https:\/\/sezona.lv\/en\/wp-json\/wp\/v2\/product\/79677","targetHints":{"allow":["GET"]}}],"collection":[{"href":"https:\/\/sezona.lv\/en\/wp-json\/wp\/v2\/product"}],"about":[{"href":"https:\/\/sezona.lv\/en\/wp-json\/wp\/v2\/types\/product"}],"wp:featuredmedia":[{"embeddable":true,"href":"https:\/\/sezona.lv\/en\/wp-json\/wp\/v2\/media\/73778"}],"wp:attachment":[{"href":"https:\/\/sezona.lv\/en\/wp-json\/wp\/v2\/media?parent=79677"}],"wp:term":[{"taxonomy":"product_brand","embeddable":true,"href":"https:\/\/sezona.lv\/en\/wp-json\/wp\/v2\/product_brand?post=79677"},{"taxonomy":"product_cat","embeddable":true,"href":"https:\/\/sezona.lv\/en\/wp-json\/wp\/v2\/product_cat?post=79677"},{"taxonomy":"product_tag","embeddable":true,"href":"https:\/\/sezona.lv\/en\/wp-json\/wp\/v2\/product_tag?post=79677"}],"curies":[{"name":"wp","href":"https:\/\/api.w.org\/{rel}","templated":true}]}}