{"id":79678,"date":"2025-07-11T17:10:40","date_gmt":"2025-07-11T14:10:40","guid":{"rendered":"https:\/\/demo8.ecube.lv\/sezona.lv\/products\/silva-pieres-lukturis-trail-speed-3xt-2\/"},"modified":"2025-07-14T15:44:10","modified_gmt":"2025-07-14T12:44:10","slug":"silva-pieres-lukturis-trail-speed-3xt-2","status":"publish","type":"product","link":"https:\/\/sezona.lv\/en\/products\/silva-pieres-lukturis-trail-speed-3xt-2\/","title":{"rendered":"Silva Pieres lukturis TRAIL SPEED 3XT"},"content":{"rendered":"<p><p>Silva TRAIL SPEED ELITE ir \u013coti viegls un kompakts pieres lukturis  ar lielisku gaismas stara spilgtumu. Piem\u0113rots skr\u0113j\u0113jiem, sl\u0113pot\u0101jiem  un rite\u0146brauc\u0113jiem, k\u0101 ar\u012b citu sporta veidu entuziastiem.<\/p>\n<p>Divas jaud\u012bg\u0101s LED spuldzes kop\u0101 ar Intelligent Light&reg; tehnolo\u0123iju,  kas nodro&scaron;ina ne tikai t\u0101lu gaismas staru, bet ar\u012b gaismu pie k\u0101j\u0101m  lab\u0101kai kontrolei liel\u0101 \u0101trum\u0101. L\u0101d\u0113jams akumulators.  TRAIL SPEED ELITE  iesl\u0113g&scaron;anas\/izsl\u0113g&scaron;anas poga ir liela un \u0113rti nospie\u017eama pat ar cimdiem  rok\u0101.  Komplekt\u0101 stiprin\u0101jumi priek&scaron; velosip\u0113da st\u016bres un \u0137iveres.<\/p>\n<p>Tehnisk\u0101 specifik\u0101cija<br \/> Stiprin\u0101jumi: Uz galvas, velosip\u0113da st\u016bres vai \u0137iveres<br \/> Baterijas: 1x Rechargeable 3.3Ah Li-ion USB l\u0101d\u0113jams akumulators<br \/> Bateriju indikators: R\u0101da bateriju izl\u0101des l\u012bmeni lukturi izsl\u0113dzot<br \/> Gaismas stara veids: Intelligent Light&reg;<br \/> Spuldz\u012btes tips: 2x High power LED<br \/> Bateriju uzl\u0101des laiks: 4h<br \/> Bateriju izl\u0101des laiks maksim\u0101laj\u0101 re\u017e\u012bm\u0101: -5&deg;C &ndash; 2,5h, +20 &deg;C &ndash; 5h<br \/> Bateriju izl\u0101des laiks minim\u0101laj\u0101 re\u017e\u012bm\u0101: 10h<br \/> Gaismas stara t\u0101lums: 130m, 40m, 70m<br \/> Gaismas stara spilgtums: 800 Lumeni<br \/> \u016adensiztur\u012bba: IPX 5 &ndash; &scaron;\u013cakatu dro&scaron;s<br \/> Svars (ieskaitot akumulatoru): 157g<br \/> Svars (bez akumulatora): 90g<\/p>\n<\/p>\n<p>&nbsp;<\/p>\n","protected":false},"excerpt":{"rendered":"<p>Silva TRAIL SPEED ELITE ir \u013coti viegls un kompakts pieres lukturis ar lielisku gaismas stara spilgtumu. Piem\u0113rots skr\u0113j\u0113jiem, sl\u0113pot\u0101jiem un rite\u0146brauc\u0113jiem, k\u0101 ar\u012b citu sporta veidu entuziastiem. Divas jaud\u012bg\u0101s LED spuldzes kop\u0101 ar Intelligent Light&reg; tehnolo\u0123iju, kas nodro&scaron;ina ne tikai t\u0101lu gaismas staru, bet ar\u012b gaismu pie k\u0101j\u0101m lab\u0101kai kontrolei liel\u0101 \u0101trum\u0101. L\u0101d\u0113jams akumulators. TRAIL [&hellip;]<\/p>\n","protected":false},"featured_media":73787,"template":"","meta":[],"product_brand":[3438],"product_cat":[4558,4572],"product_tag":[],"class_list":{"0":"post-79678","1":"product","2":"type-product","3":"status-publish","4":"has-post-thumbnail","6":"product_brand-silva","7":"product_cat-for-tourism-recreation","8":"product_cat-lights-for-tourism-recreation","10":"first","11":"instock","12":"shipping-taxable","13":"purchasable","14":"product-type-simple"},"_links":{"self":[{"href":"https:\/\/sezona.lv\/en\/wp-json\/wp\/v2\/product\/79678","targetHints":{"allow":["GET"]}}],"collection":[{"href":"https:\/\/sezona.lv\/en\/wp-json\/wp\/v2\/product"}],"about":[{"href":"https:\/\/sezona.lv\/en\/wp-json\/wp\/v2\/types\/product"}],"wp:featuredmedia":[{"embeddable":true,"href":"https:\/\/sezona.lv\/en\/wp-json\/wp\/v2\/media\/73787"}],"wp:attachment":[{"href":"https:\/\/sezona.lv\/en\/wp-json\/wp\/v2\/media?parent=79678"}],"wp:term":[{"taxonomy":"product_brand","embeddable":true,"href":"https:\/\/sezona.lv\/en\/wp-json\/wp\/v2\/product_brand?post=79678"},{"taxonomy":"product_cat","embeddable":true,"href":"https:\/\/sezona.lv\/en\/wp-json\/wp\/v2\/product_cat?post=79678"},{"taxonomy":"product_tag","embeddable":true,"href":"https:\/\/sezona.lv\/en\/wp-json\/wp\/v2\/product_tag?post=79678"}],"curies":[{"name":"wp","href":"https:\/\/api.w.org\/{rel}","templated":true}]}}