{"id":79679,"date":"2025-07-11T17:10:41","date_gmt":"2025-07-11T14:10:41","guid":{"rendered":"https:\/\/demo8.ecube.lv\/sezona.lv\/products\/silva-pieres-lukturis-trail-runner-3-2\/"},"modified":"2025-07-14T15:44:11","modified_gmt":"2025-07-14T12:44:11","slug":"silva-pieres-lukturis-trail-runner-3-2","status":"publish","type":"product","link":"https:\/\/sezona.lv\/en\/products\/silva-pieres-lukturis-trail-runner-3-2\/","title":{"rendered":"Silva Pieres lukturis TRAIL RUNNER 3"},"content":{"rendered":"<p>&nbsp;<\/p>\n<p><p>TRAIL RUNNER 3 ir &scaron;\u012bs paaudzes jau tre&scaron;\u0101 s\u0113rija. Ar baterij\u0101m  darbin\u0101ms un v\u0113l jaud\u012bg\u0101ks k\u0101 savs iepriek&scaron;\u0113jais priek&scaron;tecis TRAIL  RUNNER 2.<br \/> Galvas lampa TRAIL RUNNER 3 ir lieliska izv\u0113le skrie&scaron;anai, kas \u013cauj  sportot jebkur\u0101 viet\u0101 un jebkur\u0101 diennakts laik\u0101. Ekstra plat\u0101, gumijot\u0101  josta garant\u0113 komfortu skrienot. Baterijas iepakojumu ir iesp\u0113jams  atst\u0101t gan uz gumijas jostas, gan ielikt kabat\u0101. Sava baterijas darb\u012bbas  laika d\u0113\u013c paroc\u012bgs tie&scaron;i garaj\u0101m distanc\u0113m. SILVA TRAIL RUNNER 3  izmanto SILVA Intelligent LIght tehnolo\u0123oju, kas nodro&scaron;ina unik\u0101lu  kombin\u0101ciju starp t\u0101lu gaismas staru un izklied\u0113jo&scaron;u gaismu vien\u0101 un  taj\u0101 pa&scaron;a br\u012bd\u012b &ndash; gaismu kur t\u0101 nepiecie&scaron;ama visvair\u0101k.<\/p>\n<p>Apraksts:Baterijas- 3x AAA (\u0101r\u0113jais bateriju nodal\u012bjums)<br \/> Bateriju indikators &ndash; Par\u0101da baterijas izl\u0101des satusu, kad izsl\u0113dz lukturi<br \/> Stara veids -Intelligent Light, optimiz\u0113t\u0101 gaismas stara izklied\u0113&scaron;ana<br \/> Sp\u016bldz\u012btes tips- 1 x red\/green LED, 2 x semi high power LEDs<br \/> LEDBateriju darb\u012bbas ilgums (max re\u017e\u012bm\u0101)- -5 &deg;C, +20&deg;C, 15h, 30h<br \/> Bateriju darb\u012bbas ilgums (min re\u017e\u012bm\u0101)- -5 &deg;C, +20 &deg;C, 60h, 90h<br \/> Gaismas stara t\u0101lums &ndash; 65m<br \/> Re\u017e\u012bmi- min.,max., mirgojo&scaron;s<br \/> Gaismas spilgtums- 250 lumeni<br \/> Mitrumiztur\u012bba- IPX5 &scaron;\u013cakatu dro&scaron;s<br \/> Svars (iek\u013caujot baterijas)- 121 g<\/p>\n<\/p>\n<p>&nbsp;<\/p>\n<p>&nbsp;<\/p>\n","protected":false},"excerpt":{"rendered":"<p>&nbsp; TRAIL RUNNER 3 ir &scaron;\u012bs paaudzes jau tre&scaron;\u0101 s\u0113rija. Ar baterij\u0101m darbin\u0101ms un v\u0113l jaud\u012bg\u0101ks k\u0101 savs iepriek&scaron;\u0113jais priek&scaron;tecis TRAIL RUNNER 2. Galvas lampa TRAIL RUNNER 3 ir lieliska izv\u0113le skrie&scaron;anai, kas \u013cauj sportot jebkur\u0101 viet\u0101 un jebkur\u0101 diennakts laik\u0101. Ekstra plat\u0101, gumijot\u0101 josta garant\u0113 komfortu skrienot. Baterijas iepakojumu ir iesp\u0113jams atst\u0101t gan uz [&hellip;]<\/p>\n","protected":false},"featured_media":73798,"template":"","meta":[],"product_brand":[3438],"product_cat":[4558,4572],"product_tag":[],"class_list":{"0":"post-79679","1":"product","2":"type-product","3":"status-publish","4":"has-post-thumbnail","6":"product_brand-silva","7":"product_cat-for-tourism-recreation","8":"product_cat-lights-for-tourism-recreation","10":"first","11":"instock","12":"shipping-taxable","13":"purchasable","14":"product-type-simple"},"_links":{"self":[{"href":"https:\/\/sezona.lv\/en\/wp-json\/wp\/v2\/product\/79679","targetHints":{"allow":["GET"]}}],"collection":[{"href":"https:\/\/sezona.lv\/en\/wp-json\/wp\/v2\/product"}],"about":[{"href":"https:\/\/sezona.lv\/en\/wp-json\/wp\/v2\/types\/product"}],"wp:featuredmedia":[{"embeddable":true,"href":"https:\/\/sezona.lv\/en\/wp-json\/wp\/v2\/media\/73798"}],"wp:attachment":[{"href":"https:\/\/sezona.lv\/en\/wp-json\/wp\/v2\/media?parent=79679"}],"wp:term":[{"taxonomy":"product_brand","embeddable":true,"href":"https:\/\/sezona.lv\/en\/wp-json\/wp\/v2\/product_brand?post=79679"},{"taxonomy":"product_cat","embeddable":true,"href":"https:\/\/sezona.lv\/en\/wp-json\/wp\/v2\/product_cat?post=79679"},{"taxonomy":"product_tag","embeddable":true,"href":"https:\/\/sezona.lv\/en\/wp-json\/wp\/v2\/product_tag?post=79679"}],"curies":[{"name":"wp","href":"https:\/\/api.w.org\/{rel}","templated":true}]}}