{"id":79680,"date":"2025-07-11T17:10:43","date_gmt":"2025-07-11T14:10:43","guid":{"rendered":"https:\/\/demo8.ecube.lv\/sezona.lv\/products\/silva-pieres-lukturis-trail-runner-3x\/"},"modified":"2025-07-14T15:44:12","modified_gmt":"2025-07-14T12:44:12","slug":"silva-pieres-lukturis-trail-runner-3x","status":"publish","type":"product","link":"https:\/\/sezona.lv\/en\/products\/silva-pieres-lukturis-trail-runner-3x\/","title":{"rendered":"Silva Pieres lukturis TRAIL RUNNER 3X"},"content":{"rendered":"<p><p>TRAIL RUNNER 3X ir v\u0113l uzlabot\u0101ka,&nbsp;v\u0113l jaud\u012bg\u0101k\u0101 k\u0101 titul\u0113t\u0101 priek&scaron;tece&nbsp;TRAIL RUNNER 2X &ndash; saglab\u0101jot USB<br \/> uzl\u0101des funkciju un uzlabojot gaismas stiprumu l\u012bdz 250 lumeniem.<br \/> Galvas lampa TRAIL RUNNER 3X ir&nbsp;lieliska izv\u0113le skrie&scaron;anai, kas  \u013cauj&nbsp;sportot jebkur\u0101 viet\u0101 un jebkur\u0101&nbsp;diennakts laik\u0101. Ekstra  plat\u0101,&nbsp;gumijot\u0101 josta garant\u0113 komfortu&nbsp;skrienot. USB  akumulatora&nbsp;l\u0101d\u0113&scaron;anas iesp\u0113ja nodro&scaron;ina \u0113rtu<br \/> uzl\u0101di, piesl\u0113dzot galvas lampu&nbsp;datoram. SILVA TRAIL RUNNER 3X&nbsp;izmanto  SILVA Intelligent LIght&nbsp;tehnolo\u0123oju, kas nodro&scaron;ina unik\u0101lu&nbsp;kombin\u0101ciju  starp t\u0101lu gaismas&nbsp;staru un izklied\u0113jo&scaron;u gaismu vien\u0101&nbsp;un taj\u0101 pa&scaron;a br\u012bd\u012b  &ndash; gaismu kur t\u0101&nbsp;nepiecie&scaron;ama visvair\u0101k.<\/p>\n<p>&nbsp;<\/p>\n<p>Apraksts:Baterijas- 1x Rechargeable 1.8Ah LiPo USB (\u0101r\u0113jais bateriju&nbsp;nodal\u012bjums)<br \/> Bateriju indikators &ndash;&nbsp;Par\u0101da baterijas izl\u0101des satusu, kad&nbsp;izsl\u0113dz lukturi<br \/> Stara veids -Intelligent&nbsp;Light, optimiz\u0113t\u0101 gaismas stara&nbsp;izklied\u0113&scaron;ana<br \/> Sp\u016bldz\u012btes tips- 1 x red\/green LED, 2 x semi high power LEDs<br \/> LEDBateriju darb\u012bbas ilgums (max&nbsp;re\u017e\u012bm\u0101)- -5 &deg;C &ndash; 3h, +20 &deg;C &ndash; 6h<br \/> Bateriju darb\u012bbas ilgums&nbsp;(min re\u017e\u012bm\u0101)- -5 &deg;C &ndash; 14h, +20 &deg;C &ndash; 18h<br \/> Gaismas stara&nbsp;t\u0101lums &ndash; 65m<br \/> Re\u017e\u012bmi- min.,max.,&nbsp;mirgojo&scaron;s<br \/> Gaismas spilgtums- 250&nbsp;lumeni<br \/> Mitrumiztur\u012bba- IPX5 &scaron;\u013cakatu&nbsp;dro&scaron;s<br \/> Svars (iek\u013caujot baterijas)- 124&nbsp;g<\/p>\n<\/p>\n<p>&nbsp;<\/p>\n","protected":false},"excerpt":{"rendered":"<p>TRAIL RUNNER 3X ir v\u0113l uzlabot\u0101ka,&nbsp;v\u0113l jaud\u012bg\u0101k\u0101 k\u0101 titul\u0113t\u0101 priek&scaron;tece&nbsp;TRAIL RUNNER 2X &ndash; saglab\u0101jot USB uzl\u0101des funkciju un uzlabojot gaismas stiprumu l\u012bdz 250 lumeniem. Galvas lampa TRAIL RUNNER 3X ir&nbsp;lieliska izv\u0113le skrie&scaron;anai, kas \u013cauj&nbsp;sportot jebkur\u0101 viet\u0101 un jebkur\u0101&nbsp;diennakts laik\u0101. Ekstra plat\u0101,&nbsp;gumijot\u0101 josta garant\u0113 komfortu&nbsp;skrienot. USB akumulatora&nbsp;l\u0101d\u0113&scaron;anas iesp\u0113ja nodro&scaron;ina \u0113rtu uzl\u0101di, piesl\u0113dzot galvas lampu&nbsp;datoram. SILVA TRAIL [&hellip;]<\/p>\n","protected":false},"featured_media":73805,"template":"","meta":[],"product_brand":[3438],"product_cat":[4558,4572],"product_tag":[],"class_list":{"0":"post-79680","1":"product","2":"type-product","3":"status-publish","4":"has-post-thumbnail","6":"product_brand-silva","7":"product_cat-for-tourism-recreation","8":"product_cat-lights-for-tourism-recreation","10":"first","11":"instock","12":"shipping-taxable","13":"purchasable","14":"product-type-simple"},"_links":{"self":[{"href":"https:\/\/sezona.lv\/en\/wp-json\/wp\/v2\/product\/79680","targetHints":{"allow":["GET"]}}],"collection":[{"href":"https:\/\/sezona.lv\/en\/wp-json\/wp\/v2\/product"}],"about":[{"href":"https:\/\/sezona.lv\/en\/wp-json\/wp\/v2\/types\/product"}],"wp:featuredmedia":[{"embeddable":true,"href":"https:\/\/sezona.lv\/en\/wp-json\/wp\/v2\/media\/73805"}],"wp:attachment":[{"href":"https:\/\/sezona.lv\/en\/wp-json\/wp\/v2\/media?parent=79680"}],"wp:term":[{"taxonomy":"product_brand","embeddable":true,"href":"https:\/\/sezona.lv\/en\/wp-json\/wp\/v2\/product_brand?post=79680"},{"taxonomy":"product_cat","embeddable":true,"href":"https:\/\/sezona.lv\/en\/wp-json\/wp\/v2\/product_cat?post=79680"},{"taxonomy":"product_tag","embeddable":true,"href":"https:\/\/sezona.lv\/en\/wp-json\/wp\/v2\/product_tag?post=79680"}],"curies":[{"name":"wp","href":"https:\/\/api.w.org\/{rel}","templated":true}]}}