{"id":79681,"date":"2025-07-11T17:10:44","date_gmt":"2025-07-11T14:10:44","guid":{"rendered":"https:\/\/demo8.ecube.lv\/sezona.lv\/products\/silva-pieres-lukturis-cross-trail-3x\/"},"modified":"2025-07-14T15:44:13","modified_gmt":"2025-07-14T12:44:13","slug":"silva-pieres-lukturis-cross-trail-3x","status":"publish","type":"product","link":"https:\/\/sezona.lv\/en\/products\/silva-pieres-lukturis-cross-trail-3x\/","title":{"rendered":"Silva Pieres lukturis Cross Trail 3X"},"content":{"rendered":"<p>Multifunkcion\u0101la galvas lampa, kas paredz\u0113ta skr\u0113j\u0113jiem, rite\u0146brauc\u0113jiem un distan\u010du sl\u0113pot\u0101jiem.<\/p>\n<p>Intelligent Light&reg; gaismas paterns nodro&scaron;ina t\u0101lu gaismas staru un  gaismu pie k\u0101j\u0101m vienlaic\u012bgi, palielinot dro&scaron;\u012bbu skr\u0113jiena laik\u0101.  Multi-stiprin\u0101jums (galvas lente, velosip\u0113da un \u0137iveres stiprin\u0101jumi)  padara galvas lampu piel\u0101gojumu da\u017e\u0101diem sporta veidiem.<\/p>\n<p>Cross Trail 3X USB akumulators ir viegli uzl\u0101d\u0113jam ma&scaron;\u012bn\u0101, vai pat  darb\u0101 s\u0113\u017eot pie datora. Pateicoties mitrumiztur\u012bgajam korpusam (IPX6),  galvas lampa sp\u0113s iztur\u0113t pat visskarb\u0101kos apst\u0101k\u013cus.<\/p>\n<p><strong>Tehnisk\u0101 specifik\u0101cija<\/strong><\/p>\n<p><em>Stiprin\u0101jumi: <\/em>Uz galvas, velosip\u0113da st\u016bres vai \u0137iveres<\/p>\n<p><em>Baterijas:&nbsp;1x Rechargeable 0.9Ah LiPo USB<\/em><\/p>\n<p><em>Bateriju indikators: <\/em>R\u0101da bateriju izl\u0101des l\u012bmeni lukturi izsl\u0113dzot<\/p>\n<p><em>Gaismas stara veids:<\/em> Intelligent Light&reg;<\/p>\n<p><em>Spuldz\u012btes tips:<\/em> 1x High Power + 2x platle\u0146\u0137a LED<\/p>\n<p><em>Uzl\u0101des laiks: 4h<\/em><\/p>\n<p><em>Gaismas stara t\u0101lums: <\/em>120m<\/p>\n<p><em>Gaismas stara spilgtums<\/em>: 400 Lumeni<\/p>\n<p>\u016adensiztur\u012bba: IPX 6 &ndash; &scaron;\u013cakatu dro&scaron;s<\/p>\n<p>Svars (ieskaitot akumulatoru): 145g<\/p>\n<p>&nbsp;<\/p>\n","protected":false},"excerpt":{"rendered":"<p>Multifunkcion\u0101la galvas lampa, kas paredz\u0113ta skr\u0113j\u0113jiem, rite\u0146brauc\u0113jiem un distan\u010du sl\u0113pot\u0101jiem. Intelligent Light&reg; gaismas paterns nodro&scaron;ina t\u0101lu gaismas staru un gaismu pie k\u0101j\u0101m vienlaic\u012bgi, palielinot dro&scaron;\u012bbu skr\u0113jiena laik\u0101. Multi-stiprin\u0101jums (galvas lente, velosip\u0113da un \u0137iveres stiprin\u0101jumi) padara galvas lampu piel\u0101gojumu da\u017e\u0101diem sporta veidiem. Cross Trail 3X USB akumulators ir viegli uzl\u0101d\u0113jam ma&scaron;\u012bn\u0101, vai pat darb\u0101 s\u0113\u017eot pie [&hellip;]<\/p>\n","protected":false},"featured_media":73812,"template":"","meta":[],"product_brand":[3438],"product_cat":[4558,4572],"product_tag":[],"class_list":{"0":"post-79681","1":"product","2":"type-product","3":"status-publish","4":"has-post-thumbnail","6":"product_brand-silva","7":"product_cat-for-tourism-recreation","8":"product_cat-lights-for-tourism-recreation","10":"first","11":"instock","12":"shipping-taxable","13":"purchasable","14":"product-type-simple"},"_links":{"self":[{"href":"https:\/\/sezona.lv\/en\/wp-json\/wp\/v2\/product\/79681","targetHints":{"allow":["GET"]}}],"collection":[{"href":"https:\/\/sezona.lv\/en\/wp-json\/wp\/v2\/product"}],"about":[{"href":"https:\/\/sezona.lv\/en\/wp-json\/wp\/v2\/types\/product"}],"wp:featuredmedia":[{"embeddable":true,"href":"https:\/\/sezona.lv\/en\/wp-json\/wp\/v2\/media\/73812"}],"wp:attachment":[{"href":"https:\/\/sezona.lv\/en\/wp-json\/wp\/v2\/media?parent=79681"}],"wp:term":[{"taxonomy":"product_brand","embeddable":true,"href":"https:\/\/sezona.lv\/en\/wp-json\/wp\/v2\/product_brand?post=79681"},{"taxonomy":"product_cat","embeddable":true,"href":"https:\/\/sezona.lv\/en\/wp-json\/wp\/v2\/product_cat?post=79681"},{"taxonomy":"product_tag","embeddable":true,"href":"https:\/\/sezona.lv\/en\/wp-json\/wp\/v2\/product_tag?post=79681"}],"curies":[{"name":"wp","href":"https:\/\/api.w.org\/{rel}","templated":true}]}}