{"id":79682,"date":"2025-07-14T15:44:14","date_gmt":"2025-07-14T12:44:14","guid":{"rendered":"https:\/\/demo8.ecube.lv\/sezona.lv\/products\/silva-pieres-lukturis-explore-2x\/"},"modified":"2025-07-14T15:44:14","modified_gmt":"2025-07-14T12:44:14","slug":"silva-pieres-lukturis-explore-2x","status":"publish","type":"product","link":"https:\/\/sezona.lv\/en\/products\/silva-pieres-lukturis-explore-2x\/","title":{"rendered":"Silva Pieres lukturis Explore 2X"},"content":{"rendered":"<p><span style=\"font-size: large\">Galvas lampa explore paredz\u0113ta  lieto&scaron;anai skarb\u0101kajos apst\u0101k\u013cos t\u0101pat, k\u0101 visas Silva &ldquo;outdoor &rdquo;  s\u0113rijas galvas lampas. T\u0101 ir mitrumiztur\u012bga (IPX7), \u013coti kompakta.  Ide\u0101li piem\u0113rota mak&scaron;\u0137er\u0113jot, ejot med\u012bb\u0101s, vai ar\u012b kempingojot pie  dabas.<\/span><\/p>\n<p><span style=\"font-size: large\">Explore lampa ir apr\u012bkota gan ar  sarkano, gan oran\u017eo gaismu. Oran\u017e\u0101 gaisma paredz\u0113ta prec\u012bzai inform\u0101cija  nolas\u012b&scaron;anai no kartes tums\u0101. Liela iesl\u0113g&scaron;anas\/izsl\u0113g&scaron;anas poga ir \u013coti  \u0113rti lietojama, pat ar cimdiem. Komplekt\u0101 ietilpst klip&scaron;veida  stiprin\u0101jums, ko var piemont\u0113t pie \u0137iveres vai ar\u012b pie somas lences u.c. <\/span><\/p>\n<p><span style=\"font-size: large\">Silva Intelligent Light&reg; tehnolo\u0123ija  nodro&scaron;ina tuvu izklied\u0113tu gaismu un t\u0101lu gaismas staru vienlaic\u012bgi,  palielinot dro&scaron;\u012bbu un iesp\u0113ju piln\u012bg\u0101k analiz\u0113t apk\u0101rtni, kur\u0101  sportojat!<\/span><\/p>\n<p><span style=\"font-size: large\">Stiprin\u0101jums: galvas lente, \u0137iveres un jostas stiprin\u0101jums<\/span><\/p>\n<p><span style=\"font-size: large\">Baterija: LiPo 700 mAh<br \/> <\/span><\/p>\n<p><span style=\"font-size: large\">Baterijas indikators: ieb\u016bv\u0113ts LED<\/span><\/p>\n<p><span style=\"font-size: large\">Gaismas stara veids: Intelligent Light&reg;<\/span><\/p>\n<p><span style=\"font-size: large\">Spuldzes tips: 1x High Power LED<\/span><\/p>\n<p><span style=\"font-size: large\">Gaismas re\u017e\u012bmi: Max, Min, Mirgojo&scaron;s, Sarkans, Oran\u017es<\/span><\/p>\n<p><span style=\"font-size: large\">Gaismas spilgtums: 250 lumeni<\/span><\/p>\n<p><span style=\"font-size: large\">Mitrumiztur\u012bba: IPX7<\/span><\/p>\n<p><span style=\"font-size: large\">Svars: 47g<\/span><\/p>\n<p>&nbsp;<\/p>\n","protected":false},"excerpt":{"rendered":"<p>Galvas lampa explore paredz\u0113ta lieto&scaron;anai skarb\u0101kajos apst\u0101k\u013cos t\u0101pat, k\u0101 visas Silva &ldquo;outdoor &rdquo; s\u0113rijas galvas lampas. T\u0101 ir mitrumiztur\u012bga (IPX7), \u013coti kompakta. Ide\u0101li piem\u0113rota mak&scaron;\u0137er\u0113jot, ejot med\u012bb\u0101s, vai ar\u012b kempingojot pie dabas. Explore lampa ir apr\u012bkota gan ar sarkano, gan oran\u017eo gaismu. Oran\u017e\u0101 gaisma paredz\u0113ta prec\u012bzai inform\u0101cija nolas\u012b&scaron;anai no kartes tums\u0101. Liela iesl\u0113g&scaron;anas\/izsl\u0113g&scaron;anas poga ir [&hellip;]<\/p>\n","protected":false},"featured_media":0,"template":"","meta":[],"product_brand":[3438],"product_cat":[4558,4572,4640],"product_tag":[],"class_list":{"0":"post-79682","1":"product","2":"type-product","3":"status-publish","5":"product_brand-silva","6":"product_cat-for-tourism-recreation","7":"product_cat-lights-for-tourism-recreation","8":"product_cat-recreation","10":"first","11":"instock","12":"shipping-taxable","13":"purchasable","14":"product-type-simple"},"_links":{"self":[{"href":"https:\/\/sezona.lv\/en\/wp-json\/wp\/v2\/product\/79682","targetHints":{"allow":["GET"]}}],"collection":[{"href":"https:\/\/sezona.lv\/en\/wp-json\/wp\/v2\/product"}],"about":[{"href":"https:\/\/sezona.lv\/en\/wp-json\/wp\/v2\/types\/product"}],"wp:attachment":[{"href":"https:\/\/sezona.lv\/en\/wp-json\/wp\/v2\/media?parent=79682"}],"wp:term":[{"taxonomy":"product_brand","embeddable":true,"href":"https:\/\/sezona.lv\/en\/wp-json\/wp\/v2\/product_brand?post=79682"},{"taxonomy":"product_cat","embeddable":true,"href":"https:\/\/sezona.lv\/en\/wp-json\/wp\/v2\/product_cat?post=79682"},{"taxonomy":"product_tag","embeddable":true,"href":"https:\/\/sezona.lv\/en\/wp-json\/wp\/v2\/product_tag?post=79682"}],"curies":[{"name":"wp","href":"https:\/\/api.w.org\/{rel}","templated":true}]}}