{"id":79683,"date":"2025-07-11T17:10:50","date_gmt":"2025-07-11T14:10:50","guid":{"rendered":"https:\/\/demo8.ecube.lv\/sezona.lv\/products\/silva-pieres-lukturis-exceed-2x\/"},"modified":"2025-07-14T15:44:15","modified_gmt":"2025-07-14T12:44:15","slug":"silva-pieres-lukturis-exceed-2x","status":"publish","type":"product","link":"https:\/\/sezona.lv\/en\/products\/silva-pieres-lukturis-exceed-2x\/","title":{"rendered":"Silva Pieres lukturis EXCEED 2X"},"content":{"rendered":"<p><span style=\"font-size: large\">Exceed 2X ir viens no Silvas  jaun\u0101kajiem augstas veiktsp\u0113jas lukturiem, kas speci\u0101li izstr\u0101d\u0101ts  priek&scaron; \u0101triem sporta veidiem, piem\u0113ram, orient\u0113&scaron;an\u0101s, skrie&scaron;ana,  rite\u0146brauk&scaron;ana un sl\u0113po&scaron;ana!<\/span><\/p>\n<p><span style=\"font-size: large\">Silva Exceed n\u0101k kl\u0101j\u0101 ar pavisam  jaunu funkciju &ndash; aktivit\u0101tes re\u017e\u012bmiem! Ar &scaron;o re\u017e\u012bmu iesp\u0113jams optimiz\u0113t  gaismas staru atbilsto&scaron;i sporta veidam, ar kuriem J\u016bs nodarbojaties.  Iesl\u0113dzot mekl\u0113&scaron;anas re\u017e\u012bmu, luktura gaisma sasniedz 2000 lumenu  spilgtumu, kas, iesp\u0113jams, p\u0101rsp\u0113j jebkuru citu lukturi tirgu.<\/span><\/p>\n<p><span style=\"font-size: large\">Silva Intelligent Light&reg; tehnolo\u0123ija  nodro&scaron;ina tuvu izklied\u0113tu gaismu un t\u0101lu gaismas staru vienlaic\u012bgi,  palielinot dro&scaron;\u012bbu un iesp\u0113ju piln\u012bg\u0101k analiz\u0113t apk\u0101rtni, kur\u0101  sportojat! Luktura daudzie stiprin\u0101juma veidi padara to \u013coti praktisku,  piem\u0113ram, J\u016bs variet to piestiprin\u0101t pie rite\u0146a st\u016bres vai \u0137iveres.  Akumulators ir l\u0101d\u0113jams caur USB ligzdu.<\/span><\/p>\n<p><span style=\"font-size: large\">Lukturis ir apr\u012bkots ar baterijas  indikatoru, kas s\u0101k signaliz\u0113t, ja 25% akumulatora ener\u0123ijas vairs  palicis, p\u0113c 10 % lampa samazina gaismas spilgtumu un p\u0101riet rezerves  re\u017e\u012bm\u0101.<\/span><\/p>\n<p><span style=\"font-size: large\">Exceed nebaid\u0101s no \u016bdens, jo tas atbilsts IPX5 sertifik\u0101cijai!<\/span><\/p>\n<ul>\n<li><span style=\"font-size: large\">Stiprin\u0101jums: galvas lente, \u0137iveres un st\u016bres stiprin\u0101jumi<\/span><\/li>\n<li><span style=\"font-size: large\">Akumulators: 1 x 3.3 AH LiPo USB<\/span><\/li>\n<li><span style=\"font-size: large\">Baterijas indikators: Led indikators<\/span><\/li>\n<li><span style=\"font-size: large\">Gaismas stara veids: Aktivit\u0101tes re\u017e\u012bms\/ Intelligent Light&reg;<\/span><\/li>\n<li><span style=\"font-size: large\">Spuldz\u012btes veids: 3 x High Power LED<\/span><\/li>\n<li><span style=\"font-size: large\">Uzl\u0101des laiks: 4h<\/span><\/li>\n<li><span style=\"font-size: large\">Gaismas stars: 100m, 175m, 40m<br \/> <\/span><\/li>\n<li><span style=\"font-size: large\">Gaismas re\u017e\u012bmi: Max\/Min: MTB, sl\u0113po&scaron;ana, skrie&scaron;ana, mekl\u0113&scaron;anas re\u017e\u012bms un mirgojo&scaron;s<\/span><\/li>\n<li><span style=\"font-size: large\">Gaismas spilgtums: 1500 Lumen, 2000 (boost), 600 Lumen, 80 Lumen<br \/> <\/span><\/li>\n<li><span style=\"font-size: large\">\u016adens dro&scaron;s: IPX 5<br \/> <\/span><\/li>\n<li><span style=\"font-size: large\">Svars: 149 g<\/span><\/li>\n<\/ul>\n<p>&nbsp;<\/p>\n","protected":false},"excerpt":{"rendered":"<p>Exceed 2X ir viens no Silvas jaun\u0101kajiem augstas veiktsp\u0113jas lukturiem, kas speci\u0101li izstr\u0101d\u0101ts priek&scaron; \u0101triem sporta veidiem, piem\u0113ram, orient\u0113&scaron;an\u0101s, skrie&scaron;ana, rite\u0146brauk&scaron;ana un sl\u0113po&scaron;ana! Silva Exceed n\u0101k kl\u0101j\u0101 ar pavisam jaunu funkciju &ndash; aktivit\u0101tes re\u017e\u012bmiem! Ar &scaron;o re\u017e\u012bmu iesp\u0113jams optimiz\u0113t gaismas staru atbilsto&scaron;i sporta veidam, ar kuriem J\u016bs nodarbojaties. Iesl\u0113dzot mekl\u0113&scaron;anas re\u017e\u012bmu, luktura gaisma sasniedz 2000 [&hellip;]<\/p>\n","protected":false},"featured_media":73819,"template":"","meta":[],"product_brand":[3438],"product_cat":[4558,4572],"product_tag":[],"class_list":{"0":"post-79683","1":"product","2":"type-product","3":"status-publish","4":"has-post-thumbnail","6":"product_brand-silva","7":"product_cat-for-tourism-recreation","8":"product_cat-lights-for-tourism-recreation","10":"first","11":"instock","12":"shipping-taxable","13":"purchasable","14":"product-type-simple"},"_links":{"self":[{"href":"https:\/\/sezona.lv\/en\/wp-json\/wp\/v2\/product\/79683","targetHints":{"allow":["GET"]}}],"collection":[{"href":"https:\/\/sezona.lv\/en\/wp-json\/wp\/v2\/product"}],"about":[{"href":"https:\/\/sezona.lv\/en\/wp-json\/wp\/v2\/types\/product"}],"wp:featuredmedia":[{"embeddable":true,"href":"https:\/\/sezona.lv\/en\/wp-json\/wp\/v2\/media\/73819"}],"wp:attachment":[{"href":"https:\/\/sezona.lv\/en\/wp-json\/wp\/v2\/media?parent=79683"}],"wp:term":[{"taxonomy":"product_brand","embeddable":true,"href":"https:\/\/sezona.lv\/en\/wp-json\/wp\/v2\/product_brand?post=79683"},{"taxonomy":"product_cat","embeddable":true,"href":"https:\/\/sezona.lv\/en\/wp-json\/wp\/v2\/product_cat?post=79683"},{"taxonomy":"product_tag","embeddable":true,"href":"https:\/\/sezona.lv\/en\/wp-json\/wp\/v2\/product_tag?post=79683"}],"curies":[{"name":"wp","href":"https:\/\/api.w.org\/{rel}","templated":true}]}}