{"id":79685,"date":"2025-07-11T17:10:54","date_gmt":"2025-07-11T14:10:54","guid":{"rendered":"https:\/\/demo8.ecube.lv\/sezona.lv\/products\/silva-pieres-lukturis-trail-runner-3x-2\/"},"modified":"2025-07-14T15:44:16","modified_gmt":"2025-07-14T12:44:16","slug":"silva-pieres-lukturis-trail-runner-3x-2","status":"publish","type":"product","link":"https:\/\/sezona.lv\/en\/products\/silva-pieres-lukturis-trail-runner-3x-2\/","title":{"rendered":"Silva Pieres lukturis TRAIL RUNNER 3X"},"content":{"rendered":"<p>Galvas lampa TRAIL RUNNER 3X ir&nbsp;lieliska izv\u0113le skrie&scaron;anai, kas  \u013cauj&nbsp;sportot jebkur\u0101 viet\u0101 un jebkur\u0101&nbsp;dienakts laik\u0101. Ekstra  plat\u0101,&nbsp;gumijot\u0101 josta garant\u0113 komfortu&nbsp;skrienot. USB  akumulatora&nbsp;l\u0101d\u0113&scaron;anas iesp\u0113ja nodro&scaron;ina \u0113rtu uzl\u0101di, piesl\u0113dzot galvas  lampu&nbsp;datoram. SILVA TRAIL RUNNER 3X izmanto SILVA Intelligent  LIght&nbsp;tehnolo\u0123oju, kas nodro&scaron;ina unik\u0101lu&nbsp;kombin\u0101ciju strap t\u0101lu  gaismas&nbsp;staru un izklied\u0113jo&scaron;u gaismu vien\u0101&nbsp;un taj\u0101 pa&scaron;a br\u012bd\u012b &ndash; gaismu  kur t\u0101&nbsp;nepiecie&scaron;ama visvair\u0101k.<\/p>\n<p>&nbsp;<\/p>\n<p>Apraksts:Baterijas &ndash; 1x Rechargeable 1.8Ah LiPo USB (\u0101r\u0113jais bateriju&nbsp;nodal\u012bjums)<br \/> Bateriju indikators &ndash;&nbsp;Par\u0101da baterijas izl\u0101des satusu, kad&nbsp;izsl\u0113dz lukturi<br \/> Stara veids &ndash; Intelligent&nbsp;Light, optimiz\u0113t\u0101 gaismas stara&nbsp;izklied\u0113&scaron;ana<br \/> Sp\u016bldz\u012btes tips &ndash; 1 x red\/green LED, 2 x semi high power LEDs<br \/> Gaismas stara&nbsp;t\u0101lums &ndash; 65 m<br \/> Re\u017e\u012bmi- min.,max.,&nbsp;mirgojo&scaron;s<br \/> Gaismas spilgtums &ndash; 250 lumeni<br \/> Mitrumiztur\u012bba &ndash; IPX5<br \/> Svars (iek\u013caujot baterijas) &ndash; 124 g<\/p>\n","protected":false},"excerpt":{"rendered":"<p>Galvas lampa TRAIL RUNNER 3X ir&nbsp;lieliska izv\u0113le skrie&scaron;anai, kas \u013cauj&nbsp;sportot jebkur\u0101 viet\u0101 un jebkur\u0101&nbsp;dienakts laik\u0101. Ekstra plat\u0101,&nbsp;gumijot\u0101 josta garant\u0113 komfortu&nbsp;skrienot. USB akumulatora&nbsp;l\u0101d\u0113&scaron;anas iesp\u0113ja nodro&scaron;ina \u0113rtu uzl\u0101di, piesl\u0113dzot galvas lampu&nbsp;datoram. SILVA TRAIL RUNNER 3X izmanto SILVA Intelligent LIght&nbsp;tehnolo\u0123oju, kas nodro&scaron;ina unik\u0101lu&nbsp;kombin\u0101ciju strap t\u0101lu gaismas&nbsp;staru un izklied\u0113jo&scaron;u gaismu vien\u0101&nbsp;un taj\u0101 pa&scaron;a br\u012bd\u012b &ndash; gaismu kur t\u0101&nbsp;nepiecie&scaron;ama visvair\u0101k. [&hellip;]<\/p>\n","protected":false},"featured_media":73850,"template":"","meta":[],"product_brand":[3438],"product_cat":[4558,4572],"product_tag":[],"class_list":{"0":"post-79685","1":"product","2":"type-product","3":"status-publish","4":"has-post-thumbnail","6":"product_brand-silva","7":"product_cat-for-tourism-recreation","8":"product_cat-lights-for-tourism-recreation","10":"first","11":"instock","12":"shipping-taxable","13":"purchasable","14":"product-type-simple"},"_links":{"self":[{"href":"https:\/\/sezona.lv\/en\/wp-json\/wp\/v2\/product\/79685","targetHints":{"allow":["GET"]}}],"collection":[{"href":"https:\/\/sezona.lv\/en\/wp-json\/wp\/v2\/product"}],"about":[{"href":"https:\/\/sezona.lv\/en\/wp-json\/wp\/v2\/types\/product"}],"wp:featuredmedia":[{"embeddable":true,"href":"https:\/\/sezona.lv\/en\/wp-json\/wp\/v2\/media\/73850"}],"wp:attachment":[{"href":"https:\/\/sezona.lv\/en\/wp-json\/wp\/v2\/media?parent=79685"}],"wp:term":[{"taxonomy":"product_brand","embeddable":true,"href":"https:\/\/sezona.lv\/en\/wp-json\/wp\/v2\/product_brand?post=79685"},{"taxonomy":"product_cat","embeddable":true,"href":"https:\/\/sezona.lv\/en\/wp-json\/wp\/v2\/product_cat?post=79685"},{"taxonomy":"product_tag","embeddable":true,"href":"https:\/\/sezona.lv\/en\/wp-json\/wp\/v2\/product_tag?post=79685"}],"curies":[{"name":"wp","href":"https:\/\/api.w.org\/{rel}","templated":true}]}}