{"id":79686,"date":"2025-07-11T17:10:55","date_gmt":"2025-07-11T14:10:55","guid":{"rendered":"https:\/\/demo8.ecube.lv\/sezona.lv\/products\/campingaz-gazes-laterna-camping-206l\/"},"modified":"2025-07-14T15:44:18","modified_gmt":"2025-07-14T12:44:18","slug":"campingaz-gazes-laterna-camping-206l","status":"publish","type":"product","link":"https:\/\/sezona.lv\/en\/products\/campingaz-gazes-laterna-camping-206l\/","title":{"rendered":"Campingaz g\u0101zes laterna CAMPING 206L"},"content":{"rendered":"<p>&nbsp;<\/p>\n<p>Vienk\u0101r&scaron;a, paraktiska un uzticama g\u0101zes laterna, kas darbojas ar Campingaz caurduramajiem g\u0101zes baloniem.<\/p>\n<p>Deg&scaron;anas laiks ar CV470: 5h<br \/> Jauda: 80 Watt<\/p>\n<p>&nbsp;<\/p>\n","protected":false},"excerpt":{"rendered":"<p>&nbsp; Vienk\u0101r&scaron;a, paraktiska un uzticama g\u0101zes laterna, kas darbojas ar Campingaz caurduramajiem g\u0101zes baloniem. Deg&scaron;anas laiks ar CV470: 5h Jauda: 80 Watt &nbsp;<\/p>\n","protected":false},"featured_media":73861,"template":"","meta":[],"product_brand":[],"product_cat":[4558,4724],"product_tag":[],"class_list":{"0":"post-79686","1":"product","2":"type-product","3":"status-publish","4":"has-post-thumbnail","6":"product_cat-for-tourism-recreation","7":"product_cat-gas-lanterns-gas-stoves-burners-lanterns-heaters-for-tourism-recreation","9":"first","10":"instock","11":"shipping-taxable","12":"purchasable","13":"product-type-simple"},"_links":{"self":[{"href":"https:\/\/sezona.lv\/en\/wp-json\/wp\/v2\/product\/79686","targetHints":{"allow":["GET"]}}],"collection":[{"href":"https:\/\/sezona.lv\/en\/wp-json\/wp\/v2\/product"}],"about":[{"href":"https:\/\/sezona.lv\/en\/wp-json\/wp\/v2\/types\/product"}],"wp:featuredmedia":[{"embeddable":true,"href":"https:\/\/sezona.lv\/en\/wp-json\/wp\/v2\/media\/73861"}],"wp:attachment":[{"href":"https:\/\/sezona.lv\/en\/wp-json\/wp\/v2\/media?parent=79686"}],"wp:term":[{"taxonomy":"product_brand","embeddable":true,"href":"https:\/\/sezona.lv\/en\/wp-json\/wp\/v2\/product_brand?post=79686"},{"taxonomy":"product_cat","embeddable":true,"href":"https:\/\/sezona.lv\/en\/wp-json\/wp\/v2\/product_cat?post=79686"},{"taxonomy":"product_tag","embeddable":true,"href":"https:\/\/sezona.lv\/en\/wp-json\/wp\/v2\/product_tag?post=79686"}],"curies":[{"name":"wp","href":"https:\/\/api.w.org\/{rel}","templated":true}]}}