{"id":79689,"date":"2025-07-14T15:44:20","date_gmt":"2025-07-14T12:44:20","guid":{"rendered":"https:\/\/demo8.ecube.lv\/sezona.lv\/products\/thermarest-paspiepusamais-matracis-basecamp-af-r\/"},"modified":"2025-07-14T15:44:20","modified_gmt":"2025-07-14T12:44:20","slug":"thermarest-paspiepusamais-matracis-basecamp-af-r","status":"publish","type":"product","link":"https:\/\/sezona.lv\/en\/products\/thermarest-paspiepusamais-matracis-basecamp-af-r\/","title":{"rendered":"Thermarest pa\u0161piep\u016b\u0161amais matracis BaseCamp AF R"},"content":{"rendered":"<p>Joproj\u0101m guliet uz sava pl\u0101n\u0101 p\u0101rg\u0101jiena pakl\u0101ji\u0146a pat tad, ja  dodieties ar draugiem kemping\u0101 pie dabas? BaseCamp AF nodro&scaron;ina luksus  klases komfortu bez lieka svara.&nbsp; AirFrame konstrukcija veidota  no paralona put\u0101m un gaisa kambariem, t\u0101d\u0101 veid\u0101 samazinot pakl\u0101ji\u0146a  svaru, tom\u0113r saglab\u0101jot komfortu. &Scaron;is pa&scaron;piep\u016b&scaron;amais matracis ir  kompakts un n\u0101k komplekt\u0101 ar jauno, uzlabotu iepakojumu p\u0101rvad\u0101&scaron;anai un  glab\u0101&scaron;anai.<\/p>\n<p class=\"rValueChart\"><img decoding=\"async\" src=\"http:\/\/www.cascadedesigns.com\/gfx\/tar\/rvalue_basecamp_af_2016.png\" alt=\"Therm-a-Rest Basecamp mattress R value chart\" \/><\/p>\n<p>&nbsp;<\/p>\n<p><span id=\"lblProductName\">BaseCamp<sup>&trade;<\/sup> AF<\/span><\/p>\n<table class=\"specChart\" border=\"0\">\n<tbody>\n<tr>\n<td class=\"tColHead1\"><\/td>\n<td class=\"tColHead\">REGULAR<\/td>\n<td class=\"tColHead\">L<\/td>\n<td class=\"tColHead\">XL<\/td>\n<\/tr>\n<tr>\n<td class=\"tRowHead\">Kr\u0101sa<\/td>\n<td>Mediterranean Blue<\/td>\n<td>Mediterranean Blue<\/td>\n<td>Mediterranean Blue<\/td>\n<\/tr>\n<tr>\n<td class=\"tRowHead\">R-Value<\/td>\n<td>1.7<\/td>\n<td>1.7<\/td>\n<td>1.7<\/td>\n<\/tr>\n<tr>\n<td class=\"tRowHead\">Svars<\/td>\n<td>1 lbs 13 oz \/ 820 g<\/td>\n<td>2 lbs 7 oz \/ 1.1 k<\/td>\n<td>2 lbs 15 oz \/ 1.33 k<\/td>\n<\/tr>\n<tr>\n<td class=\"tRowHead\">Platums<\/td>\n<td>20 in \/ 51 cm<\/td>\n<td>25 in \/ 63 cm<\/td>\n<td>30 in \/ 76 cm<\/td>\n<\/tr>\n<tr>\n<td class=\"tRowHead\">Garums<\/td>\n<td>72 in \/ 183 cm<\/td>\n<td>77 in \/ 196 cm<\/td>\n<td>77 in \/ 196 cm<\/td>\n<\/tr>\n<tr>\n<td class=\"tRowHead\">Biezums<\/td>\n<td>2.5 in \/ 6.3 cm<\/td>\n<td>2.5 in \/ 6.3 cm<\/td>\n<td>2.5 in \/ 6.3 cm<\/td>\n<\/tr>\n<tr>\n<td class=\"tRowHead\">Sapakot\u0101 veid\u0101<\/td>\n<td>7.0 x 12 \/ 18 x 31<\/td>\n<td>7.0 x 14.5 \/ 18 x 37<\/td>\n<td>7.0 x 17 \/ 18 x 43<\/td>\n<\/tr>\n<tr>\n<td class=\"tRowHead\">Tilpums<\/td>\n<td>3600 cu. in<\/td>\n<td>4813 cu. in<\/td>\n<td>5775 cu. in<\/td>\n<\/tr>\n<tr>\n<td class=\"tRowHead\">Virsmas materi\u0101ls<\/td>\n<td>75d Polyester Hex Rip<\/td>\n<td>75d Polyester Hex Rip<\/td>\n<td>75d Polyester Hex Rip<\/td>\n<\/tr>\n<tr>\n<td class=\"tRowHead\">Apak&scaron;as materi\u0101ls<\/td>\n<td>75d Polyester<\/td>\n<td>75d Polyester<\/td>\n<td>75d Polyester<\/td>\n<\/tr>\n<tr>\n<td class=\"tRowHead\">Putu veids<\/td>\n<td>Urethane Foam<\/td>\n<td>Urethane Foam<\/td>\n<td>Urethane Foam<\/td>\n<\/tr>\n<tr>\n<td class=\"tRowHead\">Ra\u017eots<\/td>\n<td>USA*Built of the Finest U.S. and Global Materials<\/td>\n<td>USA*Built of the Finest U.S. and Global Materials<\/td>\n<td>USA*Built of the Finest U.S. and Global Mat<\/td>\n<\/tr>\n<\/tbody>\n<\/table>\n","protected":false},"excerpt":{"rendered":"<p>Joproj\u0101m guliet uz sava pl\u0101n\u0101 p\u0101rg\u0101jiena pakl\u0101ji\u0146a pat tad, ja dodieties ar draugiem kemping\u0101 pie dabas? BaseCamp AF nodro&scaron;ina luksus klases komfortu bez lieka svara.&nbsp; AirFrame konstrukcija veidota no paralona put\u0101m un gaisa kambariem, t\u0101d\u0101 veid\u0101 samazinot pakl\u0101ji\u0146a svaru, tom\u0113r saglab\u0101jot komfortu. &Scaron;is pa&scaron;piep\u016b&scaron;amais matracis ir kompakts un n\u0101k komplekt\u0101 ar jauno, uzlabotu iepakojumu p\u0101rvad\u0101&scaron;anai [&hellip;]<\/p>\n","protected":false},"featured_media":0,"template":"","meta":[],"product_brand":[3434],"product_cat":[4558,4640,4663,4772],"product_tag":[],"class_list":{"0":"post-79689","1":"product","2":"type-product","3":"status-publish","5":"product_brand-therm-a-rest","6":"product_cat-for-tourism-recreation","7":"product_cat-recreation","8":"product_cat-mattresses-and-travel-mats-for-tourism-recreation","9":"product_cat-self-inflating-mattresses-mattresses-and-travel-mats-for-tourism-recreation","11":"first","12":"instock","13":"shipping-taxable","14":"purchasable","15":"product-type-simple"},"_links":{"self":[{"href":"https:\/\/sezona.lv\/en\/wp-json\/wp\/v2\/product\/79689","targetHints":{"allow":["GET"]}}],"collection":[{"href":"https:\/\/sezona.lv\/en\/wp-json\/wp\/v2\/product"}],"about":[{"href":"https:\/\/sezona.lv\/en\/wp-json\/wp\/v2\/types\/product"}],"wp:attachment":[{"href":"https:\/\/sezona.lv\/en\/wp-json\/wp\/v2\/media?parent=79689"}],"wp:term":[{"taxonomy":"product_brand","embeddable":true,"href":"https:\/\/sezona.lv\/en\/wp-json\/wp\/v2\/product_brand?post=79689"},{"taxonomy":"product_cat","embeddable":true,"href":"https:\/\/sezona.lv\/en\/wp-json\/wp\/v2\/product_cat?post=79689"},{"taxonomy":"product_tag","embeddable":true,"href":"https:\/\/sezona.lv\/en\/wp-json\/wp\/v2\/product_tag?post=79689"}],"curies":[{"name":"wp","href":"https:\/\/api.w.org\/{rel}","templated":true}]}}