{"id":79692,"date":"2025-07-11T17:11:02","date_gmt":"2025-07-11T14:11:02","guid":{"rendered":"https:\/\/demo8.ecube.lv\/sezona.lv\/products\/thermarest-paspiepusamais-matracis-prolite-plus-l\/"},"modified":"2025-07-14T15:44:23","modified_gmt":"2025-07-14T12:44:23","slug":"thermarest-paspiepusamais-matracis-prolite-plus-l","status":"publish","type":"product","link":"https:\/\/sezona.lv\/en\/products\/thermarest-paspiepusamais-matracis-prolite-plus-l\/","title":{"rendered":"Thermarest pa\u0161piep\u016b\u0161amais matracis PROLITE PLUS L"},"content":{"rendered":"<p>Viegl\u0101kais un kompakt\u0101kais Thermarest \u010cETRU sezonu matracis. Biezums 3.8 cm,<br \/> R-v\u0113rt\u012bba &ndash; 3.8.<\/p>\n<p>Large: svars 940g<\/p>\n","protected":false},"excerpt":{"rendered":"<p>Viegl\u0101kais un kompakt\u0101kais Thermarest \u010cETRU sezonu matracis. Biezums 3.8 cm, R-v\u0113rt\u012bba &ndash; 3.8. Large: svars 940g<\/p>\n","protected":false},"featured_media":73873,"template":"","meta":[],"product_brand":[3434],"product_cat":[4558,4663,4772],"product_tag":[],"class_list":{"0":"post-79692","1":"product","2":"type-product","3":"status-publish","4":"has-post-thumbnail","6":"product_brand-therm-a-rest","7":"product_cat-for-tourism-recreation","8":"product_cat-mattresses-and-travel-mats-for-tourism-recreation","9":"product_cat-self-inflating-mattresses-mattresses-and-travel-mats-for-tourism-recreation","11":"first","12":"instock","13":"shipping-taxable","14":"purchasable","15":"product-type-simple"},"_links":{"self":[{"href":"https:\/\/sezona.lv\/en\/wp-json\/wp\/v2\/product\/79692","targetHints":{"allow":["GET"]}}],"collection":[{"href":"https:\/\/sezona.lv\/en\/wp-json\/wp\/v2\/product"}],"about":[{"href":"https:\/\/sezona.lv\/en\/wp-json\/wp\/v2\/types\/product"}],"wp:featuredmedia":[{"embeddable":true,"href":"https:\/\/sezona.lv\/en\/wp-json\/wp\/v2\/media\/73873"}],"wp:attachment":[{"href":"https:\/\/sezona.lv\/en\/wp-json\/wp\/v2\/media?parent=79692"}],"wp:term":[{"taxonomy":"product_brand","embeddable":true,"href":"https:\/\/sezona.lv\/en\/wp-json\/wp\/v2\/product_brand?post=79692"},{"taxonomy":"product_cat","embeddable":true,"href":"https:\/\/sezona.lv\/en\/wp-json\/wp\/v2\/product_cat?post=79692"},{"taxonomy":"product_tag","embeddable":true,"href":"https:\/\/sezona.lv\/en\/wp-json\/wp\/v2\/product_tag?post=79692"}],"curies":[{"name":"wp","href":"https:\/\/api.w.org\/{rel}","templated":true}]}}