{"id":79693,"date":"2025-07-11T17:11:04","date_gmt":"2025-07-11T14:11:04","guid":{"rendered":"https:\/\/demo8.ecube.lv\/sezona.lv\/products\/thermarest-paspiepusamais-matracis-prolite-r\/"},"modified":"2025-07-14T15:44:25","modified_gmt":"2025-07-14T12:44:25","slug":"thermarest-paspiepusamais-matracis-prolite-r","status":"publish","type":"product","link":"https:\/\/sezona.lv\/en\/products\/thermarest-paspiepusamais-matracis-prolite-r\/","title":{"rendered":"Thermarest pa\u0161piep\u016b\u0161amais matracis PROLITE R"},"content":{"rendered":"<p>Viegl\u0101kais un kompakt\u0101kais pa&scaron;piep\u016b&scaron;amais Thermarest TR\u012aS sezonu matracis. Biezums 2.5 cm,<br \/> R-v\u0113rt\u012bba &ndash; 2.2.<\/p>\n<p><em>Svars &ndash; 510 g<\/em><\/p>\n<p><em>Garums &ndash; 183 cm<\/em><\/p>\n<p><em>Platums &ndash; 51 cm<\/em><\/p>\n<p><em>Izm\u0113rs sapakojot &ndash; 28 x 10 cm<\/em><\/p>\n","protected":false},"excerpt":{"rendered":"<p>Viegl\u0101kais un kompakt\u0101kais pa&scaron;piep\u016b&scaron;amais Thermarest TR\u012aS sezonu matracis. Biezums 2.5 cm, R-v\u0113rt\u012bba &ndash; 2.2. Svars &ndash; 510 g Garums &ndash; 183 cm Platums &ndash; 51 cm Izm\u0113rs sapakojot &ndash; 28 x 10 cm<\/p>\n","protected":false},"featured_media":73876,"template":"","meta":[],"product_brand":[3434],"product_cat":[4558,4663,4772],"product_tag":[],"class_list":{"0":"post-79693","1":"product","2":"type-product","3":"status-publish","4":"has-post-thumbnail","6":"product_brand-therm-a-rest","7":"product_cat-for-tourism-recreation","8":"product_cat-mattresses-and-travel-mats-for-tourism-recreation","9":"product_cat-self-inflating-mattresses-mattresses-and-travel-mats-for-tourism-recreation","11":"first","12":"instock","13":"shipping-taxable","14":"purchasable","15":"product-type-simple"},"_links":{"self":[{"href":"https:\/\/sezona.lv\/en\/wp-json\/wp\/v2\/product\/79693","targetHints":{"allow":["GET"]}}],"collection":[{"href":"https:\/\/sezona.lv\/en\/wp-json\/wp\/v2\/product"}],"about":[{"href":"https:\/\/sezona.lv\/en\/wp-json\/wp\/v2\/types\/product"}],"wp:featuredmedia":[{"embeddable":true,"href":"https:\/\/sezona.lv\/en\/wp-json\/wp\/v2\/media\/73876"}],"wp:attachment":[{"href":"https:\/\/sezona.lv\/en\/wp-json\/wp\/v2\/media?parent=79693"}],"wp:term":[{"taxonomy":"product_brand","embeddable":true,"href":"https:\/\/sezona.lv\/en\/wp-json\/wp\/v2\/product_brand?post=79693"},{"taxonomy":"product_cat","embeddable":true,"href":"https:\/\/sezona.lv\/en\/wp-json\/wp\/v2\/product_cat?post=79693"},{"taxonomy":"product_tag","embeddable":true,"href":"https:\/\/sezona.lv\/en\/wp-json\/wp\/v2\/product_tag?post=79693"}],"curies":[{"name":"wp","href":"https:\/\/api.w.org\/{rel}","templated":true}]}}