{"id":79695,"date":"2025-07-14T15:44:27","date_gmt":"2025-07-14T12:44:27","guid":{"rendered":"https:\/\/demo8.ecube.lv\/sezona.lv\/products\/thermarest-paspiepusamais-matracis-trail-lite-r\/"},"modified":"2025-07-14T15:44:27","modified_gmt":"2025-07-14T12:44:27","slug":"thermarest-paspiepusamais-matracis-trail-lite-r","status":"publish","type":"product","link":"https:\/\/sezona.lv\/en\/products\/thermarest-paspiepusamais-matracis-trail-lite-r\/","title":{"rendered":"Thermarest pa\u0161piep\u016b\u0161amais matracis Trail Lite R"},"content":{"rendered":"<p>Perfekts matracis, kur\u0101 apvienots kompaktums un komforts. Viens no  viss univers\u0101l\u0101kajiem un pieejam\u0101kajiem pa&scaron; &nbsp;&ndash; piep\u016b&scaron;amajiem matra\u010diem.<\/p>\n<p>&nbsp;<\/p>\n<p>R &ndash; V\u0113rt\u012bba: 3,4<\/p>\n<p>Svars: 740 g<\/p>\n<p>Platums &ndash; 51 cm<\/p>\n<p>Garums &ndash; 183 cm<\/p>\n<p>Biezums &nbsp;&ndash; 3,8 cm<\/p>\n<p>Izm\u0113rs sapakojot &ndash; 28 x 15 cm<\/p>\n<p>&nbsp;<\/p>\n","protected":false},"excerpt":{"rendered":"<p>Perfekts matracis, kur\u0101 apvienots kompaktums un komforts. Viens no viss univers\u0101l\u0101kajiem un pieejam\u0101kajiem pa&scaron; &nbsp;&ndash; piep\u016b&scaron;amajiem matra\u010diem. &nbsp; R &ndash; V\u0113rt\u012bba: 3,4 Svars: 740 g Platums &ndash; 51 cm Garums &ndash; 183 cm Biezums &nbsp;&ndash; 3,8 cm Izm\u0113rs sapakojot &ndash; 28 x 15 cm &nbsp;<\/p>\n","protected":false},"featured_media":0,"template":"","meta":[],"product_brand":[3434],"product_cat":[4558,4640,4663,4772],"product_tag":[],"class_list":{"0":"post-79695","1":"product","2":"type-product","3":"status-publish","5":"product_brand-therm-a-rest","6":"product_cat-for-tourism-recreation","7":"product_cat-recreation","8":"product_cat-mattresses-and-travel-mats-for-tourism-recreation","9":"product_cat-self-inflating-mattresses-mattresses-and-travel-mats-for-tourism-recreation","11":"first","12":"instock","13":"shipping-taxable","14":"purchasable","15":"product-type-simple"},"_links":{"self":[{"href":"https:\/\/sezona.lv\/en\/wp-json\/wp\/v2\/product\/79695","targetHints":{"allow":["GET"]}}],"collection":[{"href":"https:\/\/sezona.lv\/en\/wp-json\/wp\/v2\/product"}],"about":[{"href":"https:\/\/sezona.lv\/en\/wp-json\/wp\/v2\/types\/product"}],"wp:attachment":[{"href":"https:\/\/sezona.lv\/en\/wp-json\/wp\/v2\/media?parent=79695"}],"wp:term":[{"taxonomy":"product_brand","embeddable":true,"href":"https:\/\/sezona.lv\/en\/wp-json\/wp\/v2\/product_brand?post=79695"},{"taxonomy":"product_cat","embeddable":true,"href":"https:\/\/sezona.lv\/en\/wp-json\/wp\/v2\/product_cat?post=79695"},{"taxonomy":"product_tag","embeddable":true,"href":"https:\/\/sezona.lv\/en\/wp-json\/wp\/v2\/product_tag?post=79695"}],"curies":[{"name":"wp","href":"https:\/\/api.w.org\/{rel}","templated":true}]}}