{"id":79696,"date":"2025-07-14T15:44:27","date_gmt":"2025-07-14T12:44:27","guid":{"rendered":"https:\/\/demo8.ecube.lv\/sezona.lv\/products\/thermarest-paspiepusamais-paklajs-trail-scout-r\/"},"modified":"2025-07-14T15:44:27","modified_gmt":"2025-07-14T12:44:27","slug":"thermarest-paspiepusamais-paklajs-trail-scout-r","status":"publish","type":"product","link":"https:\/\/sezona.lv\/en\/products\/thermarest-paspiepusamais-paklajs-trail-scout-r\/","title":{"rendered":"Thermarest pa\u0161piep\u016b\u0161amais pakl\u0101js Trail Scout R"},"content":{"rendered":"<p>Pa&scaron;piep\u016bsamais pakl\u0101js ies\u0101c\u0113jiem &ndash; \u013coti pie\u0146emama cena, bet tai pa&scaron;\u0101 laik\u0101 Thermarest pakl\u0101ju komforts, siltums un kvalit\u0101te.<\/p>\n<p>&nbsp;<\/p>\n<p>R &ndash; V\u0113rt\u012bba: 3,4<\/p>\n<p>Svars &ndash; 630 g<\/p>\n<p>Platums &ndash; 51 cm<\/p>\n<p>Garums &ndash; 183 cm<\/p>\n<p>Biezums &ndash; 2,5 cm<\/p>\n<p>Izm\u0113rs sapakojot &ndash; 28 x 14 cm<\/p>\n","protected":false},"excerpt":{"rendered":"<p>Pa&scaron;piep\u016bsamais pakl\u0101js ies\u0101c\u0113jiem &ndash; \u013coti pie\u0146emama cena, bet tai pa&scaron;\u0101 laik\u0101 Thermarest pakl\u0101ju komforts, siltums un kvalit\u0101te. &nbsp; R &ndash; V\u0113rt\u012bba: 3,4 Svars &ndash; 630 g Platums &ndash; 51 cm Garums &ndash; 183 cm Biezums &ndash; 2,5 cm Izm\u0113rs sapakojot &ndash; 28 x 14 cm<\/p>\n","protected":false},"featured_media":0,"template":"","meta":[],"product_brand":[3434],"product_cat":[4558,4640,4663,4772],"product_tag":[],"class_list":{"0":"post-79696","1":"product","2":"type-product","3":"status-publish","5":"product_brand-therm-a-rest","6":"product_cat-for-tourism-recreation","7":"product_cat-recreation","8":"product_cat-mattresses-and-travel-mats-for-tourism-recreation","9":"product_cat-self-inflating-mattresses-mattresses-and-travel-mats-for-tourism-recreation","11":"first","12":"instock","13":"shipping-taxable","14":"purchasable","15":"product-type-simple"},"_links":{"self":[{"href":"https:\/\/sezona.lv\/en\/wp-json\/wp\/v2\/product\/79696","targetHints":{"allow":["GET"]}}],"collection":[{"href":"https:\/\/sezona.lv\/en\/wp-json\/wp\/v2\/product"}],"about":[{"href":"https:\/\/sezona.lv\/en\/wp-json\/wp\/v2\/types\/product"}],"wp:attachment":[{"href":"https:\/\/sezona.lv\/en\/wp-json\/wp\/v2\/media?parent=79696"}],"wp:term":[{"taxonomy":"product_brand","embeddable":true,"href":"https:\/\/sezona.lv\/en\/wp-json\/wp\/v2\/product_brand?post=79696"},{"taxonomy":"product_cat","embeddable":true,"href":"https:\/\/sezona.lv\/en\/wp-json\/wp\/v2\/product_cat?post=79696"},{"taxonomy":"product_tag","embeddable":true,"href":"https:\/\/sezona.lv\/en\/wp-json\/wp\/v2\/product_tag?post=79696"}],"curies":[{"name":"wp","href":"https:\/\/api.w.org\/{rel}","templated":true}]}}