{"id":79698,"date":"2025-07-14T15:44:29","date_gmt":"2025-07-14T12:44:29","guid":{"rendered":"https:\/\/demo8.ecube.lv\/sezona.lv\/products\/thermarest-paspiepusamais-matracis-mondoking-l\/"},"modified":"2025-07-14T15:44:29","modified_gmt":"2025-07-14T12:44:29","slug":"thermarest-paspiepusamais-matracis-mondoking-l","status":"publish","type":"product","link":"https:\/\/sezona.lv\/en\/products\/thermarest-paspiepusamais-matracis-mondoking-l\/","title":{"rendered":"Thermarest pa\u0161piep\u016b\u0161amais matracis MondoKing L"},"content":{"rendered":"<p>&Scaron;im matracim ir \u0101dai pat\u012bkams materi\u0101ls aug&scaron;pus\u0113 un iztur\u012bgs  materi\u0101ls apak&scaron;pus\u0113, kas \u013cauj jums gul\u0113t, kur vien v\u0113laties. \u012apa&scaron;\u0101s  putas matra\u010da iek&scaron;pus\u0113 garant\u0113s vislab\u0101ko miegu, jo t\u0101s piek\u013causies  jebkurai \u0137erme\u0146a formai un b\u016bs \u0101rk\u0101rt\u012bgi silts.<\/p>\n<p>&nbsp;<\/p>\n<p>R-v\u0113rt\u012bba (izol\u0101cija) &ndash; 11,4<\/p>\n<p>Iepakojuma izm\u0113rs: 63&times;196 cm.<\/p>\n<p>Biezums: 10mm<\/p>\n<p>Svars: 2430 g<\/p>\n","protected":false},"excerpt":{"rendered":"<p>&Scaron;im matracim ir \u0101dai pat\u012bkams materi\u0101ls aug&scaron;pus\u0113 un iztur\u012bgs materi\u0101ls apak&scaron;pus\u0113, kas \u013cauj jums gul\u0113t, kur vien v\u0113laties. \u012apa&scaron;\u0101s putas matra\u010da iek&scaron;pus\u0113 garant\u0113s vislab\u0101ko miegu, jo t\u0101s piek\u013causies jebkurai \u0137erme\u0146a formai un b\u016bs \u0101rk\u0101rt\u012bgi silts. &nbsp; R-v\u0113rt\u012bba (izol\u0101cija) &ndash; 11,4 Iepakojuma izm\u0113rs: 63&times;196 cm. Biezums: 10mm Svars: 2430 g<\/p>\n","protected":false},"featured_media":0,"template":"","meta":[],"product_brand":[3434],"product_cat":[4558,4640,4663,4772],"product_tag":[],"class_list":{"0":"post-79698","1":"product","2":"type-product","3":"status-publish","5":"product_brand-therm-a-rest","6":"product_cat-for-tourism-recreation","7":"product_cat-recreation","8":"product_cat-mattresses-and-travel-mats-for-tourism-recreation","9":"product_cat-self-inflating-mattresses-mattresses-and-travel-mats-for-tourism-recreation","11":"first","12":"instock","13":"shipping-taxable","14":"purchasable","15":"product-type-simple"},"_links":{"self":[{"href":"https:\/\/sezona.lv\/en\/wp-json\/wp\/v2\/product\/79698","targetHints":{"allow":["GET"]}}],"collection":[{"href":"https:\/\/sezona.lv\/en\/wp-json\/wp\/v2\/product"}],"about":[{"href":"https:\/\/sezona.lv\/en\/wp-json\/wp\/v2\/types\/product"}],"wp:attachment":[{"href":"https:\/\/sezona.lv\/en\/wp-json\/wp\/v2\/media?parent=79698"}],"wp:term":[{"taxonomy":"product_brand","embeddable":true,"href":"https:\/\/sezona.lv\/en\/wp-json\/wp\/v2\/product_brand?post=79698"},{"taxonomy":"product_cat","embeddable":true,"href":"https:\/\/sezona.lv\/en\/wp-json\/wp\/v2\/product_cat?post=79698"},{"taxonomy":"product_tag","embeddable":true,"href":"https:\/\/sezona.lv\/en\/wp-json\/wp\/v2\/product_tag?post=79698"}],"curies":[{"name":"wp","href":"https:\/\/api.w.org\/{rel}","templated":true}]}}