{"id":79699,"date":"2025-07-11T17:11:10","date_gmt":"2025-07-11T14:11:10","guid":{"rendered":"https:\/\/demo8.ecube.lv\/sezona.lv\/products\/thermarest-paspiepusamais-matracis-luxurymap-r\/"},"modified":"2025-07-14T15:44:30","modified_gmt":"2025-07-14T12:44:30","slug":"thermarest-paspiepusamais-matracis-luxurymap-r","status":"publish","type":"product","link":"https:\/\/sezona.lv\/en\/products\/thermarest-paspiepusamais-matracis-luxurymap-r\/","title":{"rendered":"Thermarest pa\u0161piep\u016b\u0161amais matracis LuxuryMap R"},"content":{"rendered":"<p><p>R-v\u0113rt\u012bba (izol\u0101cija) &ndash; 6,8<\/p>\n<p>&Scaron;is matracis ir uzlabot\u0101 versija iepriek&scaron; razotajam modellim, bet ar  uzlabotu-viegl\u0101ku un \u0101dai pat\u012bkam\u0101ku materi\u0101lu. Pat\u012bkama un \u0113rta  gul\u0113&scaron;ana; apak&scaron;k\u0101rta veidota no nesl\u012bdo&scaron;a materi\u0101la. Iepakojuma izm\u0113rs:  R-53x16cm, L-66x16cm.<\/p>\n<p>Regular<\/p>\n<p>Svars 1480g<\/p>\n<p>Biezums 7,6cm<\/p><\/p>\n","protected":false},"excerpt":{"rendered":"<p>R-v\u0113rt\u012bba (izol\u0101cija) &ndash; 6,8 &Scaron;is matracis ir uzlabot\u0101 versija iepriek&scaron; razotajam modellim, bet ar uzlabotu-viegl\u0101ku un \u0101dai pat\u012bkam\u0101ku materi\u0101lu. Pat\u012bkama un \u0113rta gul\u0113&scaron;ana; apak&scaron;k\u0101rta veidota no nesl\u012bdo&scaron;a materi\u0101la. Iepakojuma izm\u0113rs: R-53x16cm, L-66x16cm. Regular Svars 1480g Biezums 7,6cm<\/p>\n","protected":false},"featured_media":73879,"template":"","meta":[],"product_brand":[3434],"product_cat":[4558,4663,4772],"product_tag":[],"class_list":{"0":"post-79699","1":"product","2":"type-product","3":"status-publish","4":"has-post-thumbnail","6":"product_brand-therm-a-rest","7":"product_cat-for-tourism-recreation","8":"product_cat-mattresses-and-travel-mats-for-tourism-recreation","9":"product_cat-self-inflating-mattresses-mattresses-and-travel-mats-for-tourism-recreation","11":"first","12":"instock","13":"shipping-taxable","14":"purchasable","15":"product-type-simple"},"_links":{"self":[{"href":"https:\/\/sezona.lv\/en\/wp-json\/wp\/v2\/product\/79699","targetHints":{"allow":["GET"]}}],"collection":[{"href":"https:\/\/sezona.lv\/en\/wp-json\/wp\/v2\/product"}],"about":[{"href":"https:\/\/sezona.lv\/en\/wp-json\/wp\/v2\/types\/product"}],"wp:featuredmedia":[{"embeddable":true,"href":"https:\/\/sezona.lv\/en\/wp-json\/wp\/v2\/media\/73879"}],"wp:attachment":[{"href":"https:\/\/sezona.lv\/en\/wp-json\/wp\/v2\/media?parent=79699"}],"wp:term":[{"taxonomy":"product_brand","embeddable":true,"href":"https:\/\/sezona.lv\/en\/wp-json\/wp\/v2\/product_brand?post=79699"},{"taxonomy":"product_cat","embeddable":true,"href":"https:\/\/sezona.lv\/en\/wp-json\/wp\/v2\/product_cat?post=79699"},{"taxonomy":"product_tag","embeddable":true,"href":"https:\/\/sezona.lv\/en\/wp-json\/wp\/v2\/product_tag?post=79699"}],"curies":[{"name":"wp","href":"https:\/\/api.w.org\/{rel}","templated":true}]}}