{"id":79701,"date":"2025-07-14T15:44:33","date_gmt":"2025-07-14T12:44:33","guid":{"rendered":"https:\/\/demo8.ecube.lv\/sezona.lv\/products\/thermarest-putu-paklajins-ridgerest-classic-l\/"},"modified":"2025-07-14T15:44:33","modified_gmt":"2025-07-14T12:44:33","slug":"thermarest-putu-paklajins-ridgerest-classic-l","status":"publish","type":"product","link":"https:\/\/sezona.lv\/en\/products\/thermarest-putu-paklajins-ridgerest-classic-l\/","title":{"rendered":"Thermarest putu pakl\u0101ji\u0146\u0161 RidgeRest Classic L"},"content":{"rendered":"<div class=\"rte\">\n<p>Vienk\u0101r&scaron;\u0101kais Thermarest putu pakl\u0101ji\u0146&scaron; p\u0101rg\u0101jieniem. Iztur\u012bgais putu  materi\u0101ls nodro&scaron;in\u0101s &scaron;im pakl\u0101ji\u0146am ilgu m\u016b\u017eu &ndash; vi\u013c\u0146veida materi\u0101ls  optim\u0101lu komfortu gul\u0113&scaron;anai.<\/p>\n<p>&nbsp;<\/p>\n<p><em>R &ndash; V\u0113rt\u012bba: 2,6<\/em><\/p>\n<p><em>Svars &ndash; 540 g<\/em><\/p>\n<p><em>Platums &ndash; 63 cm<\/em><\/p>\n<p><em>Garums &ndash; 196cm<\/em><\/p>\n<p><em>Biezums &ndash; 1,5 cm<\/em><\/p>\n<p><em>Izm\u0113rs sapakojot &ndash; 64 x 22 cm<\/em><\/p>\n<\/div>\n","protected":false},"excerpt":{"rendered":"<p>Vienk\u0101r&scaron;\u0101kais Thermarest putu pakl\u0101ji\u0146&scaron; p\u0101rg\u0101jieniem. Iztur\u012bgais putu materi\u0101ls nodro&scaron;in\u0101s &scaron;im pakl\u0101ji\u0146am ilgu m\u016b\u017eu &ndash; vi\u013c\u0146veida materi\u0101ls optim\u0101lu komfortu gul\u0113&scaron;anai. &nbsp; R &ndash; V\u0113rt\u012bba: 2,6 Svars &ndash; 540 g Platums &ndash; 63 cm Garums &ndash; 196cm Biezums &ndash; 1,5 cm Izm\u0113rs sapakojot &ndash; 64 x 22 cm<\/p>\n","protected":false},"featured_media":0,"template":"","meta":[],"product_brand":[3434],"product_cat":[4558,4640,4663,4773],"product_tag":[],"class_list":{"0":"post-79701","1":"product","2":"type-product","3":"status-publish","5":"product_brand-therm-a-rest","6":"product_cat-for-tourism-recreation","7":"product_cat-recreation","8":"product_cat-mattresses-and-travel-mats-for-tourism-recreation","9":"product_cat-travel-mats-mattresses-and-travel-mats-for-tourism-recreation","11":"first","12":"instock","13":"shipping-taxable","14":"purchasable","15":"product-type-simple"},"_links":{"self":[{"href":"https:\/\/sezona.lv\/en\/wp-json\/wp\/v2\/product\/79701","targetHints":{"allow":["GET"]}}],"collection":[{"href":"https:\/\/sezona.lv\/en\/wp-json\/wp\/v2\/product"}],"about":[{"href":"https:\/\/sezona.lv\/en\/wp-json\/wp\/v2\/types\/product"}],"wp:attachment":[{"href":"https:\/\/sezona.lv\/en\/wp-json\/wp\/v2\/media?parent=79701"}],"wp:term":[{"taxonomy":"product_brand","embeddable":true,"href":"https:\/\/sezona.lv\/en\/wp-json\/wp\/v2\/product_brand?post=79701"},{"taxonomy":"product_cat","embeddable":true,"href":"https:\/\/sezona.lv\/en\/wp-json\/wp\/v2\/product_cat?post=79701"},{"taxonomy":"product_tag","embeddable":true,"href":"https:\/\/sezona.lv\/en\/wp-json\/wp\/v2\/product_tag?post=79701"}],"curies":[{"name":"wp","href":"https:\/\/api.w.org\/{rel}","templated":true}]}}